{"id":207,"date":"2024-11-21T19:08:24","date_gmt":"2024-11-21T18:08:24","guid":{"rendered":"https:\/\/beautyzoom.vizu.pl\/?page_id=207"},"modified":"2025-01-17T12:48:38","modified_gmt":"2025-01-17T11:48:38","slug":"dofinansowania","status":"publish","type":"page","link":"https:\/\/akademiabeautyzoom.pl\/en\/subsidies\/","title":{"rendered":"Funding"},"content":{"rendered":"<div class=\"brz-root__container brz-reset-all brz brz-root__container-page\">\n<section id=\"_huEzVDlNWm2b\" class=\"brz-section brz-css-7zo9ac\">\n<div class=\"brz-section__content brz-section--boxed brz-css-1m59v0b brz-css-1fh2q7n\" data-brz-custom-id=\"fMRgCqZRH2Jg\">\n<div class=\"brz-container brz-css-3mben8 brz-css-1qg86ta\">\n<div class=\"brz-row__container brz-css-1btkn71\" data-brz-custom-id=\"uOp2vDLKhCf1\">\n<div class=\"brz-bg\"><\/div>\n<div class=\"brz-row brz-css-joqz4x brz-css-ddaed1\">\n<div class=\"brz-columns brz-css-1xixfy6 brz-css-rs3ln\" data-brz-custom-id=\"r1uaV7ONMw3y\">\n<div class=\"brz-bg\"><\/div>\n<div class=\"brz-column__items brz-css-zc2gbv brz-css-cjbgyq\">\n<div id=\"\" class=\"brz-css-14v2fs4 brz-wrapper\">\n<div class=\"brz-rich-text brz-rich-text__custom brz-css-1885n9f\" data-brz-custom-id=\"icB9zKF3WFI8\">\n<div data-brz-translate-text=\"1\">\n<h2 class=\"brz-tp-lg-heading2 brz-css-dVeD2\" data-generated-css=\"brz-css-qOQVn\" data-uniq-id=\"lQwMA\"><span style=\"color: rgba(var(--brz-global-color1),1);\" class=\"brz-cp-color1\">National training fund<\/span><\/h2>\n<\/div>\n<\/div>\n<\/div>\n<div id=\"\" class=\"brz-css-14v2fs4 brz-css-1in752b brz-css-q876vd brz-wrapper\">\n<div class=\"brz-spacer brz-css-f2mnf5 brz-css-bc77ql\"><\/div>\n<\/div>\n<div id=\"\" class=\"brz-css-14v2fs4 brz-wrapper\">\n<div class=\"brz-rich-text brz-rich-text__custom brz-css-1885n9f\" data-brz-custom-id=\"mXVhAyQyNZm1\">\n<div data-brz-translate-text=\"1\">\n<p class=\"brz-tp-lg-paragraph brz-css-tQhat\" data-uniq-id=\"xYIKQ\" data-generated-css=\"brz-css-fsTVF\"><span style=\"color: rgba(var(--brz-global-color7),1);\" class=\"brz-cp-color7\">Key information on possible forms of funding from the National Training Fund:<\/span><\/p>\n<\/div>\n<\/div>\n<\/div>\n<\/div>\n<\/div>\n<div class=\"brz-columns brz-css-1xixfy6 brz-css-1yi0azz\" data-brz-custom-id=\"jBQU5VnhjCfq\">\n<div class=\"brz-column__items brz-css-zc2gbv brz-css-izjuzs\">\n<div id=\"\" class=\"brz-css-14v2fs4 brz-wrapper\">\n<div class=\"brz-icon-text brz-css-1hwcr9g\" data-brz-custom-id=\"upyhBQyZ8DE6\">\n<div class=\"brz-icon__container\" data-brz-custom-id=\"u6OW7u9R2PuQ\"><span class=\"brz-icon brz-span brz-css-7sth1j brz-css-1daljdc\"><svg class=\"brz-icon-svg align-[initial]\"><use href=\"\/wp-content\/plugins\/brizy\/public\/editor-build\/prod\/editor\/icons\/glyph\/check-circle-08.svg#nc_icon\"><\/use><\/svg><\/span><\/div>\n<div class=\"brz-text-btn\">\n<div class=\"brz-rich-text brz-rich-text__custom brz-css-1885n9f\" data-brz-custom-id=\"kpinX4F7vhz8\">\n<div data-brz-translate-text=\"1\">\n<p class=\"brz-tp-lg-paragraph brz-css-cI2C4\" data-generated-css=\"brz-css-lZ0z3\" data-uniq-id=\"oQYQ0\"><span class=\"brz-cp-color7\" style=\"color: rgba(var(--brz-global-color7),1);\">100% funding when the employer has up to 9 employees.<\/span><\/p>\n<\/div>\n<\/div>\n<\/div>\n<\/div>\n<\/div>\n<div id=\"\" class=\"brz-css-14v2fs4 brz-wrapper\">\n<div class=\"brz-icon-text brz-css-1hwcr9g\" data-brz-custom-id=\"oY2LzHjTS5W2\">\n<div class=\"brz-icon__container\" data-brz-custom-id=\"pVixP2p0fCFb\"><span class=\"brz-icon brz-span brz-css-7sth1j brz-css-u60fm2\"><svg class=\"brz-icon-svg align-[initial]\"><use href=\"\/wp-content\/plugins\/brizy\/public\/editor-build\/prod\/editor\/icons\/glyph\/check-circle-08.svg#nc_icon\"><\/use><\/svg><\/span><\/div>\n<div class=\"brz-text-btn\">\n<div class=\"brz-rich-text brz-rich-text__custom brz-css-1885n9f\" data-brz-custom-id=\"nO4l0nSeDWxQ\">\n<div data-brz-translate-text=\"1\">\n<p class=\"brz-tp-lg-paragraph brz-css-qY6md\" data-generated-css=\"brz-css-riZ3G\" data-uniq-id=\"tTtn_\"><span style=\"color: rgba(var(--brz-global-color7),1);\" class=\"brz-cp-color7\">80% funding when employment is higher than 10 employees.<\/span><\/p>\n<\/div>\n<\/div>\n<\/div>\n<\/div>\n<\/div>\n<div id=\"\" class=\"brz-css-14v2fs4 brz-wrapper\">\n<div class=\"brz-icon-text brz-css-1hwcr9g\" data-brz-custom-id=\"uxbZFfRpJTcl\">\n<div class=\"brz-icon__container\" data-brz-custom-id=\"lrUhKG1h2kCE\"><span class=\"brz-icon brz-span brz-css-7sth1j brz-css-np2oeg\"><svg class=\"brz-icon-svg align-[initial]\"><use href=\"\/wp-content\/plugins\/brizy\/public\/editor-build\/prod\/editor\/icons\/glyph\/check-circle-08.svg#nc_icon\"><\/use><\/svg><\/span><\/div>\n<div class=\"brz-text-btn\">\n<div class=\"brz-rich-text brz-rich-text__custom brz-css-1885n9f\" data-brz-custom-id=\"vx_3YfCGLJ5c\">\n<div data-brz-translate-text=\"1\">\n<p class=\"brz-tp-lg-paragraph brz-css-xog3A\" data-uniq-id=\"yQVSI\" data-generated-css=\"brz-css-hH58_\"><span style=\"color: rgba(var(--brz-global-color7),1);\" class=\"brz-cp-color7\">Over \u00a311,000 to be used per person per year.<\/span><\/p>\n<\/div>\n<\/div>\n<\/div>\n<\/div>\n<\/div>\n<\/div>\n<\/div>\n<\/div>\n<\/div>\n<\/div>\n<\/div>\n<\/section>\n<section id=\"_avp2iXpA8ZPV\" class=\"brz-section brz-css-7zo9ac\">\n<div class=\"brz-section__content brz-section--boxed brz-css-1m59v0b brz-css-1nro1uz\" data-brz-custom-id=\"cPeIrA4YkXp9\">\n<div class=\"brz-bg\">\n<div class=\"brz-bg-color\"><\/div>\n<div class=\"brz-bg-shape brz-bg-shape__top\"><\/div>\n<\/div>\n<div class=\"brz-container brz-css-3mben8\">\n<div id=\"\" class=\"brz-css-14v2fs4 brz-css-1pds91 brz-wrapper\">\n<div class=\"brz-rich-text brz-rich-text__custom brz-css-1885n9f\" data-brz-custom-id=\"oKDYB2ge7WXO\">\n<div data-brz-translate-text=\"1\">\n<p class=\"brz-tp-lg-abovetitle brz-fsft-lg-0 brz-fwdth-lg-100 brz-vfw-lg-400 brz-lh-lg-1_5 brz-ls-lg-1_1 brz-fw-lg-600 brz-fss-lg-px brz-fs-lg-13 brz-ft-google brz-ff-red_hat_text brz-text-lg-center brz-css-zhf5J\" data-uniq-id=\"sKz5P\" data-generated-css=\"brz-css-s7t3O\"><span class=\"brz-cp-color3 brz-uppercase-true\" style=\"color: rgba(var(--brz-global-color3),1);\">Our mission<\/span><\/p>\n<\/div>\n<\/div>\n<\/div>\n<div id=\"\" class=\"brz-css-14v2fs4 brz-css-12kudlk brz-wrapper\">\n<div class=\"brz-rich-text brz-rich-text__custom brz-css-1885n9f\" data-brz-custom-id=\"nmJe3wRCnwJz\">\n<div data-brz-translate-text=\"1\">\n<h2 class=\"brz-tp-lg-heading2 brz-text-lg-center brz-css-eMtLj\" data-generated-css=\"brz-css-mZUu1\" data-uniq-id=\"zWnkj\"><span class=\"brz-cp-color1\" style=\"color: rgba(var(--brz-global-color1),1);\">How to obtain funding<\/span><\/h2>\n<\/div>\n<\/div>\n<\/div>\n<div id=\"\" class=\"brz-css-14v2fs4 brz-css-1in752b brz-css-cyylam brz-wrapper\">\n<div class=\"brz-spacer brz-css-f2mnf5\"><\/div>\n<\/div>\n<div class=\"brz-row__container brz-css-1btkn71\" data-brz-custom-id=\"qrMv_MOlEMzV\">\n<div class=\"brz-bg\"><\/div>\n<div class=\"brz-row brz-css-joqz4x brz-css-ddaed1\">\n<div class=\"brz-columns brz-css-1xixfy6 brz-css-66191m\" data-brz-custom-id=\"nzoBtJ7crzdX\">\n<div class=\"brz-bg\"><\/div>\n<div class=\"brz-column__items brz-css-zc2gbv brz-css-1hx82nx\">\n<div class=\"brz-row__container brz-css-1btkn71\" data-brz-custom-id=\"eE4JeL4Uu0aG\">\n<div class=\"brz-bg\"><\/div>\n<div class=\"brz-row brz-row--inner brz-css-joqz4x brz-css-ddaed1\">\n<div class=\"brz-columns brz-css-1xixfy6 brz-css-1hmk6fc\" data-brz-custom-id=\"xw7GJWiZzoX5\">\n<div class=\"brz-bg\">\n<div class=\"brz-bg-color\"><\/div>\n<\/div>\n<div class=\"brz-column__items brz-css-zc2gbv brz-css-x9213i\">\n<div id=\"\" class=\"brz-css-14v2fs4 brz-css-1in752b brz-css-1xru2ee brz-wrapper\">\n<div class=\"brz-spacer brz-css-f2mnf5 brz-css-1bdbb3m\"><\/div>\n<\/div>\n<div id=\"\" class=\"brz-css-14v2fs4 brz-css-yubli4 brz-wrapper\">\n<div class=\"brz-rich-text brz-rich-text__custom brz-css-1885n9f\" data-brz-custom-id=\"lMaM6ZTdoge1\">\n<div data-brz-translate-text=\"1\">\n<h3 class=\"brz-fsft-lg-0 brz-fwdth-lg-100 brz-vfw-lg-400 brz-lh-lg-1 brz-ls-lg-m_0_5 brz-fw-lg-400 brz-fss-lg-px brz-fs-lg-38 brz-ft-google brz-ff-playfair_display brz-tp-lg-heading3 brz-css-cxj9A\" data-uniq-id=\"rcfCd\" data-generated-css=\"brz-css-yczpO\"><span class=\"brz-cp-color1 brz-span\" style=\"color: rgba(var(--brz-global-color1),1);\">Step 1.<\/span><\/h3>\n<\/div>\n<\/div>\n<\/div>\n<div id=\"\" class=\"brz-css-14v2fs4 brz-wrapper\">\n<div class=\"brz-rich-text brz-rich-text__custom brz-css-1885n9f\" data-brz-custom-id=\"v4VJjHPmvLdT\">\n<div data-brz-translate-text=\"1\">\n<p data-generated-css=\"brz-css-qVn14\" data-uniq-id=\"dV7t2\" class=\"brz-tp-lg-paragraph brz-css-y1uGr\"><span class=\"brz-cp-color7\">Your Job Centre has a Training Department or a Vocational Counsellor refer you to them and discuss what rules apply at your Job Centre.<\/span><\/p>\n<\/div>\n<\/div>\n<\/div>\n<\/div>\n<\/div>\n<\/div>\n<\/div>\n<div class=\"brz-row__container brz-css-1btkn71\" data-brz-custom-id=\"vgmNIGFYhgdG\">\n<div class=\"brz-bg\"><\/div>\n<div class=\"brz-row brz-row--inner brz-css-joqz4x brz-css-ddaed1\">\n<div class=\"brz-columns brz-css-1xixfy6 brz-css-1h04a19\" data-brz-custom-id=\"vWN9Qh8vVRrq\">\n<div class=\"brz-bg\">\n<div class=\"brz-bg-color\"><\/div>\n<\/div>\n<div class=\"brz-column__items brz-css-zc2gbv brz-css-1h5plpg\">\n<div id=\"\" class=\"brz-css-14v2fs4 brz-css-1in752b brz-css-cqe0kx brz-wrapper\">\n<div class=\"brz-spacer brz-css-f2mnf5 brz-css-16eoy46\"><\/div>\n<\/div>\n<div id=\"\" class=\"brz-css-14v2fs4 brz-css-1ni814u brz-wrapper\">\n<div class=\"brz-rich-text brz-rich-text__custom brz-css-1885n9f\" data-brz-custom-id=\"vjWggu55fY1q\">\n<div data-brz-translate-text=\"1\">\n<h3 class=\"brz-ff-playfair_display brz-ft-google brz-fs-lg-38 brz-fss-lg-px brz-fw-lg-400 brz-ls-lg-m_0_5 brz-lh-lg-1 brz-vfw-lg-400 brz-fwdth-lg-100 brz-fsft-lg-0 brz-tp-lg-heading3 brz-css-dYEJ3\" data-generated-css=\"brz-css-yDz7i\" data-uniq-id=\"jvT5H\"><span class=\"brz-cp-color1 brz-span\" style=\"color: rgba(var(--brz-global-color1),1);\">Step 2.<\/span><\/h3>\n<\/div>\n<\/div>\n<\/div>\n<div id=\"\" class=\"brz-css-14v2fs4 brz-wrapper\">\n<div class=\"brz-rich-text brz-rich-text__custom brz-css-1885n9f\" data-brz-custom-id=\"pAMy_S3twXsi\">\n<div data-brz-translate-text=\"1\">\n<p class=\"brz-tp-lg-paragraph brz-css-qCkRU\" data-generated-css=\"brz-css-wmVma\" data-uniq-id=\"e6nBl\"><span class=\"brz-cp-color7\">Provide the training person at your Job Centre with the details of our registered office: Beauty Zoom Academy, NIP 7011047285, REGON 389612859 , +tel 662 664 933 and our Register of Training Institutions (RIS) number 2.14\/00327\/2021 and that you want to use our beauty training company.<\/span><\/p>\n<\/div>\n<\/div>\n<\/div>\n<\/div>\n<\/div>\n<\/div>\n<\/div>\n<div class=\"brz-row__container brz-css-1btkn71\" data-brz-custom-id=\"gh7hKEBev7xs\">\n<div class=\"brz-bg\"><\/div>\n<div class=\"brz-row brz-row--inner brz-css-joqz4x brz-css-ddaed1\">\n<div class=\"brz-columns brz-css-1xixfy6 brz-css-1eekkst\" data-brz-custom-id=\"uceMl01H3hQN\">\n<div class=\"brz-bg\">\n<div class=\"brz-bg-color\"><\/div>\n<\/div>\n<div class=\"brz-column__items brz-css-zc2gbv brz-css-1dxxuxl\">\n<div id=\"\" class=\"brz-css-14v2fs4 brz-css-1in752b brz-css-1pr9jer brz-wrapper\">\n<div class=\"brz-spacer brz-css-f2mnf5 brz-css-1by71e5\"><\/div>\n<\/div>\n<div id=\"\" class=\"brz-css-14v2fs4 brz-css-yvfk6b brz-wrapper\">\n<div class=\"brz-rich-text brz-rich-text__custom brz-css-1885n9f\" data-brz-custom-id=\"whVFNxb0Fpfl\">\n<div data-brz-translate-text=\"1\">\n<h3 class=\"brz-fsft-lg-0 brz-fwdth-lg-100 brz-vfw-lg-400 brz-lh-lg-1 brz-ls-lg-m_0_5 brz-fw-lg-400 brz-fss-lg-px brz-fs-lg-38 brz-ft-google brz-ff-playfair_display brz-tp-lg-heading3 brz-css-fUS0c\" data-uniq-id=\"ovE7Z\" data-generated-css=\"brz-css-rm0Px\"><span class=\"brz-cp-color1 brz-span\" style=\"color: rgba(var(--brz-global-color1),1);\">Step 3.<\/span><\/h3>\n<\/div>\n<\/div>\n<\/div>\n<div id=\"\" class=\"brz-css-14v2fs4 brz-wrapper\">\n<div class=\"brz-rich-text brz-rich-text__custom brz-css-1885n9f\" data-brz-custom-id=\"qq2aibGn6PHs\">\n<div data-brz-translate-text=\"1\">\n<p class=\"brz-tp-lg-paragraph brz-css-h8AX6\" data-uniq-id=\"jqQKd\" data-generated-css=\"brz-css-mStKf\"><span class=\"brz-cp-color7\">Submit the package of documents (such as the application form, which can be downloaded from the Job Centre website) to your Job Centre. The Job Centre will subsidise any training courses or a package of selected training courses. Depending on the voivodship, the Job Centre finances training courses of up to PLN 6,000 or PLN 12,000 on average. Those wishing to take part in a course or training course select the courses and training courses they are interested in by joining a group of their choice in accordance with the schedule. Once they have been approved by the relevant employment office and completed the formalities, participation in the course is free of charge and funded by the office.<\/span><\/p>\n<\/div>\n<\/div>\n<\/div>\n<\/div>\n<\/div>\n<\/div>\n<\/div>\n<div id=\"\" class=\"brz-css-14v2fs4 brz-css-1in752b brz-wrapper\">\n<div class=\"brz-spacer brz-css-f2mnf5\"><\/div>\n<\/div>\n<div class=\"brz-wrapper-clone brz-css-1y2i4k8\">\n<div class=\"brz-d-xs-flex brz-flex-xs-wrap brz-css-14ef8m3\" data-brz-custom-id=\"\">\n<div class=\"brz-wrapper-clone__item\" id=\"g6WpiTwe6b5n\"><a class=\"brz-a brz-btn brz-css-zddj6z brz-css-mazieu brz-css-16gu8p brz-css-9f8b9z\" href=\"\" target=\"_self\" rel=\"noopener\" data-brz-link-type=\"page\" data-brz-custom-id=\"g6WpiTwe6b5n\"><span data-brz-translate-text=\"1\" class=\"brz-span brz-text__editor\">See training<\/span><\/a><\/div>\n<\/div>\n<\/div>\n<\/div>\n<\/div>\n<\/div>\n<\/div>\n<\/div>\n<\/div>\n<\/section>\n<\/div>\n<p>    <!-- version:1737110177 --><\/p>","protected":false},"excerpt":{"rendered":"<p>National Training Fund Highlights of possible forms of funding from the National Training Fund: 100% funding when the employer has up to 9 employees. 80% of funding when there are more than 10 employees. Over \u00a311,000 to be used per person per year. Our mission How to get funding Step 1. In your Employment Office there is [...]<\/p>","protected":false},"author":1,"featured_media":0,"parent":0,"menu_order":0,"comment_status":"closed","ping_status":"closed","template":"","meta":{"_acf_changed":false,"footnotes":""},"kategoria-szkolen":[],"class_list":["post-207","page","type-page","status-publish","hentry"],"blocksy_meta":[],"acf":[],"yoast_head":"<!-- This site is optimized with the Yoast SEO plugin v24.4 - https:\/\/yoast.com\/wordpress\/plugins\/seo\/ -->\n<title>Dofinansowanie do szkole\u0144 | Akademia Beauty Zoom<\/title>\n<meta name=\"description\" content=\"Dofinansowania | Szkolenia pod okiem profesjonalist\u00f3w z wieloletnim do\u015bwiadczeniem w bran\u017cy beauty zdobytym w Polsce oraz za granic\u0105.\" \/>\n<meta name=\"robots\" content=\"index, follow, max-snippet:-1, max-image-preview:large, max-video-preview:-1\" \/>\n<link rel=\"canonical\" href=\"https:\/\/akademiabeautyzoom.pl\/en\/subsidies\/\" \/>\n<meta property=\"og:locale\" content=\"en_GB\" \/>\n<meta property=\"og:type\" content=\"article\" \/>\n<meta property=\"og:title\" content=\"Dofinansowanie do szkole\u0144 | Akademia Beauty Zoom\" \/>\n<meta property=\"og:description\" content=\"Dofinansowania | Szkolenia pod okiem profesjonalist\u00f3w z wieloletnim do\u015bwiadczeniem w bran\u017cy beauty zdobytym w Polsce oraz za granic\u0105.\" \/>\n<meta property=\"og:url\" content=\"https:\/\/akademiabeautyzoom.pl\/en\/subsidies\/\" \/>\n<meta property=\"og:site_name\" content=\"Akademia Beauty Zoom\" \/>\n<meta property=\"article:publisher\" content=\"https:\/\/www.facebook.com\/akademiabeautyzoom\" \/>\n<meta property=\"article:modified_time\" content=\"2025-01-17T11:48:38+00:00\" \/>\n<meta property=\"og:image\" content=\"https:\/\/akademiabeautyzoom.pl\/wp-content\/uploads\/2025\/02\/domyslny-ogimage.png\" \/>\n\t<meta property=\"og:image:width\" content=\"1200\" \/>\n\t<meta property=\"og:image:height\" content=\"675\" \/>\n\t<meta property=\"og:image:type\" content=\"image\/png\" \/>\n<meta name=\"twitter:card\" content=\"summary_large_image\" \/>\n<meta name=\"twitter:label1\" content=\"Estimated reading time\" \/>\n\t<meta name=\"twitter:data1\" content=\"2 minutes\" \/>\n<script type=\"application\/ld+json\" class=\"yoast-schema-graph\">{\"@context\":\"https:\/\/schema.org\",\"@graph\":[{\"@type\":\"WebPage\",\"@id\":\"https:\/\/akademiabeautyzoom.pl\/dofinansowania\/\",\"url\":\"https:\/\/akademiabeautyzoom.pl\/dofinansowania\/\",\"name\":\"Dofinansowanie do szkole\u0144 | Akademia Beauty Zoom\",\"isPartOf\":{\"@id\":\"https:\/\/akademiabeautyzoom.pl\/#website\"},\"datePublished\":\"2024-11-21T18:08:24+00:00\",\"dateModified\":\"2025-01-17T11:48:38+00:00\",\"description\":\"Dofinansowania | Szkolenia pod okiem profesjonalist\u00f3w z wieloletnim do\u015bwiadczeniem w bran\u017cy beauty zdobytym w Polsce oraz za granic\u0105.\",\"breadcrumb\":{\"@id\":\"https:\/\/akademiabeautyzoom.pl\/dofinansowania\/#breadcrumb\"},\"inLanguage\":\"en-GB\",\"potentialAction\":[{\"@type\":\"ReadAction\",\"target\":[\"https:\/\/akademiabeautyzoom.pl\/dofinansowania\/\"]}]},{\"@type\":\"BreadcrumbList\",\"@id\":\"https:\/\/akademiabeautyzoom.pl\/dofinansowania\/#breadcrumb\",\"itemListElement\":[{\"@type\":\"ListItem\",\"position\":1,\"name\":\"Strona g\u0142\u00f3wna\",\"item\":\"https:\/\/akademiabeautyzoom.pl\/\"},{\"@type\":\"ListItem\",\"position\":2,\"name\":\"Dofinansowania\"}]},{\"@type\":\"WebSite\",\"@id\":\"https:\/\/akademiabeautyzoom.pl\/#website\",\"url\":\"https:\/\/akademiabeautyzoom.pl\/\",\"name\":\"Akademia Beauty Zoom\",\"description\":\"\",\"publisher\":{\"@id\":\"https:\/\/akademiabeautyzoom.pl\/#organization\"},\"potentialAction\":[{\"@type\":\"SearchAction\",\"target\":{\"@type\":\"EntryPoint\",\"urlTemplate\":\"https:\/\/akademiabeautyzoom.pl\/?s={search_term_string}\"},\"query-input\":{\"@type\":\"PropertyValueSpecification\",\"valueRequired\":true,\"valueName\":\"search_term_string\"}}],\"inLanguage\":\"en-GB\"},{\"@type\":\"Organization\",\"@id\":\"https:\/\/akademiabeautyzoom.pl\/#organization\",\"name\":\"Akademia Beauty Zoom\",\"url\":\"https:\/\/akademiabeautyzoom.pl\/\",\"logo\":{\"@type\":\"ImageObject\",\"inLanguage\":\"en-GB\",\"@id\":\"https:\/\/akademiabeautyzoom.pl\/#\/schema\/logo\/image\/\",\"url\":\"https:\/\/akademiabeautyzoom.pl\/wp-content\/uploads\/2025\/01\/Kopia-Akademia-3-e1737558650801.png\",\"contentUrl\":\"https:\/\/akademiabeautyzoom.pl\/wp-content\/uploads\/2025\/01\/Kopia-Akademia-3-e1737558650801.png\",\"width\":1438,\"height\":460,\"caption\":\"Akademia Beauty Zoom\"},\"image\":{\"@id\":\"https:\/\/akademiabeautyzoom.pl\/#\/schema\/logo\/image\/\"},\"sameAs\":[\"https:\/\/www.facebook.com\/akademiabeautyzoom\",\"https:\/\/www.tiktok.com\/@akademia.beauty.z?_t=8s7wGY0dpaA&_r=1\",\"https:\/\/www.instagram.com\/akademiabeautyzoom?igsh=YjllaG1uZ2thcXo3&utm_source=qr\"]}]}<\/script>\n<!-- \/ Yoast SEO plugin. -->","yoast_head_json":{"title":"Dofinansowanie do szkole\u0144 | Akademia Beauty Zoom","description":"Dofinansowania | Szkolenia pod okiem profesjonalist\u00f3w z wieloletnim do\u015bwiadczeniem w bran\u017cy beauty zdobytym w Polsce oraz za granic\u0105.","robots":{"index":"index","follow":"follow","max-snippet":"max-snippet:-1","max-image-preview":"max-image-preview:large","max-video-preview":"max-video-preview:-1"},"canonical":"https:\/\/akademiabeautyzoom.pl\/en\/subsidies\/","og_locale":"en_GB","og_type":"article","og_title":"Dofinansowanie do szkole\u0144 | Akademia Beauty Zoom","og_description":"Dofinansowania | Szkolenia pod okiem profesjonalist\u00f3w z wieloletnim do\u015bwiadczeniem w bran\u017cy beauty zdobytym w Polsce oraz za granic\u0105.","og_url":"https:\/\/akademiabeautyzoom.pl\/en\/subsidies\/","og_site_name":"Akademia Beauty Zoom","article_publisher":"https:\/\/www.facebook.com\/akademiabeautyzoom","article_modified_time":"2025-01-17T11:48:38+00:00","og_image":[{"width":1200,"height":675,"url":"https:\/\/akademiabeautyzoom.pl\/wp-content\/uploads\/2025\/02\/domyslny-ogimage.png","type":"image\/png"}],"twitter_card":"summary_large_image","twitter_misc":{"Estimated reading time":"2 minutes"},"schema":{"@context":"https:\/\/schema.org","@graph":[{"@type":"WebPage","@id":"https:\/\/akademiabeautyzoom.pl\/dofinansowania\/","url":"https:\/\/akademiabeautyzoom.pl\/dofinansowania\/","name":"Dofinansowanie do szkole\u0144 | Akademia Beauty Zoom","isPartOf":{"@id":"https:\/\/akademiabeautyzoom.pl\/#website"},"datePublished":"2024-11-21T18:08:24+00:00","dateModified":"2025-01-17T11:48:38+00:00","description":"Dofinansowania | Szkolenia pod okiem profesjonalist\u00f3w z wieloletnim do\u015bwiadczeniem w bran\u017cy beauty zdobytym w Polsce oraz za granic\u0105.","breadcrumb":{"@id":"https:\/\/akademiabeautyzoom.pl\/dofinansowania\/#breadcrumb"},"inLanguage":"en-GB","potentialAction":[{"@type":"ReadAction","target":["https:\/\/akademiabeautyzoom.pl\/dofinansowania\/"]}]},{"@type":"BreadcrumbList","@id":"https:\/\/akademiabeautyzoom.pl\/dofinansowania\/#breadcrumb","itemListElement":[{"@type":"ListItem","position":1,"name":"Strona g\u0142\u00f3wna","item":"https:\/\/akademiabeautyzoom.pl\/"},{"@type":"ListItem","position":2,"name":"Dofinansowania"}]},{"@type":"WebSite","@id":"https:\/\/akademiabeautyzoom.pl\/#website","url":"https:\/\/akademiabeautyzoom.pl\/","name":"Akademia Beauty Zoom","description":"","publisher":{"@id":"https:\/\/akademiabeautyzoom.pl\/#organization"},"potentialAction":[{"@type":"SearchAction","target":{"@type":"EntryPoint","urlTemplate":"https:\/\/akademiabeautyzoom.pl\/?s={search_term_string}"},"query-input":{"@type":"PropertyValueSpecification","valueRequired":true,"valueName":"search_term_string"}}],"inLanguage":"en-GB"},{"@type":"Organization","@id":"https:\/\/akademiabeautyzoom.pl\/#organization","name":"Akademia Beauty Zoom","url":"https:\/\/akademiabeautyzoom.pl\/","logo":{"@type":"ImageObject","inLanguage":"en-GB","@id":"https:\/\/akademiabeautyzoom.pl\/#\/schema\/logo\/image\/","url":"https:\/\/akademiabeautyzoom.pl\/wp-content\/uploads\/2025\/01\/Kopia-Akademia-3-e1737558650801.png","contentUrl":"https:\/\/akademiabeautyzoom.pl\/wp-content\/uploads\/2025\/01\/Kopia-Akademia-3-e1737558650801.png","width":1438,"height":460,"caption":"Akademia Beauty Zoom"},"image":{"@id":"https:\/\/akademiabeautyzoom.pl\/#\/schema\/logo\/image\/"},"sameAs":["https:\/\/www.facebook.com\/akademiabeautyzoom","https:\/\/www.tiktok.com\/@akademia.beauty.z?_t=8s7wGY0dpaA&_r=1","https:\/\/www.instagram.com\/akademiabeautyzoom?igsh=YjllaG1uZ2thcXo3&utm_source=qr"]}]}},"_links":{"self":[{"href":"https:\/\/akademiabeautyzoom.pl\/en\/wp-json\/wp\/v2\/pages\/207","targetHints":{"allow":["GET"]}}],"collection":[{"href":"https:\/\/akademiabeautyzoom.pl\/en\/wp-json\/wp\/v2\/pages"}],"about":[{"href":"https:\/\/akademiabeautyzoom.pl\/en\/wp-json\/wp\/v2\/types\/page"}],"author":[{"embeddable":true,"href":"https:\/\/akademiabeautyzoom.pl\/en\/wp-json\/wp\/v2\/users\/1"}],"replies":[{"embeddable":true,"href":"https:\/\/akademiabeautyzoom.pl\/en\/wp-json\/wp\/v2\/comments?post=207"}],"version-history":[{"count":0,"href":"https:\/\/akademiabeautyzoom.pl\/en\/wp-json\/wp\/v2\/pages\/207\/revisions"}],"wp:attachment":[{"href":"https:\/\/akademiabeautyzoom.pl\/en\/wp-json\/wp\/v2\/media?parent=207"}],"wp:term":[{"taxonomy":"kategoria-szkolen","embeddable":true,"href":"https:\/\/akademiabeautyzoom.pl\/en\/wp-json\/wp\/v2\/kategoria-szkolen?post=207"}],"curies":[{"name":"wp","href":"https:\/\/api.w.org\/{rel}","templated":true}]}}