{"id":209,"date":"2024-11-21T19:08:40","date_gmt":"2024-11-21T18:08:40","guid":{"rendered":"https:\/\/beautyzoom.vizu.pl\/?page_id=209"},"modified":"2025-02-03T08:49:46","modified_gmt":"2025-02-03T07:49:46","slug":"kontakt","status":"publish","type":"page","link":"https:\/\/akademiabeautyzoom.pl\/en\/contact\/","title":{"rendered":"Contact"},"content":{"rendered":"<div class=\"brz-root__container brz-reset-all brz brz-root__container-page\">\n<section id=\"2e06c65a1c93ae290c2c_sKkGlcet9h45\" class=\"brz-section brz-css-el3f0p\">\n<div class=\"brz-section__content brz-section--boxed brz-css-1qi8jub brz-css-1latnhb\" data-brz-custom-id=\"iwdAgfqp9fmD\">\n<div class=\"brz-container brz-css-x2s44\">\n<div class=\"brz-row__container brz-css-1nk9qv\" data-brz-custom-id=\"pGCR4fwVoOZ4\">\n<div class=\"brz-bg\"><\/div>\n<div class=\"brz-row brz-css-7npgzt brz-css-1dd1yfz\">\n<div class=\"brz-columns brz-css-1r13jw8 brz-css-xlquzw\" data-brz-custom-id=\"lY4YgwC4j7ct\">\n<div class=\"brz-bg\"><\/div>\n<div class=\"brz-column__items brz-css-c4fvlb brz-css-zemxw\">\n<div id=\"\" class=\"brz-css-1vskgwj brz-wrapper\">\n<div class=\"brz-rich-text brz-rich-text__custom brz-css-1fbjew\" data-brz-custom-id=\"msWk6CGP4bwf\">\n<div data-brz-translate-text=\"1\">\n<h2 class=\"brz-tp-lg-heading2 brz-css-kY7Gt\" data-generated-css=\"brz-css-jG1FY\" data-uniq-id=\"rseqD\"><span class=\"brz-cp-color1\" style=\"color: rgba(var(--brz-global-color1),1);\">Contact us<\/span><\/h2>\n<\/div>\n<\/div>\n<\/div>\n<div id=\"\" class=\"brz-css-1vskgwj brz-wrapper\">\n<div class=\"brz-rich-text brz-rich-text__custom brz-css-1fbjew\" data-brz-custom-id=\"oa6uLovObadW\">\n<div data-brz-translate-text=\"1\">\n<p data-generated-css=\"brz-css-ry88P\" data-uniq-id=\"zQ9US\" class=\"brz-tp-lg-paragraph brz-css-l0I8E\"><span class=\"brz-cp-color7\">If you need more information on training or cooperation with us, please contact us directly or via the contact form.<\/span><\/p>\n<\/div>\n<\/div>\n<\/div>\n<div id=\"\" class=\"brz-css-1vskgwj brz-css-1n7r3vj brz-wrapper\">\n<div class=\"brz-line brz-line-default brz-css-1ae1iac brz-css-znxgrj\" data-brz-custom-id=\"zZWmp3zSicto\">\n<hr class=\"brz-hr\"><\/div>\n<\/div>\n<div class=\"brz-row__container brz-css-1nk9qv\" data-brz-custom-id=\"qjEXUVdY74cQ\">\n<div class=\"brz-bg\"><\/div>\n<div class=\"brz-row brz-row--inner brz-css-7npgzt brz-css-1dd1yfz\">\n<div class=\"brz-columns brz-css-1r13jw8 brz-css-1k9omxh\" data-brz-custom-id=\"dvt2IOFisXOq\">\n<div class=\"brz-bg\"><\/div>\n<div class=\"brz-column__items brz-css-c4fvlb brz-css-13btw9\">\n<div id=\"\" class=\"brz-css-1vskgwj brz-css-ytgpcy brz-wrapper\">\n<div class=\"brz-rich-text brz-rich-text__custom brz-css-1fbjew\" data-brz-custom-id=\"n7yuTt3EI5ka\">\n<div data-brz-translate-text=\"1\">\n<h4 class=\"brz-tp-lg-heading5 brz-css-uzASk\" data-uniq-id=\"cq5Pd\" data-generated-css=\"brz-css-bmFz6\"><span class=\"brz-cp-color2\">Beauty Zoom Academy<\/span><\/h4>\n<\/div>\n<\/div>\n<\/div>\n<div id=\"\" class=\"brz-css-1vskgwj brz-css-s44tl4 brz-wrapper\">\n<div class=\"brz-rich-text brz-rich-text__custom brz-css-1fbjew\" data-brz-custom-id=\"m5e_0PZsEQDC\">\n<div data-brz-translate-text=\"1\">\n<p class=\"brz-tp-lg-paragraph brz-css-g6LVi\" data-uniq-id=\"qGGe6\" data-generated-css=\"brz-css-p3gKh\"><span style=\"color: rgba(var(--brz-global-color7),1);\" class=\"brz-cp-color7\">80\/82 Grzybowska Street,<\/span><\/p>\n<p class=\"brz-tp-lg-paragraph brz-text-lg-left brz-css-m3fea\" data-uniq-id=\"mmPSu\" data-generated-css=\"brz-css-aIiXz\"><span style=\"color: rgba(var(--brz-global-color7),1);\" class=\"brz-cp-color7\">00-844 Warsaw<\/span><\/p>\n<\/div>\n<\/div>\n<\/div>\n<\/div>\n<\/div>\n<div class=\"brz-columns brz-css-1r13jw8 brz-css-n9cb8h\" data-brz-custom-id=\"bJGnT3Akrbgx\">\n<div class=\"brz-bg\"><\/div>\n<div class=\"brz-column__items brz-css-c4fvlb\">\n<div id=\"\" class=\"brz-css-1vskgwj brz-css-q8qaas brz-wrapper\">\n<div class=\"brz-rich-text brz-rich-text__custom brz-css-1fbjew\" data-brz-custom-id=\"icpMZba84M8G\">\n<div data-brz-translate-text=\"1\">\n<h4 class=\"brz-tp-heading5 brz-css-aomgk\"><span class=\"brz-cp-color2\">Email<\/span><\/h4>\n<\/div>\n<\/div>\n<\/div>\n<div id=\"\" class=\"brz-css-1vskgwj brz-css-awjs9i brz-wrapper\">\n<div class=\"brz-rich-text brz-rich-text__custom brz-css-1fbjew\" data-brz-custom-id=\"tgHGT38YqYQj\">\n<div data-brz-translate-text=\"1\">\n<p class=\"brz-tp-lg-paragraph brz-text-lg-left brz-css-z0Lk3\" data-generated-css=\"brz-css-ezDMS\" data-uniq-id=\"nh_oK\"><a class=\"brz-cp-color3 link--external\" href=\"mailto:akademiabeautyzoom@gmail.com\" data-brz-link-type=\"external\">akademiabeautyzoom@gmail.com<\/a><\/p>\n<\/div>\n<\/div>\n<\/div>\n<\/div>\n<\/div>\n<\/div>\n<\/div>\n<div id=\"\" class=\"brz-css-1vskgwj brz-css-aby5qp brz-wrapper\">\n<div class=\"brz-line brz-line-default brz-css-1ae1iac brz-css-t8mc6s\" data-brz-custom-id=\"nUSpb9_JP2hN\">\n<hr class=\"brz-hr\"><\/div>\n<\/div>\n<div id=\"\" class=\"brz-css-1vskgwj brz-css-poa91l brz-wrapper\">\n<div class=\"brz-rich-text brz-rich-text__custom brz-css-1fbjew\" data-brz-custom-id=\"xmejwxsH08Sv\">\n<div data-brz-translate-text=\"1\">\n<h4 class=\"brz-tp-lg-heading5 brz-css-uVnWA\" data-generated-css=\"brz-css-vIYRl\" data-uniq-id=\"fbBOq\"><span class=\"brz-cp-color2\">Telephone number<\/span><\/h4>\n<\/div>\n<\/div>\n<\/div>\n<div class=\"brz-row__container brz-css-1nk9qv\" data-brz-custom-id=\"jE57yugRtYvR\">\n<div class=\"brz-bg\"><\/div>\n<div class=\"brz-row brz-row--inner brz-css-7npgzt brz-css-1dd1yfz\">\n<div class=\"brz-columns brz-css-1r13jw8 brz-css-1woghqe\" data-brz-custom-id=\"eJiZSQOloHug\">\n<div class=\"brz-bg\"><\/div>\n<div class=\"brz-column__items brz-css-c4fvlb brz-css-1k16er1\">\n<div id=\"\" class=\"brz-css-1vskgwj brz-css-14p0jjw brz-wrapper\">\n<div class=\"brz-rich-text brz-rich-text__custom brz-css-1fbjew\" data-brz-custom-id=\"uEwMfaa35g35\">\n<div data-brz-translate-text=\"1\">\n<p class=\"brz-tp-lg-paragraph brz-css-c2JLa\" data-uniq-id=\"my9yh\" data-generated-css=\"brz-css-jpZgG\">Training department<\/p>\n<\/div>\n<\/div>\n<\/div>\n<div id=\"\" class=\"brz-css-1vskgwj brz-wrapper\">\n<div class=\"brz-icon-text brz-css-nd8t82\" data-brz-custom-id=\"rqh_kV53vMsm\">\n<div class=\"brz-icon__container\" data-brz-custom-id=\"naPsd9ayoIBR\"><span class=\"brz-icon brz-span brz-css-1twrl4k brz-css-14vzh39\"><svg class=\"brz-icon-svg align-[initial]\"><use href=\"\/wp-content\/plugins\/brizy\/public\/editor-build\/prod\/editor\/icons\/outline\/phone-call.svg#nc_icon\"><\/use><\/svg><\/span><\/div>\n<div class=\"brz-text-btn\">\n<div class=\"brz-rich-text brz-rich-text__custom brz-css-1fbjew\" data-brz-custom-id=\"r9rq5f0qg7Hr\">\n<div data-brz-translate-text=\"1\">\n<p class=\"brz-tp-lg-paragraph brz-css-czggJ\" data-uniq-id=\"ePIVk\" data-generated-css=\"brz-css-mj3BX\"><a class=\"link--external brz-cp-color3\" style=\"color: rgba(var(--brz-global-color3),1);\" href=\"tel: 48662664 933\" data-brz-link-type=\"external\">+48 662 664 933<\/a><\/p>\n<\/div>\n<\/div>\n<\/div>\n<\/div>\n<\/div>\n<\/div>\n<\/div>\n<div class=\"brz-columns brz-css-1r13jw8 brz-css-9z04sb\" data-brz-custom-id=\"nevDs01a0jYb\">\n<div class=\"brz-bg\"><\/div>\n<div class=\"brz-column__items brz-css-c4fvlb\">\n<div id=\"\" class=\"brz-css-1vskgwj brz-css-1v422l3 brz-wrapper\">\n<div class=\"brz-rich-text brz-rich-text__custom brz-css-1fbjew\" data-brz-custom-id=\"fyRtArt2wAPT\">\n<div data-brz-translate-text=\"1\">\n<p class=\"brz-tp-lg-paragraph brz-css-eArdF\" data-generated-css=\"brz-css-ve4Qt\" data-uniq-id=\"uQkDF\">Subsidies department<\/p>\n<\/div>\n<\/div>\n<\/div>\n<div id=\"\" class=\"brz-css-1vskgwj brz-wrapper\">\n<div class=\"brz-icon-text brz-css-nd8t82\" data-brz-custom-id=\"y0yCpWW2bNhX\">\n<div class=\"brz-icon__container\" data-brz-custom-id=\"xIYyUogC7gyi\"><span class=\"brz-icon brz-span brz-css-1twrl4k brz-css-1kq4ag5\"><svg class=\"brz-icon-svg align-[initial]\"><use href=\"\/wp-content\/plugins\/brizy\/public\/editor-build\/prod\/editor\/icons\/outline\/phone-call.svg#nc_icon\"><\/use><\/svg><\/span><\/div>\n<div class=\"brz-text-btn\">\n<div class=\"brz-rich-text brz-rich-text__custom brz-css-1fbjew\" data-brz-custom-id=\"s5K_6Gaa7lmm\">\n<div data-brz-translate-text=\"1\">\n<p class=\"brz-tp-lg-paragraph brz-css-bARVD\" data-uniq-id=\"zOvAe\" data-generated-css=\"brz-css-zW1al\"><a class=\"link--external brz-cp-color3\" style=\"color: rgba(var(--brz-global-color3),1);\" href=\"tel: 48508789899\" data-brz-link-type=\"external\">+48 508 789 899<\/a><\/p>\n<\/div>\n<\/div>\n<\/div>\n<\/div>\n<\/div>\n<\/div>\n<\/div>\n<\/div>\n<\/div>\n<\/div>\n<\/div>\n<div class=\"brz-columns brz-css-1r13jw8 brz-css-gm339u\" data-brz-custom-id=\"u4ZUQvaVpry9\">\n<div class=\"brz-bg\"><\/div>\n<div class=\"brz-column__items brz-css-c4fvlb brz-css-95uyu4\">\n<div class=\"brz-row__container brz-css-1nk9qv brz-css-l67a7i\" data-brz-custom-id=\"vXdIs0xWYmkD\">\n<div class=\"brz-bg\">\n<div class=\"brz-bg-color\"><\/div>\n<\/div>\n<div class=\"brz-row brz-row--inner brz-css-7npgzt brz-css-1qx4e8u\">\n<div class=\"brz-columns brz-css-1r13jw8 brz-css-12lusz8\" data-brz-custom-id=\"wl6vvdmmClMB\">\n<div class=\"brz-bg\"><\/div>\n<div class=\"brz-column__items brz-css-c4fvlb\">\n<div id=\"\" class=\"brz-css-1vskgwj brz-css-323vn1 brz-wrapper\">\n<div class=\"brz-rich-text brz-rich-text__custom brz-css-1fbjew\" data-brz-custom-id=\"xYavytMvLUhH\">\n<div data-brz-translate-text=\"1\">\n<h2 class=\"brz-text-lg-center brz-tp-lg-heading2 brz-css-cfXVL\" data-generated-css=\"brz-css-fidFd\" data-uniq-id=\"lybs9\"><span style=\"color: rgba(var(--brz-global-color1),1);\" class=\"brz-cp-color1\">Contact form<\/span><\/h2>\n<\/div>\n<\/div>\n<\/div>\n<div id=\"\" class=\"brz-css-1vskgwj brz-wrapper\">\n<div data-brz-form-version=\"2\" class=\"brz-forms2 brz-css-hy7xr4 brz-css-wffx71\" data-brz-custom-id=\"pWwkH2eQ1Wb6\">\n<form class=\"brz-form brz-d-xs-flex brz-flex-xs-wrap\" novalidate=\"\" action=\"https:\/\/akademiabeautyzoom.pl\/wp-admin\/admin-ajax.php?nonce=d50f86f8a0&amp;action=brizy_submit_form\" data-brz-form-id=\"pWwkH2eQ1Wb6\" data-brz-project-id=\"6cc877e1e7ee6ab21facf4bab0752d7b\" data-brz-success=\"Twoja wiadomo\u015b\u0107 zosta\u0142a pomy\u015blnie wys\u0142ana!\" data-brz-error=\"Przepraszamy, wiadomo\u015b\u0107 nie zosta\u0142a wys\u0142ana. Spr\u00f3buj raz jeszcze za 30 minut lub skontaktuj si\u0119 bezpo\u015brednio z nami na adres akademiabeautyzoom@gmail.com\" data-brz-redirect=\"\" data-brz-form-type=\"default\" data-brz-translatable-default-success=\"Your email was sent successfully\" data-brz-translatable-default-error=\"Your email was not sent\" data-brz-translatable-default-empty=\"Please check your entry and try again\">\n<div data-brz-translate-text=\"1\" class=\"brz-forms2__item brz-css-wmhxnq brz-css-3j31j7 brz-css-tiu5c7\"><input type=\"text\" id=\"mC09iFO37a8Q_1c89b04e1cdc0b948326\" name=\"kBNikoqat4QL\" placeholder=\"Name\" required=\"\" data-brz-type=\"Text\" data-brz-label=\"Imi\u0119 i Nazwisko\" data-brz-placeholder=\"Imi\u0119 i Nazwisko\" class=\"brz-input brz-forms2__field brz-forms2__field-text\"><\/div>\n<div data-brz-translate-text=\"1\" class=\"brz-forms2__item brz-css-wmhxnq brz-css-3j31j7 brz-css-tiu5c7\"><input type=\"email\" id=\"vuC5FMJn7JFs_f80ba4e21741007a5086\" name=\"gTGZRNMdJ5we\" placeholder=\"Email\" required=\"\" pattern=\"%5E((%5B%5E%3C%3E%5C(%5C)%5C%5B%5C%5D%5C%5C.,;:%5Cs@%22%5D+(%5C.%5B%5E%3C%3E%5C(%5C)%5C%5B%5C%5D%5C%5C.,;:%5Cs@%22%5D+)*)%7C(%22.+%22))@((%5C%5B%5B0-9%5D%7B1,3%7D%5C.%5B0-9%5D%7B1,3%7D%5C.%5B0-9%5D%7B1,3%7D%5C.%5B0-9%5D%7B1,3%7D%5C%5D)%7C((%5Ba-zA-Z%5C-0-9%5D+%5C.)+%5Ba-zA-Z%5D%7B2,%7D))$\" data-brz-type=\"Email\" data-brz-label=\"Email\" data-brz-placeholder=\"Email\" maxlength=\"255\" class=\"brz-input brz-forms2__field brz-forms2__field-email\"><\/div>\n<div data-brz-translate-text=\"1\" class=\"brz-forms2__item brz-css-wmhxnq brz-css-3j31j7 brz-css-tiu5c7 brz-css-zafx2l\"><textarea id=\"a8GhunDXSPkp_57a255c045a374512ff6\" name=\"iw5KlYOOD5e5\" placeholder=\"Your message\" required=\"\" data-brz-type=\"Paragraph\" data-brz-label=\"Twoja wiadomo\u015b\u0107\" data-brz-placeholder=\"Twoja wiadomo\u015b\u0107\" class=\"brz-textarea brz-forms2__field brz-forms2__field-paragraph\"><\/textarea><\/div>\n<div data-brz-translate-text=\"1\" class=\"brz-forms2__item brz-css-wmhxnq brz-css-3j31j7 brz-css-tiu5c7\">\n<div class=\"brz-forms2__field brz-forms2__checkbox\">\n<div class=\"brz-control__check-group brz-forms2__checkbox-options\">\n<div data-brz-translate-text=\"1\" class=\"brz-control__check-group-option brz-forms2__checkbox-option\"><input id=\"gg2htocjPo6G\" class=\"brz-input\" type=\"checkbox\" name=\"fMjTqU_YkBND\" required=\"\" data-brz-type=\"Checkbox\" data-brz-label=\"Polityka Prywatno\u015bci i zgoda marketingowa\" value=\"Zapozna\u0142am\/\u0142em si\u0119 z Polityk\u0105 prywatno\u015bci\"><label class=\"brz-label\" for=\"gg2htocjPo6G\"><\/p>\n<div class=\"brz-control__check-group-icon brz-control__check-group--check\"><svg class=\"brz-icon-svg align-[initial] brz-d-block\"><use href=\"\/wp-content\/plugins\/brizy\/public\/editor-build\/prod\/editor\/icons\/editor\/check-square-on.svg#brz_icon\"><\/use><\/svg><\/div>\n<div class=\"brz-control__check-group-icon brz-control__check-group--uncheck\"><svg class=\"brz-icon-svg align-[initial] brz-d-block\"><use href=\"\/wp-content\/plugins\/brizy\/public\/editor-build\/prod\/editor\/icons\/editor\/check-square-off.svg#brz_icon\"><\/use><\/svg><\/div>\n<p><span class=\"brz-forms2__checkbox-option-name brz-span\">I have read the Privacy Policy<\/span><\/label><\/div>\n<div data-brz-translate-text=\"1\" class=\"brz-control__check-group-option brz-forms2__checkbox-option\"><input id=\"pnPbdfo4yjGH\" class=\"brz-input\" type=\"checkbox\" name=\"fMjTqU_YkBND\" required=\"\" data-brz-type=\"Checkbox\" data-brz-label=\"Polityka Prywatno\u015bci i zgoda marketingowa\" value=\"Wyra\u017cam zgod\u0119 na przetwarzanie moich danych osobowych przez Akademia Beauty Zoom w celu obs\u0142ugi mojego zapytania.\"><label class=\"brz-label\" for=\"pnPbdfo4yjGH\"><\/p>\n<div class=\"brz-control__check-group-icon brz-control__check-group--check\"><svg class=\"brz-icon-svg align-[initial] brz-d-block\"><use href=\"\/wp-content\/plugins\/brizy\/public\/editor-build\/prod\/editor\/icons\/editor\/check-square-on.svg#brz_icon\"><\/use><\/svg><\/div>\n<div class=\"brz-control__check-group-icon brz-control__check-group--uncheck\"><svg class=\"brz-icon-svg align-[initial] brz-d-block\"><use href=\"\/wp-content\/plugins\/brizy\/public\/editor-build\/prod\/editor\/icons\/editor\/check-square-off.svg#brz_icon\"><\/use><\/svg><\/div>\n<p><span class=\"brz-forms2__checkbox-option-name brz-span\">I consent to my personal data being processed by Beauty Zoom Academy for the purpose of handling my enquiry.<\/span><\/label><\/div>\n<\/div>\n<\/div>\n<\/div>\n<div class=\"brz-forms2 brz-forms2__item brz-forms2__item-button\" data-brz-custom-id=\"pWwkH2eQ1Wb6\"><button class=\"brz-btn brz-btn-submit brz-css-ctf7x brz-css-7ukdhw\" data-brz-custom-id=\"flfttz5JNo9o\"><svg class=\"brz-icon-svg align-[initial] brz-css-108yeu8\"><use href=\"\/wp-content\/plugins\/brizy\/public\/editor-build\/prod\/editor\/icons\/outline\/tail-right.svg#nc_icon\"><\/use><\/svg><span data-brz-translate-text=\"1\" class=\"brz-span brz-text__editor\">Send a message<\/span><\/button><svg class=\"brz-icon-svg align-[initial] brz-form-spinner brz-invisible brz-ed-animated--spin\"><use href=\"\/wp-content\/plugins\/brizy\/public\/editor-build\/prod\/editor\/icons\/glyph\/circle-02.svg#nc_icon\"><\/use><\/svg><\/div>\n<div class=\"brz-g-recaptcha\" data-sitekey=\"\" data-size=\"invisible\" data-callback=\"brzFormV2Captcha\"><\/div>\n<\/form>\n<\/div>\n<\/div>\n<\/div>\n<\/div>\n<\/div>\n<\/div>\n<\/div>\n<\/div>\n<\/div>\n<\/div>\n<\/div>\n<\/div>\n<\/section>\n<section id=\"676e2424e6fdee70ebed_fdt7gGfZAFcD\" class=\"brz-section brz-css-el3f0p\">\n<div class=\"brz-section__content brz-section--fullWidth brz-css-1qi8jub brz-css-1psbsti\" data-brz-custom-id=\"u1eQKJbDRds7\">\n<div class=\"brz-container brz-css-x2s44 brz-css-1xldx7v\">\n<div id=\"\" class=\"brz-css-1vskgwj brz-css-4uq07n brz-wrapper\">\n<div class=\"brz-map brz-map_styles brz-css-67bwuq brz-css-1ygyeux\" data-brz-custom-id=\"njBXB7Xv6Elr\">\n<div class=\"brz-ui-ed-map-content\"><iframe class=\"intrinsic-ignore brz-ui-ed-iframe\" src=\"https:\/\/www.google.com\/maps\/embed\/v1\/place?key=AIzaSyCcywKcxXeMZiMwLDcLgyEnNglcLOyB_qw&amp;q=Akademia Beauty Zoom&amp;zoom=15\" title=\"map\"><\/iframe><\/div>\n<\/div>\n<\/div>\n<\/div>\n<\/div>\n<\/section>\n<\/div>\n<p>    <!-- version:1738568986 --><\/p>","protected":false},"excerpt":{"rendered":"<p>Contact us If you need more information on training or cooperation with us, please contact us directly or via the contact form. Beauty Zoom Academy Grzybowska Street 80\/82, 00-844 Warsaw Email akademiabeautyzoom@gmail.com Phone number Training department +48 662 664 933 Funding department +48 508 789 899 Contact form I have read the privacy policy [...].<\/p>","protected":false},"author":1,"featured_media":0,"parent":0,"menu_order":0,"comment_status":"closed","ping_status":"closed","template":"","meta":{"_acf_changed":false,"footnotes":""},"kategoria-szkolen":[],"class_list":["post-209","page","type-page","status-publish","hentry"],"blocksy_meta":[],"acf":[],"yoast_head":"<!-- This site is optimized with the Yoast SEO plugin v24.4 - https:\/\/yoast.com\/wordpress\/plugins\/seo\/ -->\n<title>Kontakt - Akademia Beauty Zoom<\/title>\n<meta name=\"description\" content=\"Kontakt | Szkolenia pod okiem profesjonalist\u00f3w z wieloletnim do\u015bwiadczeniem w bran\u017cy beauty zdobytym w Polsce oraz za granic\u0105.\" \/>\n<meta name=\"robots\" content=\"index, follow, max-snippet:-1, max-image-preview:large, max-video-preview:-1\" \/>\n<link rel=\"canonical\" href=\"https:\/\/akademiabeautyzoom.pl\/en\/contact\/\" \/>\n<meta property=\"og:locale\" content=\"en_GB\" \/>\n<meta property=\"og:type\" content=\"article\" \/>\n<meta property=\"og:title\" content=\"Kontakt - Akademia Beauty Zoom\" \/>\n<meta property=\"og:description\" content=\"Kontakt | Szkolenia pod okiem profesjonalist\u00f3w z wieloletnim do\u015bwiadczeniem w bran\u017cy beauty zdobytym w Polsce oraz za granic\u0105.\" \/>\n<meta property=\"og:url\" content=\"https:\/\/akademiabeautyzoom.pl\/en\/contact\/\" \/>\n<meta property=\"og:site_name\" content=\"Akademia Beauty Zoom\" \/>\n<meta property=\"article:publisher\" content=\"https:\/\/www.facebook.com\/akademiabeautyzoom\" \/>\n<meta property=\"article:modified_time\" content=\"2025-02-03T07:49:46+00:00\" \/>\n<meta property=\"og:image\" content=\"https:\/\/akademiabeautyzoom.pl\/wp-content\/uploads\/2025\/02\/domyslny-ogimage.png\" \/>\n\t<meta property=\"og:image:width\" content=\"1200\" \/>\n\t<meta property=\"og:image:height\" content=\"675\" \/>\n\t<meta property=\"og:image:type\" content=\"image\/png\" \/>\n<meta name=\"twitter:card\" content=\"summary_large_image\" \/>\n<meta name=\"twitter:label1\" content=\"Estimated reading time\" \/>\n\t<meta name=\"twitter:data1\" content=\"1 minute\" \/>\n<script type=\"application\/ld+json\" class=\"yoast-schema-graph\">{\"@context\":\"https:\/\/schema.org\",\"@graph\":[{\"@type\":\"WebPage\",\"@id\":\"https:\/\/akademiabeautyzoom.pl\/kontakt\/\",\"url\":\"https:\/\/akademiabeautyzoom.pl\/kontakt\/\",\"name\":\"Kontakt - Akademia Beauty Zoom\",\"isPartOf\":{\"@id\":\"https:\/\/akademiabeautyzoom.pl\/#website\"},\"datePublished\":\"2024-11-21T18:08:40+00:00\",\"dateModified\":\"2025-02-03T07:49:46+00:00\",\"description\":\"Kontakt | Szkolenia pod okiem profesjonalist\u00f3w z wieloletnim do\u015bwiadczeniem w bran\u017cy beauty zdobytym w Polsce oraz za granic\u0105.\",\"breadcrumb\":{\"@id\":\"https:\/\/akademiabeautyzoom.pl\/kontakt\/#breadcrumb\"},\"inLanguage\":\"en-GB\",\"potentialAction\":[{\"@type\":\"ReadAction\",\"target\":[\"https:\/\/akademiabeautyzoom.pl\/kontakt\/\"]}]},{\"@type\":\"BreadcrumbList\",\"@id\":\"https:\/\/akademiabeautyzoom.pl\/kontakt\/#breadcrumb\",\"itemListElement\":[{\"@type\":\"ListItem\",\"position\":1,\"name\":\"Strona g\u0142\u00f3wna\",\"item\":\"https:\/\/akademiabeautyzoom.pl\/\"},{\"@type\":\"ListItem\",\"position\":2,\"name\":\"Kontakt\"}]},{\"@type\":\"WebSite\",\"@id\":\"https:\/\/akademiabeautyzoom.pl\/#website\",\"url\":\"https:\/\/akademiabeautyzoom.pl\/\",\"name\":\"Akademia Beauty Zoom\",\"description\":\"\",\"publisher\":{\"@id\":\"https:\/\/akademiabeautyzoom.pl\/#organization\"},\"potentialAction\":[{\"@type\":\"SearchAction\",\"target\":{\"@type\":\"EntryPoint\",\"urlTemplate\":\"https:\/\/akademiabeautyzoom.pl\/?s={search_term_string}\"},\"query-input\":{\"@type\":\"PropertyValueSpecification\",\"valueRequired\":true,\"valueName\":\"search_term_string\"}}],\"inLanguage\":\"en-GB\"},{\"@type\":\"Organization\",\"@id\":\"https:\/\/akademiabeautyzoom.pl\/#organization\",\"name\":\"Akademia Beauty Zoom\",\"url\":\"https:\/\/akademiabeautyzoom.pl\/\",\"logo\":{\"@type\":\"ImageObject\",\"inLanguage\":\"en-GB\",\"@id\":\"https:\/\/akademiabeautyzoom.pl\/#\/schema\/logo\/image\/\",\"url\":\"https:\/\/akademiabeautyzoom.pl\/wp-content\/uploads\/2025\/01\/Kopia-Akademia-3-e1737558650801.png\",\"contentUrl\":\"https:\/\/akademiabeautyzoom.pl\/wp-content\/uploads\/2025\/01\/Kopia-Akademia-3-e1737558650801.png\",\"width\":1438,\"height\":460,\"caption\":\"Akademia Beauty Zoom\"},\"image\":{\"@id\":\"https:\/\/akademiabeautyzoom.pl\/#\/schema\/logo\/image\/\"},\"sameAs\":[\"https:\/\/www.facebook.com\/akademiabeautyzoom\",\"https:\/\/www.tiktok.com\/@akademia.beauty.z?_t=8s7wGY0dpaA&_r=1\",\"https:\/\/www.instagram.com\/akademiabeautyzoom?igsh=YjllaG1uZ2thcXo3&utm_source=qr\"]}]}<\/script>\n<!-- \/ Yoast SEO plugin. -->","yoast_head_json":{"title":"Kontakt - Akademia Beauty Zoom","description":"Kontakt | Szkolenia pod okiem profesjonalist\u00f3w z wieloletnim do\u015bwiadczeniem w bran\u017cy beauty zdobytym w Polsce oraz za granic\u0105.","robots":{"index":"index","follow":"follow","max-snippet":"max-snippet:-1","max-image-preview":"max-image-preview:large","max-video-preview":"max-video-preview:-1"},"canonical":"https:\/\/akademiabeautyzoom.pl\/en\/contact\/","og_locale":"en_GB","og_type":"article","og_title":"Kontakt - Akademia Beauty Zoom","og_description":"Kontakt | Szkolenia pod okiem profesjonalist\u00f3w z wieloletnim do\u015bwiadczeniem w bran\u017cy beauty zdobytym w Polsce oraz za granic\u0105.","og_url":"https:\/\/akademiabeautyzoom.pl\/en\/contact\/","og_site_name":"Akademia Beauty Zoom","article_publisher":"https:\/\/www.facebook.com\/akademiabeautyzoom","article_modified_time":"2025-02-03T07:49:46+00:00","og_image":[{"width":1200,"height":675,"url":"https:\/\/akademiabeautyzoom.pl\/wp-content\/uploads\/2025\/02\/domyslny-ogimage.png","type":"image\/png"}],"twitter_card":"summary_large_image","twitter_misc":{"Estimated reading time":"1 minute"},"schema":{"@context":"https:\/\/schema.org","@graph":[{"@type":"WebPage","@id":"https:\/\/akademiabeautyzoom.pl\/kontakt\/","url":"https:\/\/akademiabeautyzoom.pl\/kontakt\/","name":"Kontakt - Akademia Beauty Zoom","isPartOf":{"@id":"https:\/\/akademiabeautyzoom.pl\/#website"},"datePublished":"2024-11-21T18:08:40+00:00","dateModified":"2025-02-03T07:49:46+00:00","description":"Kontakt | Szkolenia pod okiem profesjonalist\u00f3w z wieloletnim do\u015bwiadczeniem w bran\u017cy beauty zdobytym w Polsce oraz za granic\u0105.","breadcrumb":{"@id":"https:\/\/akademiabeautyzoom.pl\/kontakt\/#breadcrumb"},"inLanguage":"en-GB","potentialAction":[{"@type":"ReadAction","target":["https:\/\/akademiabeautyzoom.pl\/kontakt\/"]}]},{"@type":"BreadcrumbList","@id":"https:\/\/akademiabeautyzoom.pl\/kontakt\/#breadcrumb","itemListElement":[{"@type":"ListItem","position":1,"name":"Strona g\u0142\u00f3wna","item":"https:\/\/akademiabeautyzoom.pl\/"},{"@type":"ListItem","position":2,"name":"Kontakt"}]},{"@type":"WebSite","@id":"https:\/\/akademiabeautyzoom.pl\/#website","url":"https:\/\/akademiabeautyzoom.pl\/","name":"Akademia Beauty Zoom","description":"","publisher":{"@id":"https:\/\/akademiabeautyzoom.pl\/#organization"},"potentialAction":[{"@type":"SearchAction","target":{"@type":"EntryPoint","urlTemplate":"https:\/\/akademiabeautyzoom.pl\/?s={search_term_string}"},"query-input":{"@type":"PropertyValueSpecification","valueRequired":true,"valueName":"search_term_string"}}],"inLanguage":"en-GB"},{"@type":"Organization","@id":"https:\/\/akademiabeautyzoom.pl\/#organization","name":"Akademia Beauty Zoom","url":"https:\/\/akademiabeautyzoom.pl\/","logo":{"@type":"ImageObject","inLanguage":"en-GB","@id":"https:\/\/akademiabeautyzoom.pl\/#\/schema\/logo\/image\/","url":"https:\/\/akademiabeautyzoom.pl\/wp-content\/uploads\/2025\/01\/Kopia-Akademia-3-e1737558650801.png","contentUrl":"https:\/\/akademiabeautyzoom.pl\/wp-content\/uploads\/2025\/01\/Kopia-Akademia-3-e1737558650801.png","width":1438,"height":460,"caption":"Akademia Beauty Zoom"},"image":{"@id":"https:\/\/akademiabeautyzoom.pl\/#\/schema\/logo\/image\/"},"sameAs":["https:\/\/www.facebook.com\/akademiabeautyzoom","https:\/\/www.tiktok.com\/@akademia.beauty.z?_t=8s7wGY0dpaA&_r=1","https:\/\/www.instagram.com\/akademiabeautyzoom?igsh=YjllaG1uZ2thcXo3&utm_source=qr"]}]}},"_links":{"self":[{"href":"https:\/\/akademiabeautyzoom.pl\/en\/wp-json\/wp\/v2\/pages\/209","targetHints":{"allow":["GET"]}}],"collection":[{"href":"https:\/\/akademiabeautyzoom.pl\/en\/wp-json\/wp\/v2\/pages"}],"about":[{"href":"https:\/\/akademiabeautyzoom.pl\/en\/wp-json\/wp\/v2\/types\/page"}],"author":[{"embeddable":true,"href":"https:\/\/akademiabeautyzoom.pl\/en\/wp-json\/wp\/v2\/users\/1"}],"replies":[{"embeddable":true,"href":"https:\/\/akademiabeautyzoom.pl\/en\/wp-json\/wp\/v2\/comments?post=209"}],"version-history":[{"count":0,"href":"https:\/\/akademiabeautyzoom.pl\/en\/wp-json\/wp\/v2\/pages\/209\/revisions"}],"wp:attachment":[{"href":"https:\/\/akademiabeautyzoom.pl\/en\/wp-json\/wp\/v2\/media?parent=209"}],"wp:term":[{"taxonomy":"kategoria-szkolen","embeddable":true,"href":"https:\/\/akademiabeautyzoom.pl\/en\/wp-json\/wp\/v2\/kategoria-szkolen?post=209"}],"curies":[{"name":"wp","href":"https:\/\/api.w.org\/{rel}","templated":true}]}}