{"id":224,"date":"2024-11-21T19:17:19","date_gmt":"2024-11-21T18:17:19","guid":{"rendered":"https:\/\/beautyzoom.vizu.pl\/?page_id=224"},"modified":"2025-01-30T14:43:14","modified_gmt":"2025-01-30T13:43:14","slug":"cennik","status":"publish","type":"page","link":"https:\/\/akademiabeautyzoom.pl\/en\/price-list\/","title":{"rendered":"Prices"},"content":{"rendered":"<div class=\"brz-root__container brz-reset-all brz brz-root__container-page\">{{ brizy_dc_global_blocks position='top' }}<\/p>\n<section id=\"{{placeholder content='e3sgcmFuZG9tX2lkIH19' key='lyPxp_0CBxFS'}}_lyPxp_0CBxFS\" class=\"brz-section brz-css-1d2jrst\">\n<div class=\"brz-section__content brz-section--boxed brz-css-1d37wo3 brz-css-13kl2z1\" data-brz-custom-id=\"neLg_kFeaoQ0\">\n<div class=\"brz-container brz-css-rq1chl brz-css-6tvxra\">\n<div class=\"brz-row__container brz-css-92dllq\" data-brz-custom-id=\"jg6lFsGoN_HB\">\n<div class=\"brz-bg\"><\/div>\n<div class=\"brz-row brz-css-idmzcr brz-css-w38vd9\">\n<div class=\"brz-columns brz-css-xkho5q brz-css-15bbr2z\" data-brz-custom-id=\"w02XfRc_7Saq\">\n<div class=\"brz-bg\">\n<div class=\"brz-bg-color\"><\/div>\n<\/div>\n<div class=\"brz-column__items brz-css-8mvl9e brz-css-mkgvmi\">\n<div id=\"\" class=\"brz-css-ezyj5r brz-css-11mhr1v brz-wrapper\">\n<div class=\"brz-spacer brz-css-1yp2h7o\"><\/div>\n<\/div>\n<div id=\"\" class=\"brz-css-ezyj5r brz-wrapper\">\n<div class=\"brz-rich-text brz-rich-text__custom brz-css-1vanf6u\" data-brz-custom-id=\"hr1_GlNzfYGG\">\n<div data-brz-translate-text=\"1\">\n<p class=\"brz-text-lg-center brz-tp-lg-abovetitle brz-css-goZP9\" data-uniq-id=\"vbSnA\" data-generated-css=\"brz-css-koYhz\"><span style=\"color: rgba(var(--brz-global-color3),1);\" class=\"brz-cp-color3\">Prices<\/span><\/p>\n<\/div>\n<\/div>\n<\/div>\n<div id=\"\" class=\"brz-css-ezyj5r brz-css-obc2an brz-wrapper\">\n<div class=\"brz-rich-text brz-rich-text__custom brz-css-1vanf6u\" data-brz-custom-id=\"uFHHFHtDgJpO\">\n<div data-brz-translate-text=\"1\">\n<h2 data-uniq-id=\"zyDxg\" data-generated-css=\"brz-css-hgoWl\" class=\"brz-tp-lg-heading2 brz-text-lg-center brz-css-hcSAK\"><span style=\"color: rgba(var(--brz-global-color2),1);\" class=\"brz-cp-color2\">Aesthetic medicine<\/span><\/h2>\n<\/div>\n<\/div>\n<\/div>\n<div id=\"\" class=\"brz-css-ezyj5r brz-css-11mhr1v brz-wrapper\">\n<div class=\"brz-spacer brz-css-1yp2h7o brz-css-1j8h6ks\"><\/div>\n<\/div>\n<div class=\"brz-wrapper-clone brz-css-743scc\">\n<div class=\"brz-d-xs-flex brz-flex-xs-wrap brz-css-18uwcup\" data-brz-custom-id=\"\">\n<div class=\"brz-wrapper-clone__item\" id=\"dSfCU_tQGQjs\"><a class=\"brz-a brz-btn brz-css-1ttzh65 brz-css-wsjuac brz-css-14yydfh brz-css-7al7j8\" href=\"\/en\/{{placeholder content='e3ticml6eV9kY19wZXJtYWxpbmsgcG9zdF9pZD0iMzc0OCJ9fQ=='}}\/\" target=\"_self\" rel=\"noopener\" data-brz-link-type=\"page\" data-brz-custom-id=\"dSfCU_tQGQjs\"><span data-brz-translate-text=\"1\" class=\"brz-span brz-text__editor\">Prices<\/span><\/a><\/div>\n<\/div>\n<\/div>\n<div id=\"\" class=\"brz-css-ezyj5r brz-css-11mhr1v brz-wrapper\">\n<div class=\"brz-spacer brz-css-1yp2h7o brz-css-16xohk\"><\/div>\n<\/div>\n<\/div>\n<\/div>\n<div class=\"brz-columns brz-css-xkho5q brz-css-1ug1kqn\" data-brz-custom-id=\"yqhQTK7vIlGO\">\n<div class=\"brz-bg\">\n<div class=\"brz-bg-color\"><\/div>\n<\/div>\n<div class=\"brz-column__items brz-css-8mvl9e brz-css-jh760m\">\n<div id=\"\" class=\"brz-css-ezyj5r brz-css-11mhr1v brz-wrapper\">\n<div class=\"brz-spacer brz-css-1yp2h7o\"><\/div>\n<\/div>\n<div id=\"\" class=\"brz-css-ezyj5r brz-wrapper\">\n<div class=\"brz-rich-text brz-rich-text__custom brz-css-1vanf6u\" data-brz-custom-id=\"ze5KEcw7rvm7\">\n<div data-brz-translate-text=\"1\">\n<p class=\"brz-tp-lg-abovetitle brz-text-lg-center brz-css-uSABu\" data-generated-css=\"brz-css-rhKn0\" data-uniq-id=\"utd84\"><span style=\"color: rgba(var(--brz-global-color3),1);\" class=\"brz-cp-color3\">Prices<\/span><\/p>\n<\/div>\n<\/div>\n<\/div>\n<div id=\"\" class=\"brz-css-ezyj5r brz-css-8n1j3i brz-wrapper\">\n<div class=\"brz-rich-text brz-rich-text__custom brz-css-1vanf6u\" data-brz-custom-id=\"rnSIw9oN77sW\">\n<div data-brz-translate-text=\"1\">\n<h2 class=\"brz-text-lg-center brz-tp-lg-heading2 brz-css-sRZAn\" data-generated-css=\"brz-css-cZm2X\" data-uniq-id=\"iesYr\"><span class=\"brz-cp-color2\" style=\"color: rgba(var(--brz-global-color2),1);\">Permanent make-up<\/span><\/h2>\n<\/div>\n<\/div>\n<\/div>\n<div id=\"\" class=\"brz-css-ezyj5r brz-css-11mhr1v brz-wrapper\">\n<div class=\"brz-spacer brz-css-1yp2h7o brz-css-h3b9p2\"><\/div>\n<\/div>\n<div class=\"brz-wrapper-clone brz-css-743scc\">\n<div class=\"brz-d-xs-flex brz-flex-xs-wrap brz-css-18uwcup\" data-brz-custom-id=\"\">\n<div class=\"brz-wrapper-clone__item\" id=\"twt5_y2VV0lq\"><a class=\"brz-a brz-btn brz-css-1ttzh65 brz-css-18ci3n0 brz-css-14yydfh brz-css-1wdmyqx\" href=\"\/en\/{{placeholder content='e3ticml6eV9kY19wZXJtYWxpbmsgcG9zdF9pZD0iMzc1MCJ9fQ=='}}\/\" target=\"_self\" rel=\"noopener\" data-brz-link-type=\"page\" data-brz-custom-id=\"twt5_y2VV0lq\"><span data-brz-translate-text=\"1\" class=\"brz-span brz-text__editor\">Prices<\/span><\/a><\/div>\n<\/div>\n<\/div>\n<div id=\"\" class=\"brz-css-ezyj5r brz-css-11mhr1v brz-wrapper\">\n<div class=\"brz-spacer brz-css-1yp2h7o brz-css-1bwyz0p\"><\/div>\n<\/div>\n<\/div>\n<\/div>\n<\/div>\n<\/div>\n<\/div>\n<\/div>\n<\/section>\n<p>{{ brizy_dc_global_blocks position='bottom' }}<\/p><\/div>\n<p>    <!-- version:1738244594 --><\/p>","protected":false},"excerpt":{"rendered":"<p>Price list {{ brizy_dc_global_blocks position='top' }} Aesthetic Medicine Price List Permanent Makeup Price List {{ brizy_dc_global_blocks position='bottom' }}<\/p>","protected":false},"author":1,"featured_media":0,"parent":0,"menu_order":0,"comment_status":"closed","ping_status":"closed","template":"","meta":{"_acf_changed":false,"footnotes":""},"kategoria-szkolen":[],"class_list":["post-224","page","type-page","status-publish","hentry"],"blocksy_meta":[],"acf":[],"yoast_head":"<!-- This site is optimized with the Yoast SEO plugin v24.4 - https:\/\/yoast.com\/wordpress\/plugins\/seo\/ -->\n<title>Ceny szkole\u0144 z medycyny estetycznej i kosmetologii<\/title>\n<meta name=\"description\" content=\"Cennik | Szkolenia pod okiem profesjonalist\u00f3w z wieloletnim do\u015bwiadczeniem w bran\u017cy beauty zdobytym w Polsce oraz za granic\u0105.\" \/>\n<meta name=\"robots\" content=\"index, follow, max-snippet:-1, max-image-preview:large, max-video-preview:-1\" \/>\n<link rel=\"canonical\" href=\"https:\/\/akademiabeautyzoom.pl\/en\/price-list\/\" \/>\n<meta property=\"og:locale\" content=\"en_GB\" \/>\n<meta property=\"og:type\" content=\"article\" \/>\n<meta property=\"og:title\" content=\"Ceny szkole\u0144 z medycyny estetycznej i kosmetologii\" \/>\n<meta property=\"og:description\" content=\"Cennik | Szkolenia pod okiem profesjonalist\u00f3w z wieloletnim do\u015bwiadczeniem w bran\u017cy beauty zdobytym w Polsce oraz za granic\u0105.\" \/>\n<meta property=\"og:url\" content=\"https:\/\/akademiabeautyzoom.pl\/en\/price-list\/\" \/>\n<meta property=\"og:site_name\" content=\"Akademia Beauty Zoom\" \/>\n<meta property=\"article:publisher\" content=\"https:\/\/www.facebook.com\/akademiabeautyzoom\" \/>\n<meta property=\"article:modified_time\" content=\"2025-01-30T13:43:14+00:00\" \/>\n<meta property=\"og:image\" content=\"https:\/\/akademiabeautyzoom.pl\/wp-content\/uploads\/2025\/02\/domyslny-ogimage.png\" \/>\n\t<meta property=\"og:image:width\" content=\"1200\" \/>\n\t<meta property=\"og:image:height\" content=\"675\" \/>\n\t<meta property=\"og:image:type\" content=\"image\/png\" \/>\n<meta name=\"twitter:card\" content=\"summary_large_image\" \/>\n<meta name=\"twitter:label1\" content=\"Estimated reading time\" \/>\n\t<meta name=\"twitter:data1\" content=\"3 minutes\" \/>\n<script type=\"application\/ld+json\" class=\"yoast-schema-graph\">{\"@context\":\"https:\/\/schema.org\",\"@graph\":[{\"@type\":\"WebPage\",\"@id\":\"https:\/\/akademiabeautyzoom.pl\/cennik\/\",\"url\":\"https:\/\/akademiabeautyzoom.pl\/cennik\/\",\"name\":\"Ceny szkole\u0144 z medycyny estetycznej i kosmetologii\",\"isPartOf\":{\"@id\":\"https:\/\/akademiabeautyzoom.pl\/#website\"},\"datePublished\":\"2024-11-21T18:17:19+00:00\",\"dateModified\":\"2025-01-30T13:43:14+00:00\",\"description\":\"Cennik | Szkolenia pod okiem profesjonalist\u00f3w z wieloletnim do\u015bwiadczeniem w bran\u017cy beauty zdobytym w Polsce oraz za granic\u0105.\",\"breadcrumb\":{\"@id\":\"https:\/\/akademiabeautyzoom.pl\/cennik\/#breadcrumb\"},\"inLanguage\":\"en-GB\",\"potentialAction\":[{\"@type\":\"ReadAction\",\"target\":[\"https:\/\/akademiabeautyzoom.pl\/cennik\/\"]}]},{\"@type\":\"BreadcrumbList\",\"@id\":\"https:\/\/akademiabeautyzoom.pl\/cennik\/#breadcrumb\",\"itemListElement\":[{\"@type\":\"ListItem\",\"position\":1,\"name\":\"Strona g\u0142\u00f3wna\",\"item\":\"https:\/\/akademiabeautyzoom.pl\/\"},{\"@type\":\"ListItem\",\"position\":2,\"name\":\"Cennik\"}]},{\"@type\":\"WebSite\",\"@id\":\"https:\/\/akademiabeautyzoom.pl\/#website\",\"url\":\"https:\/\/akademiabeautyzoom.pl\/\",\"name\":\"Akademia Beauty Zoom\",\"description\":\"\",\"publisher\":{\"@id\":\"https:\/\/akademiabeautyzoom.pl\/#organization\"},\"potentialAction\":[{\"@type\":\"SearchAction\",\"target\":{\"@type\":\"EntryPoint\",\"urlTemplate\":\"https:\/\/akademiabeautyzoom.pl\/?s={search_term_string}\"},\"query-input\":{\"@type\":\"PropertyValueSpecification\",\"valueRequired\":true,\"valueName\":\"search_term_string\"}}],\"inLanguage\":\"en-GB\"},{\"@type\":\"Organization\",\"@id\":\"https:\/\/akademiabeautyzoom.pl\/#organization\",\"name\":\"Akademia Beauty Zoom\",\"url\":\"https:\/\/akademiabeautyzoom.pl\/\",\"logo\":{\"@type\":\"ImageObject\",\"inLanguage\":\"en-GB\",\"@id\":\"https:\/\/akademiabeautyzoom.pl\/#\/schema\/logo\/image\/\",\"url\":\"https:\/\/akademiabeautyzoom.pl\/wp-content\/uploads\/2025\/01\/Kopia-Akademia-3-e1737558650801.png\",\"contentUrl\":\"https:\/\/akademiabeautyzoom.pl\/wp-content\/uploads\/2025\/01\/Kopia-Akademia-3-e1737558650801.png\",\"width\":1438,\"height\":460,\"caption\":\"Akademia Beauty Zoom\"},\"image\":{\"@id\":\"https:\/\/akademiabeautyzoom.pl\/#\/schema\/logo\/image\/\"},\"sameAs\":[\"https:\/\/www.facebook.com\/akademiabeautyzoom\",\"https:\/\/www.tiktok.com\/@akademia.beauty.z?_t=8s7wGY0dpaA&_r=1\",\"https:\/\/www.instagram.com\/akademiabeautyzoom?igsh=YjllaG1uZ2thcXo3&utm_source=qr\"]}]}<\/script>\n<!-- \/ Yoast SEO plugin. -->","yoast_head_json":{"title":"Ceny szkole\u0144 z medycyny estetycznej i kosmetologii","description":"Cennik | Szkolenia pod okiem profesjonalist\u00f3w z wieloletnim do\u015bwiadczeniem w bran\u017cy beauty zdobytym w Polsce oraz za granic\u0105.","robots":{"index":"index","follow":"follow","max-snippet":"max-snippet:-1","max-image-preview":"max-image-preview:large","max-video-preview":"max-video-preview:-1"},"canonical":"https:\/\/akademiabeautyzoom.pl\/en\/price-list\/","og_locale":"en_GB","og_type":"article","og_title":"Ceny szkole\u0144 z medycyny estetycznej i kosmetologii","og_description":"Cennik | Szkolenia pod okiem profesjonalist\u00f3w z wieloletnim do\u015bwiadczeniem w bran\u017cy beauty zdobytym w Polsce oraz za granic\u0105.","og_url":"https:\/\/akademiabeautyzoom.pl\/en\/price-list\/","og_site_name":"Akademia Beauty Zoom","article_publisher":"https:\/\/www.facebook.com\/akademiabeautyzoom","article_modified_time":"2025-01-30T13:43:14+00:00","og_image":[{"width":1200,"height":675,"url":"https:\/\/akademiabeautyzoom.pl\/wp-content\/uploads\/2025\/02\/domyslny-ogimage.png","type":"image\/png"}],"twitter_card":"summary_large_image","twitter_misc":{"Estimated reading time":"3 minutes"},"schema":{"@context":"https:\/\/schema.org","@graph":[{"@type":"WebPage","@id":"https:\/\/akademiabeautyzoom.pl\/cennik\/","url":"https:\/\/akademiabeautyzoom.pl\/cennik\/","name":"Ceny szkole\u0144 z medycyny estetycznej i kosmetologii","isPartOf":{"@id":"https:\/\/akademiabeautyzoom.pl\/#website"},"datePublished":"2024-11-21T18:17:19+00:00","dateModified":"2025-01-30T13:43:14+00:00","description":"Cennik | Szkolenia pod okiem profesjonalist\u00f3w z wieloletnim do\u015bwiadczeniem w bran\u017cy beauty zdobytym w Polsce oraz za granic\u0105.","breadcrumb":{"@id":"https:\/\/akademiabeautyzoom.pl\/cennik\/#breadcrumb"},"inLanguage":"en-GB","potentialAction":[{"@type":"ReadAction","target":["https:\/\/akademiabeautyzoom.pl\/cennik\/"]}]},{"@type":"BreadcrumbList","@id":"https:\/\/akademiabeautyzoom.pl\/cennik\/#breadcrumb","itemListElement":[{"@type":"ListItem","position":1,"name":"Strona g\u0142\u00f3wna","item":"https:\/\/akademiabeautyzoom.pl\/"},{"@type":"ListItem","position":2,"name":"Cennik"}]},{"@type":"WebSite","@id":"https:\/\/akademiabeautyzoom.pl\/#website","url":"https:\/\/akademiabeautyzoom.pl\/","name":"Akademia Beauty Zoom","description":"","publisher":{"@id":"https:\/\/akademiabeautyzoom.pl\/#organization"},"potentialAction":[{"@type":"SearchAction","target":{"@type":"EntryPoint","urlTemplate":"https:\/\/akademiabeautyzoom.pl\/?s={search_term_string}"},"query-input":{"@type":"PropertyValueSpecification","valueRequired":true,"valueName":"search_term_string"}}],"inLanguage":"en-GB"},{"@type":"Organization","@id":"https:\/\/akademiabeautyzoom.pl\/#organization","name":"Akademia Beauty Zoom","url":"https:\/\/akademiabeautyzoom.pl\/","logo":{"@type":"ImageObject","inLanguage":"en-GB","@id":"https:\/\/akademiabeautyzoom.pl\/#\/schema\/logo\/image\/","url":"https:\/\/akademiabeautyzoom.pl\/wp-content\/uploads\/2025\/01\/Kopia-Akademia-3-e1737558650801.png","contentUrl":"https:\/\/akademiabeautyzoom.pl\/wp-content\/uploads\/2025\/01\/Kopia-Akademia-3-e1737558650801.png","width":1438,"height":460,"caption":"Akademia Beauty Zoom"},"image":{"@id":"https:\/\/akademiabeautyzoom.pl\/#\/schema\/logo\/image\/"},"sameAs":["https:\/\/www.facebook.com\/akademiabeautyzoom","https:\/\/www.tiktok.com\/@akademia.beauty.z?_t=8s7wGY0dpaA&_r=1","https:\/\/www.instagram.com\/akademiabeautyzoom?igsh=YjllaG1uZ2thcXo3&utm_source=qr"]}]}},"_links":{"self":[{"href":"https:\/\/akademiabeautyzoom.pl\/en\/wp-json\/wp\/v2\/pages\/224","targetHints":{"allow":["GET"]}}],"collection":[{"href":"https:\/\/akademiabeautyzoom.pl\/en\/wp-json\/wp\/v2\/pages"}],"about":[{"href":"https:\/\/akademiabeautyzoom.pl\/en\/wp-json\/wp\/v2\/types\/page"}],"author":[{"embeddable":true,"href":"https:\/\/akademiabeautyzoom.pl\/en\/wp-json\/wp\/v2\/users\/1"}],"replies":[{"embeddable":true,"href":"https:\/\/akademiabeautyzoom.pl\/en\/wp-json\/wp\/v2\/comments?post=224"}],"version-history":[{"count":0,"href":"https:\/\/akademiabeautyzoom.pl\/en\/wp-json\/wp\/v2\/pages\/224\/revisions"}],"wp:attachment":[{"href":"https:\/\/akademiabeautyzoom.pl\/en\/wp-json\/wp\/v2\/media?parent=224"}],"wp:term":[{"taxonomy":"kategoria-szkolen","embeddable":true,"href":"https:\/\/akademiabeautyzoom.pl\/en\/wp-json\/wp\/v2\/kategoria-szkolen?post=224"}],"curies":[{"name":"wp","href":"https:\/\/api.w.org\/{rel}","templated":true}]}}