{"id":3,"date":"2024-11-20T08:11:39","date_gmt":"2024-11-20T07:11:39","guid":{"rendered":"https:\/\/beautyzoom.vizu.pl\/?page_id=3"},"modified":"2025-02-02T02:22:06","modified_gmt":"2025-02-02T01:22:06","slug":"polityka-prywatnosci","status":"publish","type":"page","link":"https:\/\/akademiabeautyzoom.pl\/en\/privacy-policy\/","title":{"rendered":"Privacy policy"},"content":{"rendered":"<div class=\"brz-root__container brz-reset-all brz brz-root__container-page\">\n<section id=\"83ddfd4e51f516244cfa_aH0ttv7lHFU_\" class=\"brz-section brz-css-1vm9as0\">\n<div class=\"brz-section__content brz-section--boxed brz-css-1slwe3u brz-css-1v0xuvk\" data-brz-custom-id=\"oxta7BMYptKF\">\n<div class=\"brz-container brz-css-oym63e\">\n<div id=\"\" class=\"brz-css-odz2kw brz-wrapper\">\n<div class=\"brz-rich-text brz-rich-text__custom brz-css-1w7z0s3\" data-brz-custom-id=\"xNLG2CJNnXMs\">\n<div data-brz-translate-text=\"1\">\n<h2 data-generated-css=\"brz-css-rv0QO\" data-uniq-id=\"rgBXW\" class=\"brz-tp-lg-heading2 brz-css-iW7Bx\"><span class=\"brz-cp-color7\">General provisions<\/span><\/h2>\n<\/div>\n<\/div>\n<\/div>\n<div id=\"\" class=\"brz-css-odz2kw brz-wrapper\">\n<div class=\"brz-rich-text brz-rich-text__custom brz-css-1w7z0s3\" data-brz-custom-id=\"qvIUX0s6mbT6\">\n<div data-brz-translate-text=\"1\">\n<p class=\"brz-tp-lg-paragraph brz-css-su5lY\" data-uniq-id=\"vp_ei\" data-generated-css=\"brz-css-kit6M\"><span class=\"brz-cp-color7\">On this page you will find information about how and why we process data about users who visit our website www.akademiabeautyzoom.pl, shop on it. We hope you don't get bored while reading and get to the end without yawning.<\/span><\/p>\n<p class=\"brz-tp-lg-paragraph brz-css-htWBe\" data-uniq-id=\"y6piG\" data-generated-css=\"brz-css-ysOCJ\"><\/p>\n<p class=\"brz-tp-lg-paragraph brz-css-qK1Qf\" data-uniq-id=\"k6ZXb\" data-generated-css=\"brz-css-ewiQd\"><span class=\"brz-cp-color7\">The administrator of the personal data is Beauty Zoom Academy N. Kozir\u00f3g-\u015eahin, M. Zdu\u0144czyk S.C. at ul. Grzybowska 80\/82, 00-844 Warsaw, hereinafter referred to as the \"Administrator\".<\/span><\/p>\n<p class=\"brz-tp-lg-paragraph brz-css-fAUye\" data-uniq-id=\"ajHrL\" data-generated-css=\"brz-css-z8uh9\"><\/p>\n<p class=\"brz-tp-lg-paragraph brz-css-kGD2i\" data-uniq-id=\"fk0Ve\" data-generated-css=\"brz-css-yjg8C\"><span class=\"brz-cp-color7\">\"User\" of our website is you and any person residing on and using our website www.akademiabeautyzoom.pl, hereinafter referred to as the \"Site\".<\/span><\/p>\n<p class=\"brz-tp-lg-paragraph brz-css-pyFzO\" data-uniq-id=\"agrDy\" data-generated-css=\"brz-css-hZhvg\"><\/p>\n<p class=\"brz-tp-lg-paragraph brz-css-byHnr\" data-uniq-id=\"wFycR\" data-generated-css=\"brz-css-lKWvH\"><span class=\"brz-cp-color7\">In accordance with the RODO guidelines, the User data processed on our Site is secured and will not be shared or resold in any way to third parties or individuals.<\/span><\/p>\n<p class=\"brz-tp-lg-paragraph brz-css-drKsk\" data-uniq-id=\"unmUY\" data-generated-css=\"brz-css-vxB_v\"><\/p>\n<p class=\"brz-tp-lg-paragraph brz-css-meUHy\" data-uniq-id=\"kOUFe\" data-generated-css=\"brz-css-k3RrD\"><span class=\"brz-cp-color7\">As Administrator, we reserve the right to make changes to the privacy policy, e.g. in the event of development of our Website or Internet technology, or changes in generally applicable law.<\/span><\/p>\n<p class=\"brz-tp-lg-paragraph brz-css-eWfFE\" data-uniq-id=\"typlr\" data-generated-css=\"brz-css-afJBq\"><\/p>\n<p class=\"brz-tp-lg-paragraph brz-css-jdMKZ\" data-uniq-id=\"hcUjL\" data-generated-css=\"brz-css-ja609\"><span class=\"brz-cp-color7\">If you have any questions or concerns about the privacy policy or the general operation of the Site, please write to: akademiabeautyzoom@gmail.com.<\/span><\/p>\n<\/div>\n<\/div>\n<\/div>\n<\/div>\n<\/div>\n<\/section>\n<section id=\"2841ed6fa18713957fe3_slcZWz3STCnS\" class=\"brz-section brz-css-1vm9as0\">\n<div class=\"brz-section__content brz-section--boxed brz-css-1slwe3u brz-css-yd3l36\" data-brz-custom-id=\"yrAMLpxanYxi\">\n<div class=\"brz-container brz-css-oym63e\">\n<div id=\"\" class=\"brz-css-odz2kw brz-wrapper\">\n<div class=\"brz-rich-text brz-rich-text__custom brz-css-1w7z0s3\" data-brz-custom-id=\"tv_7BuVZCx_m\">\n<div data-brz-translate-text=\"1\">\n<h2 class=\"brz-tp-lg-heading2 brz-css-kX4J7\" data-uniq-id=\"j7xVP\" data-generated-css=\"brz-css-qjVXo\"><span class=\"brz-cp-color7\">Personal data<\/span><\/h2>\n<\/div>\n<\/div>\n<\/div>\n<div id=\"\" class=\"brz-css-odz2kw brz-wrapper\">\n<div class=\"brz-rich-text brz-rich-text__custom brz-css-1w7z0s3\" data-brz-custom-id=\"jN2IEzlBQNhj\">\n<div data-brz-translate-text=\"1\">\n<p class=\"brz-tp-lg-paragraph brz-css-n9Y1a\" data-uniq-id=\"ehQfV\" data-generated-css=\"brz-css-kEMpF\"><span class=\"brz-cp-color7\">The purpose of data collection is to offer services\/products. The provision of data is voluntary, but necessary for the performance of the service or contract, including the creation of an account in the shop on the Site, the issuing of an invoice and the fulfilment of other legal obligations, the dispatch of purchased products, for complaint processes, the addition of comments on the Site, the subscription to the newsletter.<\/span><\/p>\n<p class=\"brz-tp-lg-paragraph brz-css-oqR68\" data-uniq-id=\"f3fqS\" data-generated-css=\"brz-css-uMIVN\"><\/p>\n<p class=\"brz-tp-lg-paragraph brz-css-wNA6O\" data-uniq-id=\"hd3Br\" data-generated-css=\"brz-css-oYJ2o\"><span class=\"brz-cp-color7\">In order to ensure the proper functioning of the Site, we use cookie technology, i.e. \"cookies\" are stored in the User's browser which allow us to recognise a returning user and make it easier for them to use the Site, e.g. automatically filling in the login or not displaying the newsletter sign-up box to the User if they have already signed up.<\/span><\/p>\n<p class=\"brz-tp-lg-paragraph brz-css-gLLiZ\" data-uniq-id=\"k_mHx\" data-generated-css=\"brz-css-bAn0a\"><\/p>\n<p class=\"brz-tp-lg-paragraph brz-css-qBfgs\" data-uniq-id=\"rt54H\" data-generated-css=\"brz-css-tO__1\"><span class=\"brz-cp-color7\">Cookies are also used to collect statistical data for analytical purposes, helping us to understand how you navigate our Site, allowing us to better tailor it to your preferences. This data does not violate the privacy of any user and is protected from access by third parties. More information about cookies is available at http:\/\/wszystkoociasteczkach.pl.<\/span><\/p>\n<p class=\"brz-tp-lg-paragraph brz-css-dYJcs\" data-uniq-id=\"yd9Aj\" data-generated-css=\"brz-css-adoqI\"><\/p>\n<p class=\"brz-tp-lg-paragraph brz-css-eKcJ0\" data-uniq-id=\"hWG8A\" data-generated-css=\"brz-css-g_Qu0\"><span class=\"brz-cp-color7\">In the case of the processing of data on social profiles, the User's data will be used to communicate with him or her or to target marketing content based on the Administrator's legitimate interest, also for the purpose of managing Facebook ads and conducting remarketing activities.<\/span><\/p>\n<p class=\"brz-tp-lg-paragraph brz-css-nR7Nk\" data-uniq-id=\"hQEfx\" data-generated-css=\"brz-css-ipXXK\"><\/p>\n<p class=\"brz-tp-lg-paragraph brz-css-rs4t5\" data-uniq-id=\"nEw36\" data-generated-css=\"brz-css-iZBk3\"><span class=\"brz-cp-color7\">In order to fulfil our contracts, we use external entities, such as courier companies, electronic payment intermediaries, a company that enables the sending of newsletters, a company that offers accounting services, a company that enables electronic contact, entities that provide IT services and marketing. The entities to which we entrust the processing of personal data guarantee the application of appropriate measures for the protection and security of personal data as required by law, in particular by the RODO.<\/span><\/p>\n<\/div>\n<\/div>\n<\/div>\n<\/div>\n<\/div>\n<\/section>\n<section id=\"ccb4cedd433ca8f7e660_uwvAg6KBthJ4\" class=\"brz-section brz-css-1vm9as0\">\n<div class=\"brz-section__content brz-section--boxed brz-css-1slwe3u brz-css-6nmbl\" data-brz-custom-id=\"pc3XCUu9ZpJ1\">\n<div class=\"brz-container brz-css-oym63e\">\n<div id=\"\" class=\"brz-css-odz2kw brz-wrapper\">\n<div class=\"brz-rich-text brz-rich-text__custom brz-css-1w7z0s3\" data-brz-custom-id=\"fxuYUmwmlKcO\">\n<div data-brz-translate-text=\"1\">\n<h2 class=\"brz-tp-lg-heading2 brz-css-zMw4T\" data-generated-css=\"brz-css-j8YBQ\" data-uniq-id=\"aWrnj\"><span class=\"brz-cp-color7\">Management of personal data<\/span><\/h2>\n<\/div>\n<\/div>\n<\/div>\n<div id=\"\" class=\"brz-css-odz2kw brz-wrapper\">\n<div class=\"brz-rich-text brz-rich-text__custom brz-css-1w7z0s3\" data-brz-custom-id=\"xsDetEu3cwh9\">\n<div data-brz-translate-text=\"1\">\n<p class=\"brz-tp-lg-paragraph brz-css-grQmi\" data-uniq-id=\"l1_sh,nFlKE,yTCZr,s6DUZ,vjE6f,ieNrQ,rw3gN,nejo6,qEpxL\" data-generated-css=\"brz-css-rUcob,brz-css-o8dW2,brz-css-q1fv1,brz-css-fUaS4,brz-css-pUpyP,brz-css-iJwH9,brz-css-nW76I,brz-css-d0yX8,brz-css-t2e3p\"><span class=\"brz-cp-color7\">The Administrator shall store the User's data for the period of performance of the contract, the time necessary for the fulfilment of the Administrator's legitimate interests or until the User's cancellation of the Administrator's services. Cookies data are collected until the User removes them from his\/her browser by himself\/herself.<\/span><\/p>\n<p class=\"brz-tp-lg-paragraph brz-css-gMAJz\" data-uniq-id=\"l1_sh,nFlKE,yTCZr,s6DUZ,vjE6f,ieNrQ,rw3gN,nejo6,qEpxL\" data-generated-css=\"brz-css-rUcob,brz-css-o8dW2,brz-css-q1fv1,brz-css-fUaS4,brz-css-pUpyP,brz-css-iJwH9,brz-css-nW76I,brz-css-d0yX8,brz-css-t2e3p\"><\/p>\n<p class=\"brz-tp-lg-paragraph brz-css-kFhSP\" data-uniq-id=\"l1_sh,nFlKE,yTCZr,s6DUZ,vjE6f,ieNrQ,rw3gN,nejo6,qEpxL\" data-generated-css=\"brz-css-rUcob,brz-css-o8dW2,brz-css-q1fv1,brz-css-fUaS4,brz-css-pUpyP,brz-css-iJwH9,brz-css-nW76I,brz-css-d0yX8,brz-css-t2e3p\"><span class=\"brz-cp-color7\">Remember that as a User you have the right to access the personal data we process about you and the right to rectification, erasure, restriction of processing, the right to data portability, the right to object, to withdraw consent to the processing of personal data where such consent has been given to us, which can be done by email to akademiabeautyzoom@gmail.com.<\/span><\/p>\n<p class=\"brz-tp-lg-paragraph brz-css-cdW1c\" data-uniq-id=\"l1_sh,nFlKE,yTCZr,s6DUZ,vjE6f,ieNrQ,rw3gN,nejo6,qEpxL\" data-generated-css=\"brz-css-rUcob,brz-css-o8dW2,brz-css-q1fv1,brz-css-fUaS4,brz-css-pUpyP,brz-css-iJwH9,brz-css-nW76I,brz-css-d0yX8,brz-css-t2e3p\"><\/p>\n<p class=\"brz-tp-lg-paragraph brz-css-x1z2W\" data-uniq-id=\"qZwtl\" data-generated-css=\"brz-css-ldQPY\"><span class=\"brz-cp-color7\">You have the right to lodge a complaint with the DPA if you consider that your personal data is being processed by us unlawfully, in particular contrary to the General Data Protection Regulation.<\/span><\/p>\n<\/div>\n<\/div>\n<\/div>\n<\/div>\n<\/div>\n<\/section>\n<\/div>\n<p>    <!-- version:1738459326 --><\/p>","protected":false},"excerpt":{"rendered":"<p>General On this page you will find information about how and why we process data about users who visit our website www.akademiabeautyzoom.pl, shop on it. We hope you won't get bored while reading it and will get to the end without yawning. The administrator of your personal data is Beauty Zoom Academy N. Kozir\u00f3g-\u015eahin, M. Zdu\u0144czyk S.C. at the address [...] Street.<\/p>","protected":false},"author":1,"featured_media":0,"parent":0,"menu_order":0,"comment_status":"closed","ping_status":"open","template":"","meta":{"_acf_changed":false,"footnotes":""},"kategoria-szkolen":[],"class_list":["post-3","page","type-page","status-publish","hentry"],"blocksy_meta":[],"acf":[],"yoast_head":"<!-- This site is optimized with the Yoast SEO plugin v24.4 - https:\/\/yoast.com\/wordpress\/plugins\/seo\/ -->\n<title>Polityka prywatno\u015bci - Akademia Beauty Zoom<\/title>\n<meta name=\"robots\" content=\"index, follow, max-snippet:-1, max-image-preview:large, max-video-preview:-1\" \/>\n<link rel=\"canonical\" href=\"https:\/\/akademiabeautyzoom.pl\/en\/privacy-policy\/\" \/>\n<meta property=\"og:locale\" content=\"en_GB\" \/>\n<meta property=\"og:type\" content=\"article\" \/>\n<meta property=\"og:title\" content=\"Polityka prywatno\u015bci - Akademia Beauty Zoom\" \/>\n<meta property=\"og:description\" content=\"Postanowienia og\u00f3lne Na niniejszej stronie znajdziesz informacje o tym, jak i dlaczego przetwarzamy dane o u\u017cytkownikach, kt\u00f3rzy odwiedzaj\u0105 nasz\u0105 stron\u0119 www.akademiabeautyzoom.pl, robi\u0105 na niej zakupy. Mamy nadziej\u0119, \u017ce nie zanudzisz si\u0119 w trakcie czytania i dotrzesz do ko\u0144ca bez ziewania. Administratorem danych osobowych jest Akademia Beauty Zoom N. Kozir\u00f3g-\u015eahin, M. Zdu\u0144czyk S.C. pod adresem ul. [&hellip;]\" \/>\n<meta property=\"og:url\" content=\"https:\/\/akademiabeautyzoom.pl\/en\/privacy-policy\/\" \/>\n<meta property=\"og:site_name\" content=\"Akademia Beauty Zoom\" \/>\n<meta property=\"article:publisher\" content=\"https:\/\/www.facebook.com\/akademiabeautyzoom\" \/>\n<meta property=\"article:modified_time\" content=\"2025-02-02T01:22:06+00:00\" \/>\n<meta property=\"og:image\" content=\"https:\/\/akademiabeautyzoom.pl\/wp-content\/uploads\/2025\/02\/domyslny-ogimage.png\" \/>\n\t<meta property=\"og:image:width\" content=\"1200\" \/>\n\t<meta property=\"og:image:height\" content=\"675\" \/>\n\t<meta property=\"og:image:type\" content=\"image\/png\" \/>\n<meta name=\"twitter:card\" content=\"summary_large_image\" \/>\n<meta name=\"twitter:label1\" content=\"Estimated reading time\" \/>\n\t<meta name=\"twitter:data1\" content=\"3 minutes\" \/>\n<script type=\"application\/ld+json\" class=\"yoast-schema-graph\">{\"@context\":\"https:\/\/schema.org\",\"@graph\":[{\"@type\":\"WebPage\",\"@id\":\"https:\/\/akademiabeautyzoom.pl\/polityka-prywatnosci\/\",\"url\":\"https:\/\/akademiabeautyzoom.pl\/polityka-prywatnosci\/\",\"name\":\"Polityka prywatno\u015bci - Akademia Beauty Zoom\",\"isPartOf\":{\"@id\":\"https:\/\/akademiabeautyzoom.pl\/#website\"},\"datePublished\":\"2024-11-20T07:11:39+00:00\",\"dateModified\":\"2025-02-02T01:22:06+00:00\",\"breadcrumb\":{\"@id\":\"https:\/\/akademiabeautyzoom.pl\/polityka-prywatnosci\/#breadcrumb\"},\"inLanguage\":\"en-GB\",\"potentialAction\":[{\"@type\":\"ReadAction\",\"target\":[\"https:\/\/akademiabeautyzoom.pl\/polityka-prywatnosci\/\"]}]},{\"@type\":\"BreadcrumbList\",\"@id\":\"https:\/\/akademiabeautyzoom.pl\/polityka-prywatnosci\/#breadcrumb\",\"itemListElement\":[{\"@type\":\"ListItem\",\"position\":1,\"name\":\"Strona g\u0142\u00f3wna\",\"item\":\"https:\/\/akademiabeautyzoom.pl\/\"},{\"@type\":\"ListItem\",\"position\":2,\"name\":\"Polityka prywatno\u015bci\"}]},{\"@type\":\"WebSite\",\"@id\":\"https:\/\/akademiabeautyzoom.pl\/#website\",\"url\":\"https:\/\/akademiabeautyzoom.pl\/\",\"name\":\"Akademia Beauty Zoom\",\"description\":\"\",\"publisher\":{\"@id\":\"https:\/\/akademiabeautyzoom.pl\/#organization\"},\"potentialAction\":[{\"@type\":\"SearchAction\",\"target\":{\"@type\":\"EntryPoint\",\"urlTemplate\":\"https:\/\/akademiabeautyzoom.pl\/?s={search_term_string}\"},\"query-input\":{\"@type\":\"PropertyValueSpecification\",\"valueRequired\":true,\"valueName\":\"search_term_string\"}}],\"inLanguage\":\"en-GB\"},{\"@type\":\"Organization\",\"@id\":\"https:\/\/akademiabeautyzoom.pl\/#organization\",\"name\":\"Akademia Beauty Zoom\",\"url\":\"https:\/\/akademiabeautyzoom.pl\/\",\"logo\":{\"@type\":\"ImageObject\",\"inLanguage\":\"en-GB\",\"@id\":\"https:\/\/akademiabeautyzoom.pl\/#\/schema\/logo\/image\/\",\"url\":\"https:\/\/akademiabeautyzoom.pl\/wp-content\/uploads\/2025\/01\/Kopia-Akademia-3-e1737558650801.png\",\"contentUrl\":\"https:\/\/akademiabeautyzoom.pl\/wp-content\/uploads\/2025\/01\/Kopia-Akademia-3-e1737558650801.png\",\"width\":1438,\"height\":460,\"caption\":\"Akademia Beauty Zoom\"},\"image\":{\"@id\":\"https:\/\/akademiabeautyzoom.pl\/#\/schema\/logo\/image\/\"},\"sameAs\":[\"https:\/\/www.facebook.com\/akademiabeautyzoom\",\"https:\/\/www.tiktok.com\/@akademia.beauty.z?_t=8s7wGY0dpaA&_r=1\",\"https:\/\/www.instagram.com\/akademiabeautyzoom?igsh=YjllaG1uZ2thcXo3&utm_source=qr\"]}]}<\/script>\n<!-- \/ Yoast SEO plugin. -->","yoast_head_json":{"title":"Polityka prywatno\u015bci - Akademia Beauty Zoom","robots":{"index":"index","follow":"follow","max-snippet":"max-snippet:-1","max-image-preview":"max-image-preview:large","max-video-preview":"max-video-preview:-1"},"canonical":"https:\/\/akademiabeautyzoom.pl\/en\/privacy-policy\/","og_locale":"en_GB","og_type":"article","og_title":"Polityka prywatno\u015bci - Akademia Beauty Zoom","og_description":"Postanowienia og\u00f3lne Na niniejszej stronie znajdziesz informacje o tym, jak i dlaczego przetwarzamy dane o u\u017cytkownikach, kt\u00f3rzy odwiedzaj\u0105 nasz\u0105 stron\u0119 www.akademiabeautyzoom.pl, robi\u0105 na niej zakupy. Mamy nadziej\u0119, \u017ce nie zanudzisz si\u0119 w trakcie czytania i dotrzesz do ko\u0144ca bez ziewania. Administratorem danych osobowych jest Akademia Beauty Zoom N. Kozir\u00f3g-\u015eahin, M. Zdu\u0144czyk S.C. pod adresem ul. [&hellip;]","og_url":"https:\/\/akademiabeautyzoom.pl\/en\/privacy-policy\/","og_site_name":"Akademia Beauty Zoom","article_publisher":"https:\/\/www.facebook.com\/akademiabeautyzoom","article_modified_time":"2025-02-02T01:22:06+00:00","og_image":[{"width":1200,"height":675,"url":"https:\/\/akademiabeautyzoom.pl\/wp-content\/uploads\/2025\/02\/domyslny-ogimage.png","type":"image\/png"}],"twitter_card":"summary_large_image","twitter_misc":{"Estimated reading time":"3 minutes"},"schema":{"@context":"https:\/\/schema.org","@graph":[{"@type":"WebPage","@id":"https:\/\/akademiabeautyzoom.pl\/polityka-prywatnosci\/","url":"https:\/\/akademiabeautyzoom.pl\/polityka-prywatnosci\/","name":"Polityka prywatno\u015bci - Akademia Beauty Zoom","isPartOf":{"@id":"https:\/\/akademiabeautyzoom.pl\/#website"},"datePublished":"2024-11-20T07:11:39+00:00","dateModified":"2025-02-02T01:22:06+00:00","breadcrumb":{"@id":"https:\/\/akademiabeautyzoom.pl\/polityka-prywatnosci\/#breadcrumb"},"inLanguage":"en-GB","potentialAction":[{"@type":"ReadAction","target":["https:\/\/akademiabeautyzoom.pl\/polityka-prywatnosci\/"]}]},{"@type":"BreadcrumbList","@id":"https:\/\/akademiabeautyzoom.pl\/polityka-prywatnosci\/#breadcrumb","itemListElement":[{"@type":"ListItem","position":1,"name":"Strona g\u0142\u00f3wna","item":"https:\/\/akademiabeautyzoom.pl\/"},{"@type":"ListItem","position":2,"name":"Polityka prywatno\u015bci"}]},{"@type":"WebSite","@id":"https:\/\/akademiabeautyzoom.pl\/#website","url":"https:\/\/akademiabeautyzoom.pl\/","name":"Akademia Beauty Zoom","description":"","publisher":{"@id":"https:\/\/akademiabeautyzoom.pl\/#organization"},"potentialAction":[{"@type":"SearchAction","target":{"@type":"EntryPoint","urlTemplate":"https:\/\/akademiabeautyzoom.pl\/?s={search_term_string}"},"query-input":{"@type":"PropertyValueSpecification","valueRequired":true,"valueName":"search_term_string"}}],"inLanguage":"en-GB"},{"@type":"Organization","@id":"https:\/\/akademiabeautyzoom.pl\/#organization","name":"Akademia Beauty Zoom","url":"https:\/\/akademiabeautyzoom.pl\/","logo":{"@type":"ImageObject","inLanguage":"en-GB","@id":"https:\/\/akademiabeautyzoom.pl\/#\/schema\/logo\/image\/","url":"https:\/\/akademiabeautyzoom.pl\/wp-content\/uploads\/2025\/01\/Kopia-Akademia-3-e1737558650801.png","contentUrl":"https:\/\/akademiabeautyzoom.pl\/wp-content\/uploads\/2025\/01\/Kopia-Akademia-3-e1737558650801.png","width":1438,"height":460,"caption":"Akademia Beauty Zoom"},"image":{"@id":"https:\/\/akademiabeautyzoom.pl\/#\/schema\/logo\/image\/"},"sameAs":["https:\/\/www.facebook.com\/akademiabeautyzoom","https:\/\/www.tiktok.com\/@akademia.beauty.z?_t=8s7wGY0dpaA&_r=1","https:\/\/www.instagram.com\/akademiabeautyzoom?igsh=YjllaG1uZ2thcXo3&utm_source=qr"]}]}},"_links":{"self":[{"href":"https:\/\/akademiabeautyzoom.pl\/en\/wp-json\/wp\/v2\/pages\/3","targetHints":{"allow":["GET"]}}],"collection":[{"href":"https:\/\/akademiabeautyzoom.pl\/en\/wp-json\/wp\/v2\/pages"}],"about":[{"href":"https:\/\/akademiabeautyzoom.pl\/en\/wp-json\/wp\/v2\/types\/page"}],"author":[{"embeddable":true,"href":"https:\/\/akademiabeautyzoom.pl\/en\/wp-json\/wp\/v2\/users\/1"}],"replies":[{"embeddable":true,"href":"https:\/\/akademiabeautyzoom.pl\/en\/wp-json\/wp\/v2\/comments?post=3"}],"version-history":[{"count":0,"href":"https:\/\/akademiabeautyzoom.pl\/en\/wp-json\/wp\/v2\/pages\/3\/revisions"}],"wp:attachment":[{"href":"https:\/\/akademiabeautyzoom.pl\/en\/wp-json\/wp\/v2\/media?parent=3"}],"wp:term":[{"taxonomy":"kategoria-szkolen","embeddable":true,"href":"https:\/\/akademiabeautyzoom.pl\/en\/wp-json\/wp\/v2\/kategoria-szkolen?post=3"}],"curies":[{"name":"wp","href":"https:\/\/api.w.org\/{rel}","templated":true}]}}