{"id":3750,"date":"2025-01-30T14:36:45","date_gmt":"2025-01-30T13:36:45","guid":{"rendered":"https:\/\/akademiabeautyzoom.vizu.pl\/?page_id=3750"},"modified":"2025-01-30T14:38:15","modified_gmt":"2025-01-30T13:38:15","slug":"cennik-szkolen-z-makijazu-permanentnego","status":"publish","type":"page","link":"https:\/\/akademiabeautyzoom.pl\/en\/price-list\/permanent-make-up-training-price-list\/","title":{"rendered":"Price list for permanent make-up training"},"content":{"rendered":"<div class=\"brz-root__container brz-reset-all brz brz-root__container-page\">{{ brizy_dc_global_blocks position='top' }}<\/p>\n<section id=\"cennik-makijaz-permanentny\" class=\"brz-section sekcja-kotwicy brz-css-76suc0\">\n<div class=\"brz-section__content brz-section--boxed brz-css-ju2umy brz-css-11d1595\" data-brz-custom-id=\"sFFrKJBOhMDR\">\n<div class=\"brz-container brz-css-cio7et brz-css-1jdu7j9\">\n<div class=\"brz-row__container brz-css-1yvwcvc brz-css-gjxmla\" data-brz-custom-id=\"raQMkuQgqyET\">\n<div class=\"brz-bg\">\n<div class=\"brz-bg-color\"><\/div>\n<\/div>\n<div class=\"brz-row brz-css-kfuy31 brz-css-1gidz4g\">\n<div class=\"brz-columns brz-css-gtr346 brz-css-1tz6bsc\" data-brz-custom-id=\"pnvdOqySzUUY\">\n<div class=\"brz-bg\"><\/div>\n<div class=\"brz-column__items brz-css-xp1va8 brz-css-vkxzzq\">\n<div id=\"\" class=\"brz-css-1yodagz brz-wrapper\">\n<div class=\"brz-rich-text brz-rich-text__custom brz-css-xr7nd\" data-brz-custom-id=\"n8oruZEAHlKg\">\n<div data-brz-translate-text=\"1\">\n<h2 class=\"brz-text-lg-left brz-text-xs-left brz-tp-lg-heading2 brz-css-jZcbP\" data-generated-css=\"brz-css-v5hfu\" data-uniq-id=\"ts4H0\"><span class=\"brz-cp-color8\" style=\"color: rgba(var(--brz-global-color8),1);\">Permanent make-up<\/span><\/h2>\n<\/div>\n<\/div>\n<\/div>\n<\/div>\n<\/div>\n<div class=\"brz-columns brz-css-gtr346 brz-css-1iahbxx\" data-brz-custom-id=\"aQvxOpq3tm02\">\n<div class=\"brz-bg\"><\/div>\n<div class=\"brz-column__items brz-css-xp1va8\">\n<div id=\"\" class=\"brz-css-1yodagz brz-wrapper\">\n<div class=\"brz-rich-text brz-rich-text__custom brz-css-xr7nd\" data-brz-custom-id=\"e1XKkGX_k_DJ\">\n<div data-brz-translate-text=\"1\">\n<p data-uniq-id=\"xGrZN\" data-generated-css=\"brz-css-cHFqC\" class=\"brz-text-xs-right brz-tp-lg-heading5 brz-bcp-color8 brz-text-lg-center brz-css-pTggr\"><span class=\"brz-cp-color8\" style=\"color: rgba(var(--brz-global-color8),1);\">Duration<\/span><\/p>\n<\/div>\n<\/div>\n<\/div>\n<\/div>\n<\/div>\n<div class=\"brz-columns brz-css-gtr346 brz-css-jwni03\" data-brz-custom-id=\"qBV33ez4dCtu\">\n<div class=\"brz-bg\"><\/div>\n<div class=\"brz-column__items brz-css-xp1va8\">\n<div id=\"\" class=\"brz-css-1yodagz brz-wrapper\">\n<div class=\"brz-rich-text brz-rich-text__custom brz-css-xr7nd\" data-brz-custom-id=\"dpCpkDgnZvUq\">\n<div data-brz-translate-text=\"1\">\n<p class=\"brz-tp-lg-heading5 brz-bcp-color2 brz-text-sm-center brz-text-lg-center brz-text-xs-center brz-css-nsZl5\" data-uniq-id=\"uszL1\" data-generated-css=\"brz-css-rlqFe\"><span class=\"brz-cp-color8\" style=\"color: rgba(var(--brz-global-color8),1);\">Price<\/span><\/p>\n<\/div>\n<\/div>\n<\/div>\n<\/div>\n<\/div>\n<div class=\"brz-columns brz-css-gtr346 brz-css-779fic\" data-brz-custom-id=\"gLILLEiF_bsd\">\n<div class=\"brz-bg\"><\/div>\n<div class=\"brz-column__items brz-css-xp1va8 brz-css-1jvdjup\">\n<div id=\"\" class=\"brz-css-1yodagz brz-css-hfg106 brz-css-1y1xvqd brz-wrapper\">\n<div class=\"brz-spacer brz-css-ollt28 brz-css-7gcshq\"><\/div>\n<\/div>\n<div class=\"brz-row__container brz-css-1yvwcvc\" data-brz-custom-id=\"rSYHjx7u00cT\">\n<div class=\"brz-bg\"><\/div>\n<div class=\"brz-row brz-row--inner brz-css-kfuy31 brz-css-1vffwy\">\n<div class=\"brz-columns brz-css-gtr346 brz-css-1ajlz54\" data-brz-custom-id=\"u3w494ClrHVP\">\n<div class=\"brz-column__items brz-css-xp1va8 brz-css-ukyngj\">\n<div id=\"\" class=\"brz-css-1yodagz brz-css-hfg106 brz-css-1i5hlxv brz-wrapper\">\n<div class=\"brz-spacer brz-css-ollt28 brz-css-1l4g1wj\"><\/div>\n<\/div>\n<\/div>\n<\/div>\n<\/div>\n<\/div>\n<\/div>\n<\/div>\n<\/div>\n<\/div>\n<div id=\"\" class=\"brz-css-1yodagz brz-css-d0r8dd brz-css-16wldc8 brz-wrapper\">\n<div class=\"brz-posts brz-css-1732yur brz-css-18bpdga\" data-brz-custom-id=\"aZATmMEbJPr0\">\n<div class=\"brz-posts__wrapper\">{{placeholder content='e3ticml6eV9kY19wb3N0X2xvb3B9fQ==' query='post_status=publish&amp;post_type=page&amp;posts_per_page=20&amp;ignore_sticky_posts=1&amp;tax_query[0][0][taxonomy]=category-szkolen&amp;tax_query[0][0][field]=term_id&amp;tax_query[0][0][terms]=13&amp;tax_query[0][relation]=OR&amp;orderby=ID&amp;order=ASC\u2019}}<\/p>\n<div class=\"brz-posts__item\">\n<div class=\"brz-columns brz-css-gtr346 brz-css-1hcbpra brz-css-54aoyc\" data-brz-custom-id=\"cSWqGx_84ktL\">\n<div class=\"brz-bg\"><\/div>\n<div class=\"brz-column__items brz-css-xp1va8 brz-css-obodrg\">\n<div class=\"brz-row__container brz-css-1yvwcvc brz-css-1ginub6\" data-brz-custom-id=\"vuoI8jzPV2BA\">\n<div class=\"brz-bg\">\n<div class=\"brz-bg-color\"><\/div>\n<\/div>\n<div class=\"brz-row brz-css-kfuy31\">\n<div class=\"brz-columns brz-css-gtr346 brz-css-ew3txu\" data-brz-custom-id=\"y60StJKsuqk6\">\n<div class=\"brz-bg\"><\/div>\n<div class=\"brz-column__items brz-css-xp1va8 brz-css-1qdc4si\">\n<div id=\"\" class=\"brz-css-1yodagz brz-wrapper\">\n<div class=\"brz-wp-title brz-css-gmzmm4 brz-css-1os1sru brz-css-ktbkju\" data-brz-custom-id=\"zj6LxxvI2Xy_\"><span class=\"brz-wp-title-content\" style=\"min-height:20px\">{{placeholder content='e3ticml6eV9kY19wb3N0X3RpdGxlfX0='}}}<\/span><\/div>\n<\/div>\n<\/div>\n<\/div>\n<div class=\"brz-columns brz-css-gtr346 brz-css-ghylax\" data-brz-custom-id=\"lMQPZEBX1UH7\">\n<div class=\"brz-bg\"><\/div>\n<div class=\"brz-column__items brz-css-xp1va8 brz-css-10ztxip\">\n<div id=\"\" class=\"brz-css-1yodagz brz-wrapper\">\n<div class=\"brz-rich-text brz-rich-text__population brz-css-xr7nd brz-css-1baf8y4 brz-css-m4mobt\" data-brz-custom-id=\"xn76QRvj_j0a\"><span>{{placeholder content='e3ticml6eV9kY18yODAwX2N6YXNfdHJ3YW5pYV9zemtvbGVuaWF9fQ==' entityType='page'}}<\/span><\/div>\n<\/div>\n<\/div>\n<\/div>\n<div class=\"brz-columns brz-css-gtr346 brz-css-k6wcuz\" data-brz-custom-id=\"pXwqpZITLNFD\">\n<div class=\"brz-bg\"><\/div>\n<div class=\"brz-column__items brz-css-xp1va8\">\n<div id=\"\" class=\"brz-css-1yodagz brz-wrapper\">\n<div class=\"brz-rich-text brz-rich-text__population brz-css-xr7nd brz-css-1baf8y4 brz-css-8vebty\" data-brz-custom-id=\"tkoDcAqbpUrI\"><span>{{placeholder content='e3ticml6eV9kY18yODAwX2NlbmF9fQ==' entityType='page'}}<\/span><\/div>\n<\/div>\n<\/div>\n<\/div>\n<div class=\"brz-columns brz-css-gtr346 brz-css-1vtewnc\" data-brz-custom-id=\"moAAvEu_rYFi\">\n<div class=\"brz-bg\"><\/div>\n<div class=\"brz-column__items brz-css-xp1va8 brz-css-2fz9w2\">\n<div class=\"brz-wrapper-clone brz-css-1o7gy0g\">\n<div class=\"brz-d-xs-flex brz-flex-xs-wrap brz-css-1v3yeyk brz-css-by7yyt\" data-brz-custom-id=\"\">\n<div class=\"brz-wrapper-clone__item\" id=\"pDa7HnO_Vc6M\"><a class=\"brz-a brz-btn brz-css-1yf2h3j brz-css-1lutyq6 brz-css-cgu3ng brz-css-1jhip8l\" href=\"\/en\/{{placeholder content='e3ticml6eV9kY191cmxfcG9zdH19'}}\/\" target=\"_self\" rel=\"noopener\" data-brz-link-type=\"external\" data-brz-custom-id=\"pDa7HnO_Vc6M\"><span data-brz-translate-text=\"1\" class=\"brz-span brz-text__editor\">Details<\/span><\/a><\/div>\n<\/div>\n<\/div>\n<\/div>\n<\/div>\n<\/div>\n<\/div>\n<\/div>\n<\/div>\n<\/div>\n<p>{{placeholder content='e3tlbmRfYnJpenlfZGNfcG9zdF9sb29wfX0='}}.<\/p><\/div>\n<\/div>\n<\/div>\n<\/div>\n<\/div>\n<\/section>\n<section id=\"{{placeholder content='e3sgcmFuZG9tX2lkIH19' key='e0JEfEa_Y_FF'}}_e0JEfEa_Y_FF\" class=\"brz-section brz-css-76suc0\">\n<div class=\"brz-section__content brz-section--boxed brz-css-ju2umy brz-css-4l17n1\" data-brz-custom-id=\"iH2w4sWq8Y3S\">\n<div class=\"brz-container brz-css-cio7et\">\n<div id=\"\" class=\"brz-css-1yodagz brz-wrapper\">\n<div class=\"brz-rich-text brz-rich-text__custom brz-css-xr7nd\" data-brz-custom-id=\"tO3pgi669o0i\">\n<div data-brz-translate-text=\"1\">\n<p class=\"brz-tp-lg-paragraph brz-css-sCFlU\" data-generated-css=\"brz-css-jdYaC\" data-uniq-id=\"mxyQN\"><strong class=\"brz-cp-color7\">Attention: <\/strong><span class=\"brz-cp-color7\">For each of the prices quoted, an additional charge of PLN 1,000 is added to each individual training course, while training courses conducted in Russian or English incur an additional charge of PLN 1,500.<\/span><\/p>\n<\/div>\n<\/div>\n<\/div>\n<\/div>\n<\/div>\n<\/section>\n<p>{{ brizy_dc_global_blocks position='bottom' }}<\/p><\/div>\n<p>    <!-- version:1738244295 --><\/p>","protected":false},"excerpt":{"rendered":"<p>{{ brizy_dc_global_blocks position='top' }}} Permanent Makeup Duration Price {{placeholder content='e3ticml6eV9kY19wb3N0X2xvb3B9fQ==' query='post_status=publish&amp;post_type=page&amp;posts_per_page=20&amp;ignore_sticky_posts=1&amp;tax_query[0][0][taxonomy]=category-.szkolen&amp;tax_query[0][0][field]=term_id&amp;tax_query[0][0][terms]=13&amp;tax_query[0][relation]=OR&amp;orderby=ID&amp;order=ASC\u2019}} {{placeholder content='e3ticml6eV9kY19wb3N0X3RpdGxlfX0='}}} {{placeholder content='e3ticml6eV9kY18yODAwX2N6YXNfdHJ3YW5pYV9zemtvbGVuaWF9fQ==' entityType='page'}} {{placeholder content='e3ticml6eV9kY18yODAwX2NlbmF9fQ==' entityType='page'}}} Details {{placeholder content='e3tlbmRfYnJpenlfZGNfcG9zdF9sb29wfX0='}}} Please note: For each of the prices quoted, an additional fee of \u00a31,000 is added to each individual training course, while training courses conducted in Russian or English incur a surcharge of [...]<\/p>","protected":false},"author":1,"featured_media":0,"parent":224,"menu_order":0,"comment_status":"closed","ping_status":"closed","template":"brizy-blank-template.php","meta":{"_acf_changed":false,"footnotes":""},"kategoria-szkolen":[],"class_list":["post-3750","page","type-page","status-publish","hentry"],"blocksy_meta":[],"acf":[],"yoast_head":"<!-- This site is optimized with the Yoast SEO plugin v24.4 - https:\/\/yoast.com\/wordpress\/plugins\/seo\/ -->\n<title>Cennik szkole\u0144 z Makija\u017cu Permanentnego - Akademia Beauty Zoom<\/title>\n<meta name=\"robots\" content=\"index, follow, max-snippet:-1, max-image-preview:large, max-video-preview:-1\" \/>\n<link rel=\"canonical\" href=\"https:\/\/akademiabeautyzoom.pl\/en\/price-list\/permanent-make-up-training-price-list\/\" \/>\n<meta property=\"og:locale\" content=\"en_GB\" \/>\n<meta property=\"og:type\" content=\"article\" \/>\n<meta property=\"og:title\" content=\"Cennik szkole\u0144 z Makija\u017cu Permanentnego - Akademia Beauty Zoom\" \/>\n<meta property=\"og:description\" content=\"{{ brizy_dc_global_blocks position=&#8217;top&#8217; }} Makija\u017c permanentny Czas trwania Cena {{placeholder content=&#8217;e3ticml6eV9kY19wb3N0X2xvb3B9fQ==&#8217; query=&#8217;post_status=publish&amp;post_type=page&amp;posts_per_page=20&amp;ignore_sticky_posts=1&amp;tax_query[0][0][taxonomy]=kategoria-szkolen&amp;tax_query[0][0][field]=term_id&amp;tax_query[0][0][terms]=13&amp;tax_query[0][relation]=OR&amp;orderby=ID&amp;order=ASC&#8217;}} {{placeholder content=&#8217;e3ticml6eV9kY19wb3N0X3RpdGxlfX0=&#8217;}} {{placeholder content=&#8217;e3ticml6eV9kY18yODAwX2N6YXNfdHJ3YW5pYV9zemtvbGVuaWF9fQ==&#8217; entityType=&#8217;page&#8217;}} {{placeholder content=&#8217;e3ticml6eV9kY18yODAwX2NlbmF9fQ==&#8217; entityType=&#8217;page&#8217;}} Szczeg\u00f3\u0142y {{placeholder content=&#8217;e3tlbmRfYnJpenlfZGNfcG9zdF9sb29wfX0=&#8217;}} Uwaga: Dla ka\u017cdej z podanych cen, do ka\u017cdego szkolenia indywidualnego doliczana jest dodatkowa op\u0142ata w wysoko\u015bci 1000 z\u0142, natomiast szkolenia prowadzone w j\u0119zyku rosyjskim lub angielskim wi\u0105\u017c\u0105 si\u0119 z dop\u0142at\u0105 w wysoko\u015bci [&hellip;]\" \/>\n<meta property=\"og:url\" content=\"https:\/\/akademiabeautyzoom.pl\/en\/price-list\/permanent-make-up-training-price-list\/\" \/>\n<meta property=\"og:site_name\" content=\"Akademia Beauty Zoom\" \/>\n<meta property=\"article:publisher\" content=\"https:\/\/www.facebook.com\/akademiabeautyzoom\" \/>\n<meta property=\"article:modified_time\" content=\"2025-01-30T13:38:15+00:00\" \/>\n<meta property=\"og:image\" content=\"https:\/\/akademiabeautyzoom.pl\/wp-content\/uploads\/2025\/02\/domyslny-ogimage.png\" \/>\n\t<meta property=\"og:image:width\" content=\"1200\" \/>\n\t<meta property=\"og:image:height\" content=\"675\" \/>\n\t<meta property=\"og:image:type\" content=\"image\/png\" \/>\n<meta name=\"twitter:card\" content=\"summary_large_image\" \/>\n<script type=\"application\/ld+json\" class=\"yoast-schema-graph\">{\"@context\":\"https:\/\/schema.org\",\"@graph\":[{\"@type\":\"WebPage\",\"@id\":\"https:\/\/akademiabeautyzoom.pl\/cennik\/cennik-szkolen-z-makijazu-permanentnego\/\",\"url\":\"https:\/\/akademiabeautyzoom.pl\/cennik\/cennik-szkolen-z-makijazu-permanentnego\/\",\"name\":\"Cennik szkole\u0144 z Makija\u017cu Permanentnego - Akademia Beauty Zoom\",\"isPartOf\":{\"@id\":\"https:\/\/akademiabeautyzoom.pl\/#website\"},\"datePublished\":\"2025-01-30T13:36:45+00:00\",\"dateModified\":\"2025-01-30T13:38:15+00:00\",\"breadcrumb\":{\"@id\":\"https:\/\/akademiabeautyzoom.pl\/cennik\/cennik-szkolen-z-makijazu-permanentnego\/#breadcrumb\"},\"inLanguage\":\"en-GB\",\"potentialAction\":[{\"@type\":\"ReadAction\",\"target\":[\"https:\/\/akademiabeautyzoom.pl\/cennik\/cennik-szkolen-z-makijazu-permanentnego\/\"]}]},{\"@type\":\"BreadcrumbList\",\"@id\":\"https:\/\/akademiabeautyzoom.pl\/cennik\/cennik-szkolen-z-makijazu-permanentnego\/#breadcrumb\",\"itemListElement\":[{\"@type\":\"ListItem\",\"position\":1,\"name\":\"Strona g\u0142\u00f3wna\",\"item\":\"https:\/\/akademiabeautyzoom.pl\/\"},{\"@type\":\"ListItem\",\"position\":2,\"name\":\"Cennik\",\"item\":\"https:\/\/akademiabeautyzoom.pl\/cennik\/\"},{\"@type\":\"ListItem\",\"position\":3,\"name\":\"Cennik szkole\u0144 z Makija\u017cu Permanentnego\"}]},{\"@type\":\"WebSite\",\"@id\":\"https:\/\/akademiabeautyzoom.pl\/#website\",\"url\":\"https:\/\/akademiabeautyzoom.pl\/\",\"name\":\"Akademia Beauty Zoom\",\"description\":\"\",\"publisher\":{\"@id\":\"https:\/\/akademiabeautyzoom.pl\/#organization\"},\"potentialAction\":[{\"@type\":\"SearchAction\",\"target\":{\"@type\":\"EntryPoint\",\"urlTemplate\":\"https:\/\/akademiabeautyzoom.pl\/?s={search_term_string}\"},\"query-input\":{\"@type\":\"PropertyValueSpecification\",\"valueRequired\":true,\"valueName\":\"search_term_string\"}}],\"inLanguage\":\"en-GB\"},{\"@type\":\"Organization\",\"@id\":\"https:\/\/akademiabeautyzoom.pl\/#organization\",\"name\":\"Akademia Beauty Zoom\",\"url\":\"https:\/\/akademiabeautyzoom.pl\/\",\"logo\":{\"@type\":\"ImageObject\",\"inLanguage\":\"en-GB\",\"@id\":\"https:\/\/akademiabeautyzoom.pl\/#\/schema\/logo\/image\/\",\"url\":\"https:\/\/akademiabeautyzoom.pl\/wp-content\/uploads\/2025\/01\/Kopia-Akademia-3-e1737558650801.png\",\"contentUrl\":\"https:\/\/akademiabeautyzoom.pl\/wp-content\/uploads\/2025\/01\/Kopia-Akademia-3-e1737558650801.png\",\"width\":1438,\"height\":460,\"caption\":\"Akademia Beauty Zoom\"},\"image\":{\"@id\":\"https:\/\/akademiabeautyzoom.pl\/#\/schema\/logo\/image\/\"},\"sameAs\":[\"https:\/\/www.facebook.com\/akademiabeautyzoom\",\"https:\/\/www.tiktok.com\/@akademia.beauty.z?_t=8s7wGY0dpaA&_r=1\",\"https:\/\/www.instagram.com\/akademiabeautyzoom?igsh=YjllaG1uZ2thcXo3&utm_source=qr\"]}]}<\/script>\n<!-- \/ Yoast SEO plugin. -->","yoast_head_json":{"title":"Cennik szkole\u0144 z Makija\u017cu Permanentnego - Akademia Beauty Zoom","robots":{"index":"index","follow":"follow","max-snippet":"max-snippet:-1","max-image-preview":"max-image-preview:large","max-video-preview":"max-video-preview:-1"},"canonical":"https:\/\/akademiabeautyzoom.pl\/en\/price-list\/permanent-make-up-training-price-list\/","og_locale":"en_GB","og_type":"article","og_title":"Cennik szkole\u0144 z Makija\u017cu Permanentnego - Akademia Beauty Zoom","og_description":"{{ brizy_dc_global_blocks position=&#8217;top&#8217; }} Makija\u017c permanentny Czas trwania Cena {{placeholder content=&#8217;e3ticml6eV9kY19wb3N0X2xvb3B9fQ==&#8217; query=&#8217;post_status=publish&amp;post_type=page&amp;posts_per_page=20&amp;ignore_sticky_posts=1&amp;tax_query[0][0][taxonomy]=kategoria-szkolen&amp;tax_query[0][0][field]=term_id&amp;tax_query[0][0][terms]=13&amp;tax_query[0][relation]=OR&amp;orderby=ID&amp;order=ASC&#8217;}} {{placeholder content=&#8217;e3ticml6eV9kY19wb3N0X3RpdGxlfX0=&#8217;}} {{placeholder content=&#8217;e3ticml6eV9kY18yODAwX2N6YXNfdHJ3YW5pYV9zemtvbGVuaWF9fQ==&#8217; entityType=&#8217;page&#8217;}} {{placeholder content=&#8217;e3ticml6eV9kY18yODAwX2NlbmF9fQ==&#8217; entityType=&#8217;page&#8217;}} Szczeg\u00f3\u0142y {{placeholder content=&#8217;e3tlbmRfYnJpenlfZGNfcG9zdF9sb29wfX0=&#8217;}} Uwaga: Dla ka\u017cdej z podanych cen, do ka\u017cdego szkolenia indywidualnego doliczana jest dodatkowa op\u0142ata w wysoko\u015bci 1000 z\u0142, natomiast szkolenia prowadzone w j\u0119zyku rosyjskim lub angielskim wi\u0105\u017c\u0105 si\u0119 z dop\u0142at\u0105 w wysoko\u015bci [&hellip;]","og_url":"https:\/\/akademiabeautyzoom.pl\/en\/price-list\/permanent-make-up-training-price-list\/","og_site_name":"Akademia Beauty Zoom","article_publisher":"https:\/\/www.facebook.com\/akademiabeautyzoom","article_modified_time":"2025-01-30T13:38:15+00:00","og_image":[{"width":1200,"height":675,"url":"https:\/\/akademiabeautyzoom.pl\/wp-content\/uploads\/2025\/02\/domyslny-ogimage.png","type":"image\/png"}],"twitter_card":"summary_large_image","schema":{"@context":"https:\/\/schema.org","@graph":[{"@type":"WebPage","@id":"https:\/\/akademiabeautyzoom.pl\/cennik\/cennik-szkolen-z-makijazu-permanentnego\/","url":"https:\/\/akademiabeautyzoom.pl\/cennik\/cennik-szkolen-z-makijazu-permanentnego\/","name":"Cennik szkole\u0144 z Makija\u017cu Permanentnego - Akademia Beauty Zoom","isPartOf":{"@id":"https:\/\/akademiabeautyzoom.pl\/#website"},"datePublished":"2025-01-30T13:36:45+00:00","dateModified":"2025-01-30T13:38:15+00:00","breadcrumb":{"@id":"https:\/\/akademiabeautyzoom.pl\/cennik\/cennik-szkolen-z-makijazu-permanentnego\/#breadcrumb"},"inLanguage":"en-GB","potentialAction":[{"@type":"ReadAction","target":["https:\/\/akademiabeautyzoom.pl\/cennik\/cennik-szkolen-z-makijazu-permanentnego\/"]}]},{"@type":"BreadcrumbList","@id":"https:\/\/akademiabeautyzoom.pl\/cennik\/cennik-szkolen-z-makijazu-permanentnego\/#breadcrumb","itemListElement":[{"@type":"ListItem","position":1,"name":"Strona g\u0142\u00f3wna","item":"https:\/\/akademiabeautyzoom.pl\/"},{"@type":"ListItem","position":2,"name":"Cennik","item":"https:\/\/akademiabeautyzoom.pl\/cennik\/"},{"@type":"ListItem","position":3,"name":"Cennik szkole\u0144 z Makija\u017cu Permanentnego"}]},{"@type":"WebSite","@id":"https:\/\/akademiabeautyzoom.pl\/#website","url":"https:\/\/akademiabeautyzoom.pl\/","name":"Akademia Beauty Zoom","description":"","publisher":{"@id":"https:\/\/akademiabeautyzoom.pl\/#organization"},"potentialAction":[{"@type":"SearchAction","target":{"@type":"EntryPoint","urlTemplate":"https:\/\/akademiabeautyzoom.pl\/?s={search_term_string}"},"query-input":{"@type":"PropertyValueSpecification","valueRequired":true,"valueName":"search_term_string"}}],"inLanguage":"en-GB"},{"@type":"Organization","@id":"https:\/\/akademiabeautyzoom.pl\/#organization","name":"Akademia Beauty Zoom","url":"https:\/\/akademiabeautyzoom.pl\/","logo":{"@type":"ImageObject","inLanguage":"en-GB","@id":"https:\/\/akademiabeautyzoom.pl\/#\/schema\/logo\/image\/","url":"https:\/\/akademiabeautyzoom.pl\/wp-content\/uploads\/2025\/01\/Kopia-Akademia-3-e1737558650801.png","contentUrl":"https:\/\/akademiabeautyzoom.pl\/wp-content\/uploads\/2025\/01\/Kopia-Akademia-3-e1737558650801.png","width":1438,"height":460,"caption":"Akademia Beauty Zoom"},"image":{"@id":"https:\/\/akademiabeautyzoom.pl\/#\/schema\/logo\/image\/"},"sameAs":["https:\/\/www.facebook.com\/akademiabeautyzoom","https:\/\/www.tiktok.com\/@akademia.beauty.z?_t=8s7wGY0dpaA&_r=1","https:\/\/www.instagram.com\/akademiabeautyzoom?igsh=YjllaG1uZ2thcXo3&utm_source=qr"]}]}},"_links":{"self":[{"href":"https:\/\/akademiabeautyzoom.pl\/en\/wp-json\/wp\/v2\/pages\/3750","targetHints":{"allow":["GET"]}}],"collection":[{"href":"https:\/\/akademiabeautyzoom.pl\/en\/wp-json\/wp\/v2\/pages"}],"about":[{"href":"https:\/\/akademiabeautyzoom.pl\/en\/wp-json\/wp\/v2\/types\/page"}],"author":[{"embeddable":true,"href":"https:\/\/akademiabeautyzoom.pl\/en\/wp-json\/wp\/v2\/users\/1"}],"replies":[{"embeddable":true,"href":"https:\/\/akademiabeautyzoom.pl\/en\/wp-json\/wp\/v2\/comments?post=3750"}],"version-history":[{"count":0,"href":"https:\/\/akademiabeautyzoom.pl\/en\/wp-json\/wp\/v2\/pages\/3750\/revisions"}],"up":[{"embeddable":true,"href":"https:\/\/akademiabeautyzoom.pl\/en\/wp-json\/wp\/v2\/pages\/224"}],"wp:attachment":[{"href":"https:\/\/akademiabeautyzoom.pl\/en\/wp-json\/wp\/v2\/media?parent=3750"}],"wp:term":[{"taxonomy":"kategoria-szkolen","embeddable":true,"href":"https:\/\/akademiabeautyzoom.pl\/en\/wp-json\/wp\/v2\/kategoria-szkolen?post=3750"}],"curies":[{"name":"wp","href":"https:\/\/api.w.org\/{rel}","templated":true}]}}