{"id":8,"date":"2024-11-20T08:32:58","date_gmt":"2024-11-20T07:32:58","guid":{"rendered":"https:\/\/beautyzoom.vizu.pl\/?page_id=8"},"modified":"2025-01-30T14:31:44","modified_gmt":"2025-01-30T13:31:44","slug":"szkolenia","status":"publish","type":"page","link":"https:\/\/akademiabeautyzoom.pl\/en\/training\/","title":{"rendered":"Courses"},"content":{"rendered":"<div class=\"brz-root__container brz-reset-all brz brz-root__container-page\">{{ brizy_dc_global_blocks position='top' }}<\/p>\n<section id=\"{{placeholder content='e3sgcmFuZG9tX2lkIH19' key='wuyjSRVqceCy'}}_wuyjSRVqceCy\" class=\"brz-section brz-css-1pl8h1b\">\n<div class=\"brz-section__content brz-section--boxed brz-css-1ikpk06 brz-css-cb3wml\" data-brz-custom-id=\"dQBPYHlHmIKn\">\n<div class=\"brz-container brz-css-9o7r9r brz-css-6j184g\">\n<div class=\"brz-row__container brz-css-w87adu\" data-brz-custom-id=\"gDow6lWJFuHj\">\n<div class=\"brz-bg\"><\/div>\n<div class=\"brz-row brz-css-aes0fq brz-css-1nmasg4\">\n<div class=\"brz-columns brz-css-1oeh653 brz-css-sucizp\" data-brz-custom-id=\"lcMf2jM0kFDW\">\n<div class=\"brz-bg\">\n<div class=\"brz-bg-color\"><\/div>\n<\/div>\n<div class=\"brz-column__items brz-css-avwzd4 brz-css-m7s7uo\">\n<div id=\"\" class=\"brz-css-15rtp83 brz-css-1fl5jd7 brz-wrapper\">\n<div class=\"brz-spacer brz-css-304z58\"><\/div>\n<\/div>\n<div id=\"\" class=\"brz-css-15rtp83 brz-wrapper\">\n<div class=\"brz-rich-text brz-rich-text__custom brz-css-utq1f0\" data-brz-custom-id=\"yGnpodKBQfKl\">\n<div data-brz-translate-text=\"1\">\n<h2 data-uniq-id=\"zyDxg\" data-generated-css=\"brz-css-hgoWl\" class=\"brz-tp-lg-heading2 brz-text-lg-center brz-css-yP8oz\"><span style=\"color: rgba(var(--brz-global-color2),1);\" class=\"brz-cp-color2\">Aesthetic medicine<\/span><\/h2>\n<\/div>\n<\/div>\n<\/div>\n<div id=\"\" class=\"brz-css-15rtp83 brz-css-1fl5jd7 brz-wrapper\">\n<div class=\"brz-spacer brz-css-304z58 brz-css-1fxih1t\"><\/div>\n<\/div>\n<div class=\"brz-wrapper-clone brz-css-1esgwri\">\n<div class=\"brz-d-xs-flex brz-flex-xs-wrap brz-css-12n2oq6\" data-brz-custom-id=\"\">\n<div class=\"brz-wrapper-clone__item\" id=\"kBQXvbffdgrx\"><a class=\"brz-a brz-btn brz-css-fosfvy brz-css-1qyjt5e brz-css-ao5w0h brz-css-kh2p4t\" href=\"\/en\/{{placeholder content='e3ticml6eV9kY19wZXJtYWxpbmsgcG9zdF9pZD0iMzYyOSJ9fQ=='}}\/\" target=\"_self\" rel=\"noopener\" data-brz-link-type=\"page\" data-brz-custom-id=\"kBQXvbffdgrx\"><span data-brz-translate-text=\"1\" class=\"brz-span brz-text__editor\">List of training courses<\/span><\/a><\/div>\n<\/div>\n<\/div>\n<div id=\"\" class=\"brz-css-15rtp83 brz-css-1fl5jd7 brz-wrapper\">\n<div class=\"brz-spacer brz-css-304z58 brz-css-g3xrio\"><\/div>\n<\/div>\n<\/div>\n<\/div>\n<div class=\"brz-columns brz-css-1oeh653 brz-css-1qmg43i\" data-brz-custom-id=\"e6oN8dCzbB7G\">\n<div class=\"brz-bg\">\n<div class=\"brz-bg-color\"><\/div>\n<\/div>\n<div class=\"brz-column__items brz-css-avwzd4 brz-css-hrfh09\">\n<div id=\"\" class=\"brz-css-15rtp83 brz-css-1fl5jd7 brz-wrapper\">\n<div class=\"brz-spacer brz-css-304z58\"><\/div>\n<\/div>\n<div id=\"\" class=\"brz-css-15rtp83 brz-wrapper\">\n<div class=\"brz-rich-text brz-rich-text__custom brz-css-utq1f0\" data-brz-custom-id=\"kXZKfPr9RRER\">\n<div data-brz-translate-text=\"1\">\n<h2 class=\"brz-text-lg-center brz-tp-lg-heading2 brz-css-tgHS2\" data-generated-css=\"brz-css-cZm2X\" data-uniq-id=\"iesYr\"><span class=\"brz-cp-color2\" style=\"color: rgba(var(--brz-global-color2),1);\">Permanent make-up<\/span><\/h2>\n<\/div>\n<\/div>\n<\/div>\n<div id=\"\" class=\"brz-css-15rtp83 brz-css-1fl5jd7 brz-wrapper\">\n<div class=\"brz-spacer brz-css-304z58 brz-css-vprg1w\"><\/div>\n<\/div>\n<div class=\"brz-wrapper-clone brz-css-1esgwri\">\n<div class=\"brz-d-xs-flex brz-flex-xs-wrap brz-css-12n2oq6\" data-brz-custom-id=\"\">\n<div class=\"brz-wrapper-clone__item\" id=\"swyETLz6bYv4\"><a class=\"brz-a brz-btn brz-css-fosfvy brz-css-rktiui brz-css-ao5w0h brz-css-1ne0qv\" href=\"\/en\/{{placeholder content='e3ticml6eV9kY19wZXJtYWxpbmsgcG9zdF9pZD0iMzYzMSJ9fQ=='}}\/\" target=\"_self\" rel=\"noopener\" data-brz-link-type=\"page\" data-brz-custom-id=\"swyETLz6bYv4\"><span data-brz-translate-text=\"1\" class=\"brz-span brz-text__editor\">List of training courses<\/span><\/a><\/div>\n<\/div>\n<\/div>\n<div id=\"\" class=\"brz-css-15rtp83 brz-css-1fl5jd7 brz-wrapper\">\n<div class=\"brz-spacer brz-css-304z58 brz-css-1jxr8sw\"><\/div>\n<\/div>\n<\/div>\n<\/div>\n<\/div>\n<\/div>\n<\/div>\n<\/div>\n<\/section>\n<p>{{ brizy_dc_global_blocks position='bottom' }}<\/p><\/div>\n<p>    <!-- version:1738243904 --><\/p>","protected":false},"excerpt":{"rendered":"<p>Training list {{ brizy_dc_global_blocks position='top' }} Aesthetic medicine Training list Permanent makeup Training list {{ brizy_dc_global_blocks position='bottom' }}<\/p>","protected":false},"author":1,"featured_media":0,"parent":0,"menu_order":0,"comment_status":"closed","ping_status":"closed","template":"","meta":{"_acf_changed":false,"footnotes":""},"kategoria-szkolen":[],"class_list":["post-8","page","type-page","status-publish","hentry"],"blocksy_meta":[],"acf":[],"yoast_head":"<!-- This site is optimized with the Yoast SEO plugin v24.4 - https:\/\/yoast.com\/wordpress\/plugins\/seo\/ -->\n<title>Szkolenia z medycyny estetycznej - Akademia Beauty Zoom<\/title>\n<meta name=\"description\" content=\"Szkolenia Beauty pod okiem profesjonalist\u00f3w z wieloletnim do\u015bwiadczeniem w bran\u017cy zdobytym w Polsce oraz za granic\u0105.\" \/>\n<meta name=\"robots\" content=\"index, follow, max-snippet:-1, max-image-preview:large, max-video-preview:-1\" \/>\n<link rel=\"canonical\" href=\"https:\/\/akademiabeautyzoom.pl\/en\/training\/\" \/>\n<meta property=\"og:locale\" content=\"en_GB\" \/>\n<meta property=\"og:type\" content=\"article\" \/>\n<meta property=\"og:title\" content=\"Szkolenia z medycyny estetycznej - Akademia Beauty Zoom\" \/>\n<meta property=\"og:description\" content=\"Szkolenia Beauty pod okiem profesjonalist\u00f3w z wieloletnim do\u015bwiadczeniem w bran\u017cy zdobytym w Polsce oraz za granic\u0105.\" \/>\n<meta property=\"og:url\" content=\"https:\/\/akademiabeautyzoom.pl\/en\/training\/\" \/>\n<meta property=\"og:site_name\" content=\"Akademia Beauty Zoom\" \/>\n<meta property=\"article:publisher\" content=\"https:\/\/www.facebook.com\/akademiabeautyzoom\" \/>\n<meta property=\"article:modified_time\" content=\"2025-01-30T13:31:44+00:00\" \/>\n<meta property=\"og:image\" content=\"https:\/\/akademiabeautyzoom.pl\/wp-content\/uploads\/2025\/02\/domyslny-ogimage.png\" \/>\n\t<meta property=\"og:image:width\" content=\"1200\" \/>\n\t<meta property=\"og:image:height\" content=\"675\" \/>\n\t<meta property=\"og:image:type\" content=\"image\/png\" \/>\n<meta name=\"twitter:card\" content=\"summary_large_image\" \/>\n<meta name=\"twitter:label1\" content=\"Estimated reading time\" \/>\n\t<meta name=\"twitter:data1\" content=\"1 minute\" \/>\n<script type=\"application\/ld+json\" class=\"yoast-schema-graph\">{\"@context\":\"https:\/\/schema.org\",\"@graph\":[{\"@type\":\"WebPage\",\"@id\":\"https:\/\/akademiabeautyzoom.pl\/szkolenia\/\",\"url\":\"https:\/\/akademiabeautyzoom.pl\/szkolenia\/\",\"name\":\"Szkolenia z medycyny estetycznej - Akademia Beauty Zoom\",\"isPartOf\":{\"@id\":\"https:\/\/akademiabeautyzoom.pl\/#website\"},\"datePublished\":\"2024-11-20T07:32:58+00:00\",\"dateModified\":\"2025-01-30T13:31:44+00:00\",\"description\":\"Szkolenia Beauty pod okiem profesjonalist\u00f3w z wieloletnim do\u015bwiadczeniem w bran\u017cy zdobytym w Polsce oraz za granic\u0105.\",\"breadcrumb\":{\"@id\":\"https:\/\/akademiabeautyzoom.pl\/szkolenia\/#breadcrumb\"},\"inLanguage\":\"en-GB\",\"potentialAction\":[{\"@type\":\"ReadAction\",\"target\":[\"https:\/\/akademiabeautyzoom.pl\/szkolenia\/\"]}]},{\"@type\":\"BreadcrumbList\",\"@id\":\"https:\/\/akademiabeautyzoom.pl\/szkolenia\/#breadcrumb\",\"itemListElement\":[{\"@type\":\"ListItem\",\"position\":1,\"name\":\"Strona g\u0142\u00f3wna\",\"item\":\"https:\/\/akademiabeautyzoom.pl\/\"},{\"@type\":\"ListItem\",\"position\":2,\"name\":\"Szkolenia\"}]},{\"@type\":\"WebSite\",\"@id\":\"https:\/\/akademiabeautyzoom.pl\/#website\",\"url\":\"https:\/\/akademiabeautyzoom.pl\/\",\"name\":\"Akademia Beauty Zoom\",\"description\":\"\",\"publisher\":{\"@id\":\"https:\/\/akademiabeautyzoom.pl\/#organization\"},\"potentialAction\":[{\"@type\":\"SearchAction\",\"target\":{\"@type\":\"EntryPoint\",\"urlTemplate\":\"https:\/\/akademiabeautyzoom.pl\/?s={search_term_string}\"},\"query-input\":{\"@type\":\"PropertyValueSpecification\",\"valueRequired\":true,\"valueName\":\"search_term_string\"}}],\"inLanguage\":\"en-GB\"},{\"@type\":\"Organization\",\"@id\":\"https:\/\/akademiabeautyzoom.pl\/#organization\",\"name\":\"Akademia Beauty Zoom\",\"url\":\"https:\/\/akademiabeautyzoom.pl\/\",\"logo\":{\"@type\":\"ImageObject\",\"inLanguage\":\"en-GB\",\"@id\":\"https:\/\/akademiabeautyzoom.pl\/#\/schema\/logo\/image\/\",\"url\":\"https:\/\/akademiabeautyzoom.pl\/wp-content\/uploads\/2025\/01\/Kopia-Akademia-3-e1737558650801.png\",\"contentUrl\":\"https:\/\/akademiabeautyzoom.pl\/wp-content\/uploads\/2025\/01\/Kopia-Akademia-3-e1737558650801.png\",\"width\":1438,\"height\":460,\"caption\":\"Akademia Beauty Zoom\"},\"image\":{\"@id\":\"https:\/\/akademiabeautyzoom.pl\/#\/schema\/logo\/image\/\"},\"sameAs\":[\"https:\/\/www.facebook.com\/akademiabeautyzoom\",\"https:\/\/www.tiktok.com\/@akademia.beauty.z?_t=8s7wGY0dpaA&_r=1\",\"https:\/\/www.instagram.com\/akademiabeautyzoom?igsh=YjllaG1uZ2thcXo3&utm_source=qr\"]}]}<\/script>\n<!-- \/ Yoast SEO plugin. -->","yoast_head_json":{"title":"Szkolenia z medycyny estetycznej - Akademia Beauty Zoom","description":"Szkolenia Beauty pod okiem profesjonalist\u00f3w z wieloletnim do\u015bwiadczeniem w bran\u017cy zdobytym w Polsce oraz za granic\u0105.","robots":{"index":"index","follow":"follow","max-snippet":"max-snippet:-1","max-image-preview":"max-image-preview:large","max-video-preview":"max-video-preview:-1"},"canonical":"https:\/\/akademiabeautyzoom.pl\/en\/training\/","og_locale":"en_GB","og_type":"article","og_title":"Szkolenia z medycyny estetycznej - Akademia Beauty Zoom","og_description":"Szkolenia Beauty pod okiem profesjonalist\u00f3w z wieloletnim do\u015bwiadczeniem w bran\u017cy zdobytym w Polsce oraz za granic\u0105.","og_url":"https:\/\/akademiabeautyzoom.pl\/en\/training\/","og_site_name":"Akademia Beauty Zoom","article_publisher":"https:\/\/www.facebook.com\/akademiabeautyzoom","article_modified_time":"2025-01-30T13:31:44+00:00","og_image":[{"width":1200,"height":675,"url":"https:\/\/akademiabeautyzoom.pl\/wp-content\/uploads\/2025\/02\/domyslny-ogimage.png","type":"image\/png"}],"twitter_card":"summary_large_image","twitter_misc":{"Estimated reading time":"1 minute"},"schema":{"@context":"https:\/\/schema.org","@graph":[{"@type":"WebPage","@id":"https:\/\/akademiabeautyzoom.pl\/szkolenia\/","url":"https:\/\/akademiabeautyzoom.pl\/szkolenia\/","name":"Szkolenia z medycyny estetycznej - Akademia Beauty Zoom","isPartOf":{"@id":"https:\/\/akademiabeautyzoom.pl\/#website"},"datePublished":"2024-11-20T07:32:58+00:00","dateModified":"2025-01-30T13:31:44+00:00","description":"Szkolenia Beauty pod okiem profesjonalist\u00f3w z wieloletnim do\u015bwiadczeniem w bran\u017cy zdobytym w Polsce oraz za granic\u0105.","breadcrumb":{"@id":"https:\/\/akademiabeautyzoom.pl\/szkolenia\/#breadcrumb"},"inLanguage":"en-GB","potentialAction":[{"@type":"ReadAction","target":["https:\/\/akademiabeautyzoom.pl\/szkolenia\/"]}]},{"@type":"BreadcrumbList","@id":"https:\/\/akademiabeautyzoom.pl\/szkolenia\/#breadcrumb","itemListElement":[{"@type":"ListItem","position":1,"name":"Strona g\u0142\u00f3wna","item":"https:\/\/akademiabeautyzoom.pl\/"},{"@type":"ListItem","position":2,"name":"Szkolenia"}]},{"@type":"WebSite","@id":"https:\/\/akademiabeautyzoom.pl\/#website","url":"https:\/\/akademiabeautyzoom.pl\/","name":"Akademia Beauty Zoom","description":"","publisher":{"@id":"https:\/\/akademiabeautyzoom.pl\/#organization"},"potentialAction":[{"@type":"SearchAction","target":{"@type":"EntryPoint","urlTemplate":"https:\/\/akademiabeautyzoom.pl\/?s={search_term_string}"},"query-input":{"@type":"PropertyValueSpecification","valueRequired":true,"valueName":"search_term_string"}}],"inLanguage":"en-GB"},{"@type":"Organization","@id":"https:\/\/akademiabeautyzoom.pl\/#organization","name":"Akademia Beauty Zoom","url":"https:\/\/akademiabeautyzoom.pl\/","logo":{"@type":"ImageObject","inLanguage":"en-GB","@id":"https:\/\/akademiabeautyzoom.pl\/#\/schema\/logo\/image\/","url":"https:\/\/akademiabeautyzoom.pl\/wp-content\/uploads\/2025\/01\/Kopia-Akademia-3-e1737558650801.png","contentUrl":"https:\/\/akademiabeautyzoom.pl\/wp-content\/uploads\/2025\/01\/Kopia-Akademia-3-e1737558650801.png","width":1438,"height":460,"caption":"Akademia Beauty Zoom"},"image":{"@id":"https:\/\/akademiabeautyzoom.pl\/#\/schema\/logo\/image\/"},"sameAs":["https:\/\/www.facebook.com\/akademiabeautyzoom","https:\/\/www.tiktok.com\/@akademia.beauty.z?_t=8s7wGY0dpaA&_r=1","https:\/\/www.instagram.com\/akademiabeautyzoom?igsh=YjllaG1uZ2thcXo3&utm_source=qr"]}]}},"_links":{"self":[{"href":"https:\/\/akademiabeautyzoom.pl\/en\/wp-json\/wp\/v2\/pages\/8","targetHints":{"allow":["GET"]}}],"collection":[{"href":"https:\/\/akademiabeautyzoom.pl\/en\/wp-json\/wp\/v2\/pages"}],"about":[{"href":"https:\/\/akademiabeautyzoom.pl\/en\/wp-json\/wp\/v2\/types\/page"}],"author":[{"embeddable":true,"href":"https:\/\/akademiabeautyzoom.pl\/en\/wp-json\/wp\/v2\/users\/1"}],"replies":[{"embeddable":true,"href":"https:\/\/akademiabeautyzoom.pl\/en\/wp-json\/wp\/v2\/comments?post=8"}],"version-history":[{"count":0,"href":"https:\/\/akademiabeautyzoom.pl\/en\/wp-json\/wp\/v2\/pages\/8\/revisions"}],"wp:attachment":[{"href":"https:\/\/akademiabeautyzoom.pl\/en\/wp-json\/wp\/v2\/media?parent=8"}],"wp:term":[{"taxonomy":"kategoria-szkolen","embeddable":true,"href":"https:\/\/akademiabeautyzoom.pl\/en\/wp-json\/wp\/v2\/kategoria-szkolen?post=8"}],"curies":[{"name":"wp","href":"https:\/\/api.w.org\/{rel}","templated":true}]}}