{"id":3631,"date":"2025-01-30T11:52:17","date_gmt":"2025-01-30T10:52:17","guid":{"rendered":"https:\/\/akademiabeautyzoom.vizu.pl\/?page_id=3631"},"modified":"2025-01-30T21:28:01","modified_gmt":"2025-01-30T20:28:01","slug":"makijaz-permanentny","status":"publish","type":"page","link":"https:\/\/akademiabeautyzoom.pl\/ru\/\u043e\u0431\u0443\u0447\u0435\u043d\u0438\u0435\/\u043f\u0435\u0440\u043c\u0430\u043d\u0435\u043d\u0442\u043d\u044b\u0439-\u043c\u0430\u043a\u0438\u044f\u0436\/","title":{"rendered":"\u041f\u0435\u0440\u043c\u0430\u043d\u0435\u043d\u0442\u043d\u044b\u0439 \u043c\u0430\u043a\u0438\u044f\u0436"},"content":{"rendered":"<div class=\"brz-root__container brz-reset-all brz brz-root__container-page\">{{ brizy_dc_global_blocks position='top' }}<\/p>\n<section id=\"{{placeholder content='e3sgcmFuZG9tX2lkIH19' key='fGiRxNRi4K90'}}_fGiRxNRi4K90\" class=\"brz-section brz-css-qh5a21\">\n<div class=\"brz-section__content brz-section--boxed brz-css-1xg2wwq brz-css-kc31r4\" data-brz-custom-id=\"mmv2dcWeI78A\">\n<div class=\"brz-container brz-css-1e59f4d\">\n<div id=\"\" class=\"brz-css-10cb4tf brz-wrapper\">\n<div class=\"brz-rich-text brz-rich-text__custom brz-css-19gp9cw\" data-brz-custom-id=\"weCJ0teca3m1\">\n<div data-brz-translate-text=\"1\">\n<h2 class=\"brz-tp-lg-heading2 brz-css-dD9Uf\" data-generated-css=\"brz-css-hOAhD\" data-uniq-id=\"rVAaM\"><span class=\"brz-cp-color2\" style=\"color: rgba(var(--brz-global-color2),1);\">\u041f\u0435\u0440\u043c\u0430\u043d\u0435\u043d\u0442\u043d\u044b\u0439 \u043c\u0430\u043a\u0438\u044f\u0436<\/span><\/h2>\n<\/div>\n<\/div>\n<\/div>\n<div class=\"brz-row__container brz-css-1or7osj\" data-brz-custom-id=\"oqu0OYRRPKV9\">\n<div class=\"brz-bg\"><\/div>\n<div class=\"brz-row brz-css-bo7uqg brz-css-1qifa27\">\n<div class=\"brz-columns brz-css-ic3xmx brz-css-10ap3ly\" data-brz-custom-id=\"eKvMl4S2YW7_\">\n<div class=\"brz-bg\"><\/div>\n<div class=\"brz-column__items brz-css-79mmq0 brz-css-p8tsi0\">\n<div id=\"\" class=\"brz-css-10cb4tf brz-css-1x6qnv8 brz-css-1krw4om brz-wrapper\">\n<div class=\"brz-posts brz-css-1xqr9p brz-css-6b6k39\" data-brz-custom-id=\"kaEirdXP9gqn\">\n<div class=\"brz-posts__wrapper\">{{placeholder content='e3ticml6eV9kY19wb3N0X2xvb3B9fQ==' query='post_status=publish&amp;post_type=page&amp;posts_per_page=12&amp;ignore_sticky_posts=1&amp;tax_query[0][0][taxonomy]=category-szkolen&amp;tax_query[0][0][field]=term_id&amp;tax_query[0][0][terms]=13&amp;tax_query[0][relation]=OR&amp;orderby=date&amp;order=ASC\u2019}}<\/p>\n<div class=\"brz-posts__item\">\n<div class=\"brz-columns brz-css-ic3xmx brz-css-f26881 brz-css-81wzs9\" data-brz-custom-id=\"xS9MpqKprAHI\">\n<div class=\"brz-bg\"><\/div>\n<div class=\"brz-column__items brz-css-79mmq0 brz-css-1555waf\">\n<div class=\"brz-row__container brz-css-1or7osj\" data-brz-custom-id=\"wVaV3squQ6EI\">\n<div class=\"brz-bg\"><\/div>\n<div class=\"brz-row brz-row--inner brz-css-bo7uqg brz-css-1qifa27\">\n<div class=\"brz-columns brz-css-ic3xmx brz-css-1jrugo5\" data-brz-custom-id=\"ndLaepXAANcb\">\n<div class=\"brz-bg\"><\/div>\n<div class=\"brz-column__items brz-css-79mmq0 brz-css-18suee\">\n<div class=\"brz-wrapper-clone brz-css-1dbr2wu\">\n<div class=\"brz-d-xs-flex brz-flex-xs-wrap brz-css-gjbese brz-css-mx00g3\" data-brz-custom-id=\"\">\n<div class=\"brz-wrapper-clone__item\" id=\"lmInW5Oil8e8\">\n<div class=\"brz-icon__container\" data-brz-custom-id=\"lmInW5Oil8e8\"><span class=\"brz-icon brz-span brz-css-s01mts brz-css-obokjl\"><svg class=\"brz-icon-svg align-[initial]\"><use href=\"\/wp-content\/plugins\/brizy\/public\/editor-build\/prod\/editor\/icons\/glyph\/double-right.svg#nc_icon\"><\/use><\/svg><\/span><\/div>\n<\/div>\n<\/div>\n<\/div>\n<\/div>\n<\/div>\n<div class=\"brz-columns brz-css-ic3xmx brz-css-ygjxf6\" data-brz-custom-id=\"xxtbz8zwpPKY\">\n<div class=\"brz-bg\"><\/div>\n<div class=\"brz-column__items brz-css-79mmq0 brz-css-tb45or\">\n<div id=\"\" class=\"brz-css-10cb4tf brz-wrapper\">\n<div class=\"brz-wp-title brz-css-gylpv brz-css-1pua3pl brz-css-1ys9xds\" data-brz-custom-id=\"y43LIyPLb4_s\"><a class=\"brz-a\" href=\"\/ru\/{{placeholder content='e3ticml6eV9kY191cmxfcG9zdH19' entityType='page'}}\/\" target=\"_self\" rel=\"noopener\" data-brz-link-type=\"external\"><span class=\"brz-wp-title-content\" style=\"min-height:20px\">{{placeholder content='e3ticml6eV9kY19wb3N0X3RpdGxlfX0='}}}<\/span><\/a><\/div>\n<\/div>\n<\/div>\n<\/div>\n<\/div>\n<\/div>\n<\/div>\n<\/div>\n<\/div>\n<p>{{placeholder content='e3tlbmRfYnJpenlfZGNfcG9zdF9sb29wfX0='}}.<\/p><\/div>\n<\/div>\n<\/div>\n<\/div>\n<\/div>\n<div class=\"brz-columns brz-css-ic3xmx brz-css-1abggqu\" data-brz-custom-id=\"ftzF5bbdN5X4\">\n<div class=\"brz-bg\"><\/div>\n<div class=\"brz-column__items brz-css-79mmq0\"><\/div>\n<\/div>\n<\/div>\n<\/div>\n<\/div>\n<\/div>\n<\/section>\n<section id=\"{{placeholder content='e3sgcmFuZG9tX2lkIH19' key='s_ZFMuiX1crv'}}_s_ZFMuiX1crv\" class=\"brz-section brz-css-qh5a21\">\n<div class=\"brz-section__content brz-section--boxed brz-css-1xg2wwq brz-css-1b5zoo5\" data-brz-custom-id=\"lFoUjuRYtPbn\">\n<div class=\"brz-bg\">\n<div class=\"brz-bg-color\"><\/div>\n<\/div>\n<div class=\"brz-container brz-css-1e59f4d\">\n<div class=\"brz-row__container brz-css-1or7osj\" data-brz-custom-id=\"nhvFWn9rf9CG\">\n<div class=\"brz-bg\"><\/div>\n<div class=\"brz-row brz-css-bo7uqg brz-css-1qifa27\">\n<div class=\"brz-columns brz-css-ic3xmx brz-css-gxbn88\" data-brz-custom-id=\"b7OQHf6MDFhk\">\n<div class=\"brz-bg\"><\/div>\n<div class=\"brz-column__items brz-css-79mmq0 brz-css-1nhwai2\">\n<div id=\"\" class=\"brz-css-10cb4tf brz-wrapper\">\n<div class=\"brz-rich-text brz-rich-text__custom brz-css-19gp9cw\" data-brz-custom-id=\"zkkVsSvRC07W\">\n<div data-brz-translate-text=\"1\">\n<h2 class=\"brz-tp-lg-heading2 brz-css-m9wPF\" data-uniq-id=\"whyPF\" data-generated-css=\"brz-css-zFKs5\"><span style=\"color: rgba(var(--brz-global-color6),1);\" class=\"brz-cp-color6\">\u0421\u0432\u044f\u0436\u0438\u0442\u0435\u0441\u044c \u0441 \u043d\u0430\u043c\u0438!<\/span><\/h2>\n<\/div>\n<\/div>\n<\/div>\n<div id=\"\" class=\"brz-css-10cb4tf brz-wrapper\">\n<div class=\"brz-rich-text brz-rich-text__custom brz-css-19gp9cw\" data-brz-custom-id=\"oLJnA3jvwy0y\">\n<div data-brz-translate-text=\"1\">\n<p class=\"brz-tp-lg-subtitle brz-css-ytUmN\" data-generated-css=\"brz-css-gbftp\" data-uniq-id=\"yvEbC\"><span class=\"brz-cp-color8\" style=\"color: rgba(var(--brz-global-color8),1);\">\u041d\u0443\u0436\u043d\u0430 \u0434\u043e\u043f\u043e\u043b\u043d\u0438\u0442\u0435\u043b\u044c\u043d\u0430\u044f \u0438\u043d\u0444\u043e\u0440\u043c\u0430\u0446\u0438\u044f. \u0421\u0432\u044f\u0436\u0438\u0442\u0435\u0441\u044c \u0441 \u043d\u0430\u043c\u0438. <\/span><\/p>\n<\/div>\n<\/div>\n<\/div>\n<\/div>\n<\/div>\n<div class=\"brz-columns brz-css-ic3xmx brz-css-s0z0d4\" data-brz-custom-id=\"ebnXXABZoWQY\">\n<div class=\"brz-bg\"><\/div>\n<div class=\"brz-column__items brz-css-79mmq0 brz-css-1j0q4nx\">\n<div class=\"brz-wrapper-clone brz-css-1dbr2wu brz-css-nwtph1\">\n<div class=\"brz-d-xs-flex brz-flex-xs-wrap brz-css-gjbese brz-css-1dpmky9\" data-brz-custom-id=\"\">\n<div class=\"brz-wrapper-clone__item\" id=\"cdrYPbZOVewr\">\n<div class=\"brz-icon__container\" data-brz-custom-id=\"cdrYPbZOVewr\"><a class=\"brz-a\" href=\"https:\/\/www.facebook.com\/share\/17z9RugY6i\/?mibextid=LQQJ4d\" target=\"_blank\" rel=\"noopener\" data-brz-link-type=\"external\"><span class=\"brz-icon brz-span brz-css-s01mts brz-css-53gd5i\"><svg class=\"brz-icon-svg align-[initial]\"><use href=\"\/wp-content\/plugins\/brizy\/public\/editor-build\/prod\/editor\/icons\/glyph\/logo-fb-simple.svg#nc_icon\"><\/use><\/svg><\/span><\/a><\/div>\n<\/div>\n<div class=\"brz-wrapper-clone__item\" id=\"uhmN0L104ZKw\">\n<div class=\"brz-icon__container\" data-brz-custom-id=\"uhmN0L104ZKw\"><a class=\"brz-a\" href=\"https:\/\/www.instagram.com\/akademiabeautyzoom?igsh=YjllaG1uZ2thcXo3&amp;utm_source=qr\" target=\"_blank\" rel=\"noopener\" data-brz-link-type=\"external\"><span class=\"brz-icon brz-span brz-css-s01mts brz-css-1xak0lo\"><svg class=\"brz-icon-svg align-[initial]\"><use href=\"\/wp-content\/plugins\/brizy\/public\/editor-build\/prod\/editor\/icons\/glyph\/logo-instagram.svg#nc_icon\"><\/use><\/svg><\/span><\/a><\/div>\n<\/div>\n<div class=\"brz-wrapper-clone__item\" id=\"bhLo6WLVaoVl\">\n<div class=\"brz-icon__container\" data-brz-custom-id=\"bhLo6WLVaoVl\"><a class=\"brz-a\" href=\"https:\/\/www.tiktok.com\/@akademia.beauty.z?_t=8s7wGY0dpaA&amp;_r=1\" target=\"_blank\" rel=\"noopener\" data-brz-link-type=\"external\"><span class=\"brz-icon brz-span brz-css-s01mts brz-css-46bncz\"><svg class=\"brz-icon-svg align-[initial]\"><use href=\"\/wp-content\/plugins\/brizy\/public\/editor-build\/prod\/editor\/icons\/fa\/tiktok.svg#fa_icon\"><\/use><\/svg><\/span><\/a><\/div>\n<\/div>\n<\/div>\n<\/div>\n<div id=\"\" class=\"brz-css-10cb4tf brz-css-kex5tp brz-css-7lu92t brz-wrapper\">\n<div class=\"brz-spacer brz-css-183ga6 brz-css-vbprm8\"><\/div>\n<\/div>\n<div id=\"\" class=\"brz-css-10cb4tf brz-css-1hdbrfp brz-wrapper\">\n<div class=\"brz-line brz-line-default brz-css-qz6r7v brz-css-z62j2q\" data-brz-custom-id=\"yt7W3PfskkEH\">\n<hr class=\"brz-hr\"><\/div>\n<\/div>\n<\/div>\n<\/div>\n<\/div>\n<\/div>\n<div id=\"\" class=\"brz-css-10cb4tf brz-css-kex5tp brz-wrapper\">\n<div class=\"brz-spacer brz-css-183ga6 brz-css-3g9yqq\"><\/div>\n<\/div>\n<div class=\"brz-row__container brz-css-1or7osj\" data-brz-custom-id=\"gvtjthoUzf96\">\n<div class=\"brz-bg\"><\/div>\n<div class=\"brz-row brz-css-bo7uqg brz-css-1qifa27\">\n<div class=\"brz-columns brz-css-ic3xmx brz-css-6aa5c0\" data-brz-custom-id=\"mnIrrzyzo5zQ\">\n<div class=\"brz-column__items brz-css-79mmq0 brz-css-65x3uu\">\n<div id=\"\" class=\"brz-css-10cb4tf brz-css-189lk5h brz-wrapper\">\n<div class=\"brz-rich-text brz-rich-text__custom brz-css-19gp9cw\" data-brz-custom-id=\"cV8SOJ9PMgss\">\n<div data-brz-translate-text=\"1\">\n<p class=\"brz-tp-lg-abovetitle brz-css-pX4N7\" data-uniq-id=\"qWWbr\" data-generated-css=\"brz-css-aMIds\"><span class=\"brz-cp-color8\" style=\"color: rgba(var(--brz-global-color8),1);\">\u0410\u0434\u0440\u0435\u0441:<\/span><\/p>\n<\/div>\n<\/div>\n<\/div>\n<div id=\"\" class=\"brz-css-10cb4tf brz-css-10v8o9s brz-wrapper\">\n<div class=\"brz-rich-text brz-rich-text__custom brz-css-19gp9cw\" data-brz-custom-id=\"g46fsquNHEry\">\n<div data-brz-translate-text=\"1\">\n<p class=\"brz-tp-lg-paragraph brz-css-xLl8X\" data-generated-css=\"brz-css-lUTwm\" data-uniq-id=\"kXQ4C\"><span class=\"brz-cp-color8\" style=\"color: rgba(var(--brz-global-color8),1);\">\u0410\u043a\u0430\u0434\u0435\u043c\u0438\u044f \u043a\u0440\u0430\u0441\u043e\u0442\u044b Zoom <\/span><\/p>\n<p class=\"brz-tp-lg-paragraph brz-css-bpWcp\" data-generated-css=\"brz-css-kDbTy\" data-uniq-id=\"jgrLZ\"><span class=\"brz-cp-color8\" style=\"color: rgba(var(--brz-global-color8),1);\">80\/82 \u0413\u0436\u0438\u0431\u043e\u0432\u0441\u043a\u0430\u044f \u0443\u043b.<\/span><\/p>\n<p class=\"brz-tp-lg-paragraph brz-css-vf8sB\" data-generated-css=\"brz-css-lxe_3\" data-uniq-id=\"rbDDF\"><span class=\"brz-cp-color8\" style=\"color: rgba(var(--brz-global-color8),1);\">00-844 \u0412\u0430\u0440\u0448\u0430\u0432\u0430<\/span><\/p>\n<\/div>\n<\/div>\n<\/div>\n<\/div>\n<\/div>\n<div class=\"brz-columns brz-css-ic3xmx brz-css-1lm1dug\" data-brz-custom-id=\"lzspAABAKifc\">\n<div class=\"brz-column__items brz-css-79mmq0 brz-css-powfsv\">\n<div id=\"\" class=\"brz-css-10cb4tf brz-css-l0q9ca brz-wrapper\">\n<div class=\"brz-rich-text brz-rich-text__custom brz-css-19gp9cw\" data-brz-custom-id=\"polyROppZApW\">\n<div data-brz-translate-text=\"1\">\n<p data-generated-css=\"brz-css-a8zG9\" data-uniq-id=\"aIf5N\" class=\"brz-tp-lg-abovetitle brz-css-rkeA1\"><span style=\"color: rgba(var(--brz-global-color8),1);\" class=\"brz-cp-color8\">\u0423\u0447\u0435\u0431\u043d\u044b\u0439 \u043e\u0442\u0434\u0435\u043b: <\/span><\/p>\n<\/div>\n<\/div>\n<\/div>\n<div id=\"\" class=\"brz-css-10cb4tf brz-wrapper\">\n<div class=\"brz-rich-text brz-rich-text__custom brz-css-19gp9cw\" data-brz-custom-id=\"kWNHylBI5vpf\">\n<div data-brz-translate-text=\"1\">\n<p class=\"brz-tp-lg-paragraph brz-css-ot41B\" data-generated-css=\"brz-css-qSo9R\" data-uniq-id=\"l2Rih\"><a class=\"brz-cp-color8 link--external\" style=\"color: rgba(var(--brz-global-color8),1);\" href=\"\/ru\/\u0442\u0435\u043b: 48662664 933\/\" data-brz-link-type=\"external\">\u0442\u0435\u043b: +48 662 664 933  <\/a><\/p>\n<\/div>\n<\/div>\n<\/div>\n<\/div>\n<\/div>\n<div class=\"brz-columns brz-css-ic3xmx brz-css-ogiosb\" data-brz-custom-id=\"nMahpR1C3uaD\">\n<div class=\"brz-column__items brz-css-79mmq0 brz-css-840zhr\">\n<div id=\"\" class=\"brz-css-10cb4tf brz-css-dw5sul brz-wrapper\">\n<div class=\"brz-rich-text brz-rich-text__custom brz-css-19gp9cw\" data-brz-custom-id=\"qWckgJIiPEA9\">\n<div data-brz-translate-text=\"1\">\n<p class=\"brz-tp-lg-abovetitle brz-css-iMKuM\" data-generated-css=\"brz-css-uI96K\" data-uniq-id=\"dvfsM\"><span class=\"brz-cp-color8\" style=\"color: rgba(var(--brz-global-color8),1);\">\u0424\u0438\u043d\u0430\u043d\u0441\u0438\u0440\u0443\u044e\u0449\u0438\u0439 \u043e\u0442\u0434\u0435\u043b:<\/span><\/p>\n<\/div>\n<\/div>\n<\/div>\n<div id=\"\" class=\"brz-css-10cb4tf brz-css-wh1tbs brz-wrapper\">\n<div class=\"brz-rich-text brz-rich-text__custom brz-css-19gp9cw\" data-brz-custom-id=\"b4FGKMz6gPfN\">\n<div data-brz-translate-text=\"1\">\n<p class=\"brz-tp-lg-paragraph brz-css-vf7xl\" data-generated-css=\"brz-css-jSL34\" data-uniq-id=\"flvAL\"><a class=\"brz-cp-color8 link--external\" style=\"color: rgba(var(--brz-global-color8),1);\" href=\"\/ru\/\u0442\u0435\u043b: 48508 789 899\/\" data-brz-link-type=\"external\">\u0442\u0435\u043b: +48 508 789 899<\/a><\/p>\n<p class=\"brz-tp-lg-paragraph brz-css-rf_KE\" data-generated-css=\"brz-css-uZlxy\" data-uniq-id=\"tgoX8\"><a class=\"brz-cp-color8 link--external\" style=\"color: rgba(var(--brz-global-color8),1);\" href=\"mailto:akademiabeautyzoom@gmail.co\" data-brz-link-type=\"external\">e-mail: akademiabeautyzoom@gmail.com<\/a><\/p>\n<\/div>\n<\/div>\n<\/div>\n<\/div>\n<\/div>\n<\/div>\n<\/div>\n<\/div>\n<\/div>\n<\/section>\n<p>{{ brizy_dc_global_blocks position='bottom' }}<\/p><\/div>\n<p>    <!-- version:1738268881 --><\/p>","protected":false},"excerpt":{"rendered":"<p>{{ brizy_dc_global_blocks position='top' }} \u041f\u0435\u0440\u043c\u0430\u043d\u0435\u043d\u0442\u043d\u044b\u0439 \u043c\u0430\u043a\u0438\u044f\u0436 {{placeholder content='e3ticml6eV9kY19wb3N0X2xvb3B9fQ==' query='post_status=publish&amp;post_type=page&amp;posts_per_page=12&amp;ignore_sticky_posts=1&amp;tax_query[0][0][taxonomy]=category-'.szkolen&amp;tax_query[0][0][field]=term_id&amp;tax_query[0][0][terms]=13&amp;tax_query[0][relation]=OR&amp;orderby=date&amp;order=ASC\u2019}} {{placeholder content='e3ticml6eV9kY19wb3N0X3RpdGxlfX0='}}} {{placeholder content='e3tlbmRfYnJpenlfZGNfcG9zdF9sb29wfX0='}}} \u0421\u0432\u044f\u0436\u0438\u0442\u0435\u0441\u044c \u0441 \u043d\u0430\u043c\u0438! \u041d\u0443\u0436\u043d\u0430 \u0434\u043e\u043f\u043e\u043b\u043d\u0438\u0442\u0435\u043b\u044c\u043d\u0430\u044f \u0438\u043d\u0444\u043e\u0440\u043c\u0430\u0446\u0438\u044f. \u0421\u0432\u044f\u0436\u0438\u0442\u0435\u0441\u044c \u0441 \u043d\u0430\u043c\u0438. \u0410\u0434\u0440\u0435\u0441: \u0410\u043a\u0430\u0434\u0435\u043c\u0438\u044f Beauty Zoom \u0443\u043b. \u0413\u0436\u0438\u0431\u043e\u0432\u0441\u043a\u0430\u044f 80\/82 00-844 \u0412\u0430\u0440\u0448\u0430\u0432\u0430 \u0423\u0447\u0435\u0431\u043d\u044b\u0439 \u043e\u0442\u0434\u0435\u043b: \u0442\u0435\u043b: +48 662 664 933 \u041e\u0442\u0434\u0435\u043b \u0444\u0438\u043d\u0430\u043d\u0441\u0438\u0440\u043e\u0432\u0430\u043d\u0438\u044f: \u0442\u0435\u043b: +48 508 789 899 \u043f\u043e\u0447\u0442\u0430: akademiabeautyzoom@gmail.com {{ brizy_dc_global_blocks position='bottom' }}<\/p>","protected":false},"author":1,"featured_media":0,"parent":8,"menu_order":0,"comment_status":"closed","ping_status":"closed","template":"","meta":{"_acf_changed":false,"footnotes":""},"kategoria-szkolen":[],"class_list":["post-3631","page","type-page","status-publish","hentry"],"blocksy_meta":[],"acf":[],"yoast_head":"<!-- This site is optimized with the Yoast SEO plugin v24.4 - https:\/\/yoast.com\/wordpress\/plugins\/seo\/ -->\n<title>Makija\u017c permanentny - Akademia Beauty Zoom<\/title>\n<meta name=\"robots\" content=\"index, follow, max-snippet:-1, max-image-preview:large, max-video-preview:-1\" \/>\n<link rel=\"canonical\" href=\"https:\/\/akademiabeautyzoom.pl\/ru\/\u043e\u0431\u0443\u0447\u0435\u043d\u0438\u0435\/\u043f\u0435\u0440\u043c\u0430\u043d\u0435\u043d\u0442\u043d\u044b\u0439-\u043c\u0430\u043a\u0438\u044f\u0436\/\" \/>\n<meta property=\"og:locale\" content=\"ru_RU\" \/>\n<meta property=\"og:type\" content=\"article\" \/>\n<meta property=\"og:title\" content=\"Makija\u017c permanentny - Akademia Beauty Zoom\" \/>\n<meta property=\"og:description\" content=\"{{ brizy_dc_global_blocks position=&#8217;top&#8217; }} Makija\u017c permanetny {{placeholder content=&#8217;e3ticml6eV9kY19wb3N0X2xvb3B9fQ==&#8217; query=&#8217;post_status=publish&amp;post_type=page&amp;posts_per_page=12&amp;ignore_sticky_posts=1&amp;tax_query[0][0][taxonomy]=kategoria-szkolen&amp;tax_query[0][0][field]=term_id&amp;tax_query[0][0][terms]=13&amp;tax_query[0][relation]=OR&amp;orderby=date&amp;order=ASC&#8217;}} {{placeholder content=&#8217;e3ticml6eV9kY19wb3N0X3RpdGxlfX0=&#8217;}} {{placeholder content=&#8217;e3tlbmRfYnJpenlfZGNfcG9zdF9sb29wfX0=&#8217;}} Skontaktuj si\u0119 z nami! Potrzebujesz wi\u0119cej informacji. Skontaktuj si\u0119 z nami. Adres: Akademia Beauty Zoom ul. Grzybowska 80\/82 00-844 Warszawa Dzia\u0142 szkole\u0144: tel: +48 662 664 933 Dzia\u0142 dofinansowa\u0144: tel: +48 508 789 899 mail: akademiabeautyzoom@gmail.com {{ brizy_dc_global_blocks position=&#8217;bottom&#8217; }}\" \/>\n<meta property=\"og:url\" content=\"https:\/\/akademiabeautyzoom.pl\/ru\/\u043e\u0431\u0443\u0447\u0435\u043d\u0438\u0435\/\u043f\u0435\u0440\u043c\u0430\u043d\u0435\u043d\u0442\u043d\u044b\u0439-\u043c\u0430\u043a\u0438\u044f\u0436\/\" \/>\n<meta property=\"og:site_name\" content=\"Akademia Beauty Zoom\" \/>\n<meta property=\"article:publisher\" content=\"https:\/\/www.facebook.com\/akademiabeautyzoom\" \/>\n<meta property=\"article:modified_time\" content=\"2025-01-30T20:28:01+00:00\" \/>\n<meta property=\"og:image\" content=\"https:\/\/akademiabeautyzoom.pl\/wp-content\/uploads\/2025\/02\/domyslny-ogimage.png\" \/>\n\t<meta property=\"og:image:width\" content=\"1200\" \/>\n\t<meta property=\"og:image:height\" content=\"675\" \/>\n\t<meta property=\"og:image:type\" content=\"image\/png\" \/>\n<meta name=\"twitter:card\" content=\"summary_large_image\" \/>\n<script type=\"application\/ld+json\" class=\"yoast-schema-graph\">{\"@context\":\"https:\/\/schema.org\",\"@graph\":[{\"@type\":\"WebPage\",\"@id\":\"https:\/\/akademiabeautyzoom.pl\/szkolenia\/makijaz-permanentny\/\",\"url\":\"https:\/\/akademiabeautyzoom.pl\/szkolenia\/makijaz-permanentny\/\",\"name\":\"Makija\u017c permanentny - Akademia Beauty Zoom\",\"isPartOf\":{\"@id\":\"https:\/\/akademiabeautyzoom.pl\/#website\"},\"datePublished\":\"2025-01-30T10:52:17+00:00\",\"dateModified\":\"2025-01-30T20:28:01+00:00\",\"breadcrumb\":{\"@id\":\"https:\/\/akademiabeautyzoom.pl\/szkolenia\/makijaz-permanentny\/#breadcrumb\"},\"inLanguage\":\"ru-RU\",\"potentialAction\":[{\"@type\":\"ReadAction\",\"target\":[\"https:\/\/akademiabeautyzoom.pl\/szkolenia\/makijaz-permanentny\/\"]}]},{\"@type\":\"BreadcrumbList\",\"@id\":\"https:\/\/akademiabeautyzoom.pl\/szkolenia\/makijaz-permanentny\/#breadcrumb\",\"itemListElement\":[{\"@type\":\"ListItem\",\"position\":1,\"name\":\"Strona g\u0142\u00f3wna\",\"item\":\"https:\/\/akademiabeautyzoom.pl\/\"},{\"@type\":\"ListItem\",\"position\":2,\"name\":\"Szkolenia\",\"item\":\"https:\/\/akademiabeautyzoom.pl\/szkolenia\/\"},{\"@type\":\"ListItem\",\"position\":3,\"name\":\"Makija\u017c permanentny\"}]},{\"@type\":\"WebSite\",\"@id\":\"https:\/\/akademiabeautyzoom.pl\/#website\",\"url\":\"https:\/\/akademiabeautyzoom.pl\/\",\"name\":\"Akademia Beauty Zoom\",\"description\":\"\",\"publisher\":{\"@id\":\"https:\/\/akademiabeautyzoom.pl\/#organization\"},\"potentialAction\":[{\"@type\":\"SearchAction\",\"target\":{\"@type\":\"EntryPoint\",\"urlTemplate\":\"https:\/\/akademiabeautyzoom.pl\/?s={search_term_string}\"},\"query-input\":{\"@type\":\"PropertyValueSpecification\",\"valueRequired\":true,\"valueName\":\"search_term_string\"}}],\"inLanguage\":\"ru-RU\"},{\"@type\":\"Organization\",\"@id\":\"https:\/\/akademiabeautyzoom.pl\/#organization\",\"name\":\"Akademia Beauty Zoom\",\"url\":\"https:\/\/akademiabeautyzoom.pl\/\",\"logo\":{\"@type\":\"ImageObject\",\"inLanguage\":\"ru-RU\",\"@id\":\"https:\/\/akademiabeautyzoom.pl\/#\/schema\/logo\/image\/\",\"url\":\"https:\/\/akademiabeautyzoom.pl\/wp-content\/uploads\/2025\/01\/Kopia-Akademia-3-e1737558650801.png\",\"contentUrl\":\"https:\/\/akademiabeautyzoom.pl\/wp-content\/uploads\/2025\/01\/Kopia-Akademia-3-e1737558650801.png\",\"width\":1438,\"height\":460,\"caption\":\"Akademia Beauty Zoom\"},\"image\":{\"@id\":\"https:\/\/akademiabeautyzoom.pl\/#\/schema\/logo\/image\/\"},\"sameAs\":[\"https:\/\/www.facebook.com\/akademiabeautyzoom\",\"https:\/\/www.tiktok.com\/@akademia.beauty.z?_t=8s7wGY0dpaA&_r=1\",\"https:\/\/www.instagram.com\/akademiabeautyzoom?igsh=YjllaG1uZ2thcXo3&utm_source=qr\"]}]}<\/script>\n<!-- \/ Yoast SEO plugin. -->","yoast_head_json":{"title":"Makija\u017c permanentny - Akademia Beauty Zoom","robots":{"index":"index","follow":"follow","max-snippet":"max-snippet:-1","max-image-preview":"max-image-preview:large","max-video-preview":"max-video-preview:-1"},"canonical":"https:\/\/akademiabeautyzoom.pl\/ru\/\u043e\u0431\u0443\u0447\u0435\u043d\u0438\u0435\/\u043f\u0435\u0440\u043c\u0430\u043d\u0435\u043d\u0442\u043d\u044b\u0439-\u043c\u0430\u043a\u0438\u044f\u0436\/","og_locale":"ru_RU","og_type":"article","og_title":"Makija\u017c permanentny - Akademia Beauty Zoom","og_description":"{{ brizy_dc_global_blocks position=&#8217;top&#8217; }} Makija\u017c permanetny {{placeholder content=&#8217;e3ticml6eV9kY19wb3N0X2xvb3B9fQ==&#8217; query=&#8217;post_status=publish&amp;post_type=page&amp;posts_per_page=12&amp;ignore_sticky_posts=1&amp;tax_query[0][0][taxonomy]=kategoria-szkolen&amp;tax_query[0][0][field]=term_id&amp;tax_query[0][0][terms]=13&amp;tax_query[0][relation]=OR&amp;orderby=date&amp;order=ASC&#8217;}} {{placeholder content=&#8217;e3ticml6eV9kY19wb3N0X3RpdGxlfX0=&#8217;}} {{placeholder content=&#8217;e3tlbmRfYnJpenlfZGNfcG9zdF9sb29wfX0=&#8217;}} Skontaktuj si\u0119 z nami! Potrzebujesz wi\u0119cej informacji. Skontaktuj si\u0119 z nami. Adres: Akademia Beauty Zoom ul. Grzybowska 80\/82 00-844 Warszawa Dzia\u0142 szkole\u0144: tel: +48 662 664 933 Dzia\u0142 dofinansowa\u0144: tel: +48 508 789 899 mail: akademiabeautyzoom@gmail.com {{ brizy_dc_global_blocks position=&#8217;bottom&#8217; }}","og_url":"https:\/\/akademiabeautyzoom.pl\/ru\/\u043e\u0431\u0443\u0447\u0435\u043d\u0438\u0435\/\u043f\u0435\u0440\u043c\u0430\u043d\u0435\u043d\u0442\u043d\u044b\u0439-\u043c\u0430\u043a\u0438\u044f\u0436\/","og_site_name":"Akademia Beauty Zoom","article_publisher":"https:\/\/www.facebook.com\/akademiabeautyzoom","article_modified_time":"2025-01-30T20:28:01+00:00","og_image":[{"width":1200,"height":675,"url":"https:\/\/akademiabeautyzoom.pl\/wp-content\/uploads\/2025\/02\/domyslny-ogimage.png","type":"image\/png"}],"twitter_card":"summary_large_image","schema":{"@context":"https:\/\/schema.org","@graph":[{"@type":"WebPage","@id":"https:\/\/akademiabeautyzoom.pl\/szkolenia\/makijaz-permanentny\/","url":"https:\/\/akademiabeautyzoom.pl\/szkolenia\/makijaz-permanentny\/","name":"Makija\u017c permanentny - Akademia Beauty Zoom","isPartOf":{"@id":"https:\/\/akademiabeautyzoom.pl\/#website"},"datePublished":"2025-01-30T10:52:17+00:00","dateModified":"2025-01-30T20:28:01+00:00","breadcrumb":{"@id":"https:\/\/akademiabeautyzoom.pl\/szkolenia\/makijaz-permanentny\/#breadcrumb"},"inLanguage":"ru-RU","potentialAction":[{"@type":"ReadAction","target":["https:\/\/akademiabeautyzoom.pl\/szkolenia\/makijaz-permanentny\/"]}]},{"@type":"BreadcrumbList","@id":"https:\/\/akademiabeautyzoom.pl\/szkolenia\/makijaz-permanentny\/#breadcrumb","itemListElement":[{"@type":"ListItem","position":1,"name":"Strona g\u0142\u00f3wna","item":"https:\/\/akademiabeautyzoom.pl\/"},{"@type":"ListItem","position":2,"name":"Szkolenia","item":"https:\/\/akademiabeautyzoom.pl\/szkolenia\/"},{"@type":"ListItem","position":3,"name":"Makija\u017c permanentny"}]},{"@type":"WebSite","@id":"https:\/\/akademiabeautyzoom.pl\/#website","url":"https:\/\/akademiabeautyzoom.pl\/","name":"Akademia Beauty Zoom","description":"","publisher":{"@id":"https:\/\/akademiabeautyzoom.pl\/#organization"},"potentialAction":[{"@type":"SearchAction","target":{"@type":"EntryPoint","urlTemplate":"https:\/\/akademiabeautyzoom.pl\/?s={search_term_string}"},"query-input":{"@type":"PropertyValueSpecification","valueRequired":true,"valueName":"search_term_string"}}],"inLanguage":"ru-RU"},{"@type":"Organization","@id":"https:\/\/akademiabeautyzoom.pl\/#organization","name":"Akademia Beauty Zoom","url":"https:\/\/akademiabeautyzoom.pl\/","logo":{"@type":"ImageObject","inLanguage":"ru-RU","@id":"https:\/\/akademiabeautyzoom.pl\/#\/schema\/logo\/image\/","url":"https:\/\/akademiabeautyzoom.pl\/wp-content\/uploads\/2025\/01\/Kopia-Akademia-3-e1737558650801.png","contentUrl":"https:\/\/akademiabeautyzoom.pl\/wp-content\/uploads\/2025\/01\/Kopia-Akademia-3-e1737558650801.png","width":1438,"height":460,"caption":"Akademia Beauty Zoom"},"image":{"@id":"https:\/\/akademiabeautyzoom.pl\/#\/schema\/logo\/image\/"},"sameAs":["https:\/\/www.facebook.com\/akademiabeautyzoom","https:\/\/www.tiktok.com\/@akademia.beauty.z?_t=8s7wGY0dpaA&_r=1","https:\/\/www.instagram.com\/akademiabeautyzoom?igsh=YjllaG1uZ2thcXo3&utm_source=qr"]}]}},"_links":{"self":[{"href":"https:\/\/akademiabeautyzoom.pl\/ru\/wp-json\/wp\/v2\/pages\/3631","targetHints":{"allow":["GET"]}}],"collection":[{"href":"https:\/\/akademiabeautyzoom.pl\/ru\/wp-json\/wp\/v2\/pages"}],"about":[{"href":"https:\/\/akademiabeautyzoom.pl\/ru\/wp-json\/wp\/v2\/types\/page"}],"author":[{"embeddable":true,"href":"https:\/\/akademiabeautyzoom.pl\/ru\/wp-json\/wp\/v2\/users\/1"}],"replies":[{"embeddable":true,"href":"https:\/\/akademiabeautyzoom.pl\/ru\/wp-json\/wp\/v2\/comments?post=3631"}],"version-history":[{"count":0,"href":"https:\/\/akademiabeautyzoom.pl\/ru\/wp-json\/wp\/v2\/pages\/3631\/revisions"}],"up":[{"embeddable":true,"href":"https:\/\/akademiabeautyzoom.pl\/ru\/wp-json\/wp\/v2\/pages\/8"}],"wp:attachment":[{"href":"https:\/\/akademiabeautyzoom.pl\/ru\/wp-json\/wp\/v2\/media?parent=3631"}],"wp:term":[{"taxonomy":"kategoria-szkolen","embeddable":true,"href":"https:\/\/akademiabeautyzoom.pl\/ru\/wp-json\/wp\/v2\/kategoria-szkolen?post=3631"}],"curies":[{"name":"wp","href":"https:\/\/api.w.org\/{rel}","templated":true}]}}